


{"id":390,"date":"2016-08-17T17:30:35","date_gmt":"2016-08-17T15:30:35","guid":{"rendered":"http:\/\/www.lrf.fr\/?page_id=390"},"modified":"2019-06-05T09:56:05","modified_gmt":"2019-06-05T07:56:05","slug":"declarations-taxes-fourniture-de-produits-energetiques","status":"publish","type":"page","link":"https:\/\/www.lrf.fr\/fr\/services\/declarations-des-taxes-sur-la-fourniture-de-produits-energetiques\/","title":{"rendered":"Declarations des taxes sur la fourniture de produits \u00e9nerg\u00e9tiques"},"content":{"rendered":"<p><meta name=\"description\" content=\"D\u00e9claration des taxes sur les jeux et paris en ligne. Vous \u00eates un op\u00e9rateur de jeux d\u2019argent et de hasard en ligne et souhaitez proposer des offres de jeux aux consommateurs fran\u00e7ais?\"\/><\/p>\n<p style=\"text-align: center;\">                    <\/div>\r\n            \r\n        <section class=\"gravity-section\" style=\"height:autopx;\">\r\n                                <div class=\"gravity-section-background\"  style=\"background-color: #FFFFFF;\">\r\n                    <\/div>\r\n            \r\n    <div class=\"gravity-section-content\"><p style=\"text-align: center;\"><img loading=\"lazy\" decoding=\"async\" class=\"aligncenter wp-image-127\" src=\"http:\/\/www.lrf.fr\/wp-content\/uploads\/2016\/08\/Declatation-taxes-fourniture-prod-energetique_Serv-300x108.jpg\" width=\"1200\" height=\"433\" \/><\/p>\n<p style=\"text-align: center;\">\n<\/div>\n                            \r\n        <\/section><!-- .gravity-section -->\r\n                    <div class=\"container\">\r\n                \r\n    \n<h4 style=\"text-align: center;\"><\/h4>\n<h4 style=\"text-align: center;\">Vous fournissez du gaz \u00e0 des consommateurs finaux en France<\/h4>\n<p>&nbsp;<\/p>\n<h4>QUE POUVONS <span style=\"color: #800000;\">NOUS FAIRE POUR VOUS ?<\/span><\/h4>\n<p>Nous assumons<strong>\u00a0<\/strong>le r\u00f4le de<strong><span style=\"color: #800000;\"> REPRESENTANT FISCAL ACCREDITE<\/span><\/strong> pour les fournisseurs de gaz n\u2019ayant pas leur domicile ou le si\u00e8ge de leur soci\u00e9t\u00e9 en France.<\/p>\n<p><span style=\"color: #800000;\"><span style=\"color: #333333;\">Nous <span style=\"color: #800000;\"><strong>DEMANDONS UN<\/strong><\/span><\/span><b><span style=\"color: #800000;\">\u00a0<\/span>NUMERO SIRET<\/b><\/span>\u00a0pour votre compte.<\/p>\n<p><strong><span style=\"color: #850911;\">NOUS VOUS ENREGISTRONS<\/span><\/strong>\u00a0<span style=\"color: #800000;\"><strong>AUPRES DES DOUANES<\/strong><\/span> pour le paiement de la TICGN.<\/p>\n<p><strong><span style=\"color: #850911;\">NOUS VOUS ENREGISTRONS<\/span><\/strong>\u00a0<strong><span style=\"color: #800000;\">AUPRES DE LA CNIEG<\/span><\/strong> pour le paiement de la CTA.<\/p>\n<p>Plus d\u2019informations sur le site de la CNIEG\u00a0:<span style=\"color: #ffffff;\"> <a style=\"color: #ffffff;\" href=\"http:\/\/www.cnieg.fr\"><span style=\"color: #800000;\">www.cnieg.fr<\/span><\/a><\/span><\/p>\n<p><strong><span style=\"color: #850911;\">NOUS \u00c9TABLISSONS<\/span><\/strong> et soumettons <strong><span style=\"color: #800000;\">VOS DECLARATIONS DE TAXES<\/span> <\/strong>:<\/p>\n<ul>\n<li>Taxe Int\u00e9rieure de Consommation sur le Gaz Naturel (TICGN),<\/li>\n<li>Contribution Tarifaire sur les Prestations de Transport et de Distribution d\u2019Electricit\u00e9 et de Gaz Naturel (CTA),<\/li>\n<\/ul>\n<p>Nous pr\u00e9parons les <span style=\"color: #800000;\"><strong>REPONSES AUX DEMANDES D&rsquo;INFORMATION DES AUTORITES FISCALES<\/strong><\/span>, nous sommes pr\u00e9sents lors des contr\u00f4les fiscaux, assurons la liaison avec les avocats \u00e0 l&rsquo;occasion de litiges fiscaux, etc&#8230;<\/p>\n<p>Nous assurons une <span style=\"color: #800000;\"><strong>VEILLE REGLEMENTAIRE<\/strong><\/span> et analysons les incidences des changements de r\u00e9glementation sur vos obligations d\u00e9claratives.<\/p>\n<p><strong><span style=\"color: #850911;\">NOUS\u00a0VOUS ASSISTONS\u00a0<\/span><\/strong>pour toute demande de conseil ou service administratif.<\/p>\n<p>&nbsp;<\/p>\n<p style=\"text-align: center;\"><a href=\"\/vos-activites\/fourniture-de-gaz-france\/\" class=\"btn btn-theme btn-small\">En savoir plus<\/a>\n<p>&gt;<\/p>\n<p style=\"text-align: center; margin-top: 50px;\"><strong>N\u2019h\u00e9sitez pas \u00e0 nous contacter pour toute assistance ou toute question\u00a0!<\/strong><\/p>\n<p style=\"text-align: center; margin-bottom: 50px;\"><a href=\"\/contact\/\" class=\"btn btn-theme btn-small\">Contactez-nous<\/a>\n<p style=\"text-align: center;\"><div style=\"height: 40px\"><\/div>\n                    <\/div>\r\n            \r\n        <section class=\"gravity-section\" style=\"height:autopx;\">\r\n                                <div class=\"gravity-section-background\"  style=\"background-color: #dd9933;\">\r\n                    <\/div>\r\n            \r\n    <div class=\"gravity-section-content\"><div class=\"google-map\" data-lat=\"48.8802626\" data-lng=\"2.2773509\" data-zoom=\"15\" data-title=\"localisation\" data-height=\"300\" data-color=\"\" data-saturation=\"-100\"><\/div>\n<\/div>\n                            \r\n        <\/section><!-- .gravity-section -->\r\n                    <div class=\"container\">\r\n                \r\n    <\/p>","protected":false},"excerpt":{"rendered":"<p>Vous fournissez du gaz \u00e0 des consommateurs finaux en France &nbsp; QUE POUVONS NOUS FAIRE POUR VOUS ? Nous assumons\u00a0le r\u00f4le de REPRESENTANT FISCAL ACCREDITE pour les fournisseurs de gaz n\u2019ayant pas leur domicile ou le si\u00e8ge de leur soci\u00e9t\u00e9 en France. Nous DEMANDONS UN\u00a0NUMERO SIRET\u00a0pour votre compte. NOUS VOUS ENREGISTRONS\u00a0AUPRES DES DOUANES pour le [&hellip;]<\/p>\n","protected":false},"author":1,"featured_media":0,"parent":12,"menu_order":0,"comment_status":"closed","ping_status":"closed","template":"","meta":{"footnotes":""},"class_list":["post-390","page","type-page","status-publish","hentry"],"_links":{"self":[{"href":"https:\/\/www.lrf.fr\/fr\/wp-json\/wp\/v2\/pages\/390","targetHints":{"allow":["GET"]}}],"collection":[{"href":"https:\/\/www.lrf.fr\/fr\/wp-json\/wp\/v2\/pages"}],"about":[{"href":"https:\/\/www.lrf.fr\/fr\/wp-json\/wp\/v2\/types\/page"}],"author":[{"embeddable":true,"href":"https:\/\/www.lrf.fr\/fr\/wp-json\/wp\/v2\/users\/1"}],"replies":[{"embeddable":true,"href":"https:\/\/www.lrf.fr\/fr\/wp-json\/wp\/v2\/comments?post=390"}],"version-history":[{"count":36,"href":"https:\/\/www.lrf.fr\/fr\/wp-json\/wp\/v2\/pages\/390\/revisions"}],"predecessor-version":[{"id":2755,"href":"https:\/\/www.lrf.fr\/fr\/wp-json\/wp\/v2\/pages\/390\/revisions\/2755"}],"up":[{"embeddable":true,"href":"https:\/\/www.lrf.fr\/fr\/wp-json\/wp\/v2\/pages\/12"}],"wp:attachment":[{"href":"https:\/\/www.lrf.fr\/fr\/wp-json\/wp\/v2\/media?parent=390"}],"curies":[{"name":"wp","href":"https:\/\/api.w.org\/{rel}","templated":true}]}}