


{"id":386,"date":"2016-08-17T17:27:36","date_gmt":"2016-08-17T15:27:36","guid":{"rendered":"http:\/\/www.lrf.fr\/?page_id=386"},"modified":"2019-06-05T10:02:41","modified_gmt":"2019-06-05T08:02:41","slug":"reclamation-contentieux-administratif-matiere-de-tva","status":"publish","type":"page","link":"https:\/\/www.lrf.fr\/fr\/services\/reclamation-et-contentieux-administratif-en-matiere-de-tva\/","title":{"rendered":"R\u00e9clamation et contentieux administratif en mati\u00e8re de TVA"},"content":{"rendered":"<p><meta name=\"description\" content=\"R\u00e9clamation et contentieux administratif en mati\u00e8re de tva. Que pouvons nous faire pour vous?\"\/><\/p>\n<p style=\"text-align: center;\">                    <\/div>\r\n            \r\n        <section class=\"gravity-section\" style=\"height:autopx;\">\r\n                                <div class=\"gravity-section-background\"  style=\"background-color: #FFFFFF;\">\r\n                    <\/div>\r\n            \r\n    <div class=\"gravity-section-content\"><p style=\"text-align: center;\"><img decoding=\"async\" loading=\"lazy\" class=\"aligncenter wp-image-131\" src=\"http:\/\/www.lrf.fr\/wp-content\/uploads\/2016\/08\/Reclamation-et-contentieux-admin-en-matiere-de-TVA_Serv.jpg\" alt=\"Reclamation et contentieux admin en matiere de TVA_Serv\" width=\"1200\" height=\"433\" srcset=\"https:\/\/www.lrf.fr\/wp-content\/uploads\/2016\/08\/Reclamation-et-contentieux-admin-en-matiere-de-TVA_Serv.jpg 1029w, https:\/\/www.lrf.fr\/wp-content\/uploads\/2016\/08\/Reclamation-et-contentieux-admin-en-matiere-de-TVA_Serv-300x108.jpg 300w, https:\/\/www.lrf.fr\/wp-content\/uploads\/2016\/08\/Reclamation-et-contentieux-admin-en-matiere-de-TVA_Serv-768x277.jpg 768w\" sizes=\"(max-width: 1200px) 100vw, 1200px\" \/><\/p>\n<p style=\"text-align: center;\">\n<\/div>\n                            \r\n        <\/section><!-- .gravity-section -->\r\n                    <div class=\"container\">\r\n                \r\n    \n<h4 style=\"text-align: left;\"><\/h4>\n<h4 style=\"text-align: left;\">R\u00e9clamation et contentieux en mati\u00e8re de TVA,<span style=\"color: #333333;\"> douanes et accises<\/span><\/h4>\n<p>En cas de rejet d\u2019une demande de remboursement de TVA ou en cas de mise en recouvrement d\u2019un suppl\u00e9ment de TVA ou de droits de douanes ou d\u2019accises \u00e0 l\u2019issue d\u2019un contr\u00f4le, il est possible d\u2019introduire une r\u00e9clamation pour contester la position des services fiscaux ou douanier et pr\u00e9senter ses arguments sur une question de droit ou de faits justifiant la r\u00e9duction de la charge fiscale.\u00a0 Nous vous y aidons.<\/p>\n<p>La d\u00e9cision des services fiscaux ou douaniers sur la r\u00e9clamation peut encore faire l\u2019objet d\u2019un recours devant les juridictions administratives (TVA) ou judiciaires (Douane, accises) selon le cas.<\/p>\n<p>&nbsp;<\/p>\n<h4>QUE POUVONS\u00a0<span style=\"color: #800000;\">NOUS FAIRE POUR VOUS ?<\/span><\/h4>\n<p>&nbsp;<\/p>\n<p>Au stade de la proc\u00e9dure administrative, nous vous accompagnons en nous effor\u00e7ant d\u2019\u00e9tablir les bases d\u2019un bon dialogue avec les services fiscaux ou douaniers afin de maximiser les chances de faire reconna\u00eetre vos droits et d\u2019obtenir gain de cause.<\/p>\n<p>En cas de contentieux devant les tribunaux nous pouvons assurer la coordination avec vos avocats ou les avocats sp\u00e9cialis\u00e9s avec lesquels nous avons l\u2019habitude de travailler, au mieux de vos int\u00e9r\u00eats.<\/p>\n<p>&nbsp;<\/p>\n<p style=\"text-align: center;\"><strong>N\u2019h\u00e9sitez pas \u00e0 nous contacter pour toute assistance ou toute question\u00a0!<\/strong><\/p>\n<p style=\"text-align: center;\"><a href=\"\/contact\/\" class=\"btn btn-theme btn-small\">Contactez-nous<\/a>\n<p>&nbsp;<\/p>\n<p>&nbsp;<\/p>\n<p style=\"text-align: center;\"><div style=\"height: 40px\"><\/div>\n                    <\/div>\r\n            \r\n        <section class=\"gravity-section\" style=\"height:autopx;\">\r\n                                <div class=\"gravity-section-background\"  style=\"background-color: #dd9933;\">\r\n                    <\/div>\r\n            \r\n    <div class=\"gravity-section-content\"><div class=\"google-map\" data-lat=\"48.8802626\" data-lng=\"2.2773509\" data-zoom=\"15\" data-title=\"localisation\" data-height=\"300\" data-color=\"\" data-saturation=\"-100\"><\/div>\n<\/div>\n                            \r\n        <\/section><!-- .gravity-section -->\r\n                    <div class=\"container\">\r\n                \r\n    <\/p>","protected":false},"excerpt":{"rendered":"<p>R\u00e9clamation et contentieux en mati\u00e8re de TVA, douanes et accises En cas de rejet d\u2019une demande de remboursement de TVA ou en cas de mise en recouvrement d\u2019un suppl\u00e9ment de TVA ou de droits de douanes ou d\u2019accises \u00e0 l\u2019issue d\u2019un contr\u00f4le, il est possible d\u2019introduire une r\u00e9clamation pour contester la position des services fiscaux [&hellip;]<\/p>\n","protected":false},"author":1,"featured_media":0,"parent":12,"menu_order":0,"comment_status":"closed","ping_status":"closed","template":"","meta":[],"_links":{"self":[{"href":"https:\/\/www.lrf.fr\/fr\/wp-json\/wp\/v2\/pages\/386"}],"collection":[{"href":"https:\/\/www.lrf.fr\/fr\/wp-json\/wp\/v2\/pages"}],"about":[{"href":"https:\/\/www.lrf.fr\/fr\/wp-json\/wp\/v2\/types\/page"}],"author":[{"embeddable":true,"href":"https:\/\/www.lrf.fr\/fr\/wp-json\/wp\/v2\/users\/1"}],"replies":[{"embeddable":true,"href":"https:\/\/www.lrf.fr\/fr\/wp-json\/wp\/v2\/comments?post=386"}],"version-history":[{"count":19,"href":"https:\/\/www.lrf.fr\/fr\/wp-json\/wp\/v2\/pages\/386\/revisions"}],"predecessor-version":[{"id":2757,"href":"https:\/\/www.lrf.fr\/fr\/wp-json\/wp\/v2\/pages\/386\/revisions\/2757"}],"up":[{"embeddable":true,"href":"https:\/\/www.lrf.fr\/fr\/wp-json\/wp\/v2\/pages\/12"}],"wp:attachment":[{"href":"https:\/\/www.lrf.fr\/fr\/wp-json\/wp\/v2\/media?parent=386"}],"curies":[{"name":"wp","href":"https:\/\/api.w.org\/{rel}","templated":true}]}}