


{"id":382,"date":"2016-08-17T17:25:51","date_gmt":"2016-08-17T15:25:51","guid":{"rendered":"http:\/\/www.lrf.fr\/?page_id=382"},"modified":"2022-01-19T15:53:10","modified_gmt":"2022-01-19T14:53:10","slug":"demandes-de-remboursement-de-tva","status":"publish","type":"page","link":"https:\/\/www.lrf.fr\/fr\/services\/demandes-de-remboursement-de-tva\/","title":{"rendered":"Demandes de remboursement de TVA"},"content":{"rendered":"<p>&nbsp;<\/p>\n<p style=\"text-align: left;\">                    <\/div>\r\n            \r\n        <section class=\"gravity-section\" style=\"height:autopx;\">\r\n                                <div class=\"gravity-section-background\"  style=\"background-color: #FFFFFF;\">\r\n                    <\/div>\r\n            \r\n    <div class=\"gravity-section-content\"><p style=\"text-align: left;\"><img loading=\"lazy\" decoding=\"async\" class=\"aligncenter wp-image-128\" src=\"http:\/\/www.lrf.fr\/wp-content\/uploads\/2016\/08\/Demande-de-remboursement.jpg\" alt=\"Demande de remboursement\" width=\"1200\" height=\"433\" srcset=\"https:\/\/www.lrf.fr\/wp-content\/uploads\/2016\/08\/Demande-de-remboursement.jpg 1029w, https:\/\/www.lrf.fr\/wp-content\/uploads\/2016\/08\/Demande-de-remboursement-300x108.jpg 300w, https:\/\/www.lrf.fr\/wp-content\/uploads\/2016\/08\/Demande-de-remboursement-768x277.jpg 768w\" sizes=\"auto, (max-width: 1200px) 100vw, 1200px\" \/><\/p>\n<p style=\"text-align: left;\">\n<\/div>\n                            \r\n        <\/section><!-- .gravity-section -->\r\n                    <div class=\"container\">\r\n                \r\n    \n<h4 style=\"text-align: left;\"><\/h4>\n<h4 style=\"text-align: left;\">comment pouvez-vous obtenIr\u00a0<span style=\"color: #800000;\">un remboursement de la tva ?<\/span><\/h4>\n<p>Quel que soit le lieu de son si\u00e8ge social ou \u00e9tablissement, votre entreprise a g\u00e9n\u00e9ralement le droit d\u2019obtenir le remboursement de la TVA sur ses d\u00e9penses sous r\u00e9serve des r\u00e8gles ordinaires de d\u00e9duction de la TVA pr\u00e9vues dans l&rsquo;\u00c9tat membre de l&rsquo;Union europ\u00e9enne o\u00f9 les d\u00e9penses sont engag\u00e9es.<\/p>\n<p>La TVA peut \u00eatre r\u00e9cup\u00e9r\u00e9e sous certaines conditions selon deux proc\u00e9dures diff\u00e9rentes :<\/p>\n<ul>\n<li><strong>Si votre entreprise doit \u00eatre immatricul\u00e9e \u00e0 la TVA en France<\/strong>, les demandes de remboursement de TVA sont faites avec les d\u00e9clarations de TVA. Les d\u00e9clarations de TVA et les demandes de remboursement de la TVA peuvent \u00eatre soumises chaque mois.\u00a0Le d\u00e9lai pour obtenir le remboursement par les autorit\u00e9s fiscales fran\u00e7aises est d&rsquo;environ 4 mois pour la premi\u00e8re demande et environ 2 mois pour les demandes suivantes.<\/li>\n<\/ul>\n<ul>\n<li><strong>Si votre entreprise n&rsquo;a pas besoin d&rsquo;\u00eatre immatricul\u00e9e \u00e0 la TVA en France<\/strong>, les demandes de remboursement de la TVA sont effectu\u00e9es comme suit selon qu&rsquo;elle est \u00e9tablie au sein ou en dehors de l&rsquo;UE :<\/li>\n<\/ul>\n<p style=\"padding-left: 30px;\"><strong>&#8211; Si elle est \u00e9tablie dans l&rsquo;UE<\/strong>, par l&rsquo;interm\u00e9diaire d&rsquo;une proc\u00e9dure \u00e9lectronique de remboursement de la TVA utilis\u00e9e par tous les \u00c9tats membres (directive 2008\/9 \/ CE).\u00a0Les demandes de remboursement de TVA peuvent \u00eatre soumises par votre entreprise ou par un mandataire sur le portail national des autorit\u00e9s fiscales de l\u2019Etat membre o\u00f9 elle est \u00e9tablie, au plus tard le 30 septembre de l&rsquo;ann\u00e9e civile suivant la date de facturation ou le paiement de la TVA, selon le cas.<\/p>\n<p style=\"padding-left: 30px;\"><strong>&#8211; Si elle est \u00e9tablie en dehors de l&rsquo;UE<\/strong>, par l&rsquo;interm\u00e9diaire d&rsquo;un repr\u00e9sentant fiscal \u00e9tabli en France, qui soumet la demande de remboursement de la TVA \u00e0 son nom dans le cadre de la 13<sup>e<\/sup> directive de la TVA 86\/560\/CE, au plus tard le 30 Juin de l&rsquo;ann\u00e9e civile suivant la date de la facture ou du paiement de la TVA, selon le cas.<\/p>\n<p>Les autorit\u00e9s fiscales fran\u00e7aises ne requi\u00e8rent pas de condition de r\u00e9ciprocit\u00e9 de sorte qu&rsquo;une entreprise \u00e9trang\u00e8re peut pr\u00e9senter une demande de remboursement de la TVA en France quel que soit le pays tiers o\u00f9 elle est \u00e9tablie.<\/p>\n<h4 style=\"margin-top: 50px;\">sur quEl type\u00a0<span style=\"color: #800000;\">de d\u00e9pensEs la tva est-elle r\u00e9cup\u00e9rable ?<\/span><\/h4>\n<ul>\n<li>Participation \u00e0 des \u00e9v\u00e9nements, des conf\u00e9rences, des expositions situ\u00e9es en France et d\u00e9penses connexes telles que la location du stand, restaurants \u00e0 des fins professionnelles, etc.<\/li>\n<li>Les achats nationaux de marchandises en France lorsqu\u2019il n\u2019y a pas de possibilit\u00e9 d&rsquo;obtenir un num\u00e9ro de TVA local, car il n&rsquo;y a pas de livraison en France ou parce que le r\u00e9gime de l&rsquo;auto-liquidation s\u2019applique sur les livraisons subs\u00e9quentes,<\/li>\n<li>Les d\u00e9penses engag\u00e9es aux fins d&rsquo;un bureau de liaison: Location de locaux professionnels, \u00e9lectricit\u00e9, t\u00e9l\u00e9phone, bureau &#8230;<\/li>\n<\/ul>\n<h4 style=\"margin-top: 50px;\"><span style=\"color: #800000;\">Quels documents sont requis<\/span> pour la pr\u00e9sentation <span style=\"color: #333333;\">d&rsquo;une demande de remboursement de la TVA ?<\/span><\/h4>\n<p>(si votre entreprise ne doit pas \u00eatre immatricul\u00e9e \u00e0 la TVA en France)<\/p>\n<h6><span style=\"color: #333333;\"><strong>Pour les entreprises \u00e9tablies dans l&rsquo;UE :<\/strong><\/span><\/h6>\n<ul>\n<li>Factures num\u00e9ris\u00e9es (lorsque le montant net est sup\u00e9rieur \u00e0 1 000 \u20ac et 250 \u20ac pour les frais de carburant).<\/li>\n<\/ul>\n<h6><span style=\"color: #333333;\"><strong>Pour les entreprises \u00e9tablies en dehors de l&rsquo;UE :<\/strong><\/span><\/h6>\n<ul>\n<li>Certificat de constitution r\u00e9cente ou extrait du registre de commerce (formulaire 6166 pour les entreprises am\u00e9ricaines),<\/li>\n<li>Factures num\u00e9ris\u00e9es (lorsque le montant net est sup\u00e9rieur \u00e0 1 000 \u20ac et 250 \u20ac pour les frais de carburant),<\/li>\n<li>Procuration d\u00e9signant le repr\u00e9sentant fiscal.<\/li>\n<\/ul>\n<h4 style=\"margin-top: 50px;\"><span style=\"color: #800000;\">Combien de demandes par an<\/span> peuvent \u00eatre soumises ?<\/h4>\n<p><span style=\"color: #808080;\">(si votre entreprise ne doit pas \u00eatre immatricul\u00e9e \u00e0 la TVA en France)<\/span><\/p>\n<p>Cinq demandes par ann\u00e9e peuvent \u00eatre soumises : une demande par trimestre et une demande annuelle suppl\u00e9mentaire.<\/p>\n<h4 style=\"margin-top: 50px;\"><span style=\"color: #800000;\">Quel est le d\u00e9lai pour \u00eatre rembours\u00e9<\/span> par les autorit\u00e9s fiscales fran\u00e7aises<span style=\"color: #800000;\">\u00a0?<\/span><\/h4>\n<p><span style=\"color: #808080;\">(si votre entreprise ne doit pas \u00eatre immatricul\u00e9e \u00e0 la TVA en France)<\/span><\/p>\n<p>Le d\u00e9lai maximum est de six mois.\u00a0Lorsque la TVA a \u00e9t\u00e9 incorrectement factur\u00e9e, votre entreprise coure le risque que l&rsquo;administration fiscale rejette ses demandes.<\/p>\n<h4 style=\"margin-top: 50px;\">QUE POUVONS-<span style=\"color: #800000;\">NOUS FAIRE POUR VOUS ?<\/span><\/h4>\n<p>Le service de remboursement de la TVA assur\u00e9 par La Repr\u00e9sentation Fiscale couvre l&rsquo;ensemble du processus :<\/p>\n<p><strong><span style=\"color: #800000;\">L&rsquo;EXAMEN <\/span><\/strong>des factures d&rsquo;achat\u00a0;<\/p>\n<p><strong><span style=\"color: #800000;\"><span style=\"color: #850911;\">LA COMMUNICATION\u00a0<\/span><\/span><\/strong>de toutes les erreurs identifi\u00e9es dans les factures d\u2019achat susceptibles de remettre en cause le remboursement de TVA et conseils sur la fa\u00e7on de r\u00e9soudre les probl\u00e8mes potentiels ;<\/p>\n<p><strong><span style=\"color: #850911;\">LA PR\u00c9PARATION<\/span><\/strong> et le d\u00e9p\u00f4t de la demande de remboursement de la TVA\u00a0;<\/p>\n<p><strong><span style=\"color: #850911;\">LES ACTIONS DE SUIVI<\/span><\/strong> avec les autorit\u00e9s (par exemple afin de r\u00e9pondre \u00e0 leurs demandes de renseignements) jusqu&rsquo;\u00e0 leur d\u00e9cision,<\/p>\n<p><strong><span style=\"color: #850911;\">NOTRE RESPONSABILIT\u00c9<\/span><\/strong>\u00a0en tant que repr\u00e9sentant fiscal.<\/p>\n<p>&nbsp;<\/p>\n<p style=\"text-align: center;\"><strong>Voulez-vous de r\u00e9cup\u00e9rer la TVA sur vos achats en France ou dans l&rsquo;Union europ\u00e9enne ?<\/strong><\/p>\n<p style=\"text-align: center;\"><strong>N\u2019h\u00e9sitez pas \u00e0 nous contacter pour toute assistance.<\/strong><\/p>\n<p style=\"text-align: center; margin-bottom: 50px;\"><a href=\"\/contact\/\" class=\"btn btn-theme btn-small\">Contactez-nous<\/a>\n<p style=\"text-align: center;\"><div style=\"height: 40px\"><\/div>\n                    <\/div>\r\n            \r\n        <section class=\"gravity-section\" style=\"height:autopx;\">\r\n                                <div class=\"gravity-section-background\"  style=\"background-color: #dd9933;\">\r\n                    <\/div>\r\n            \r\n    <div class=\"gravity-section-content\"><div class=\"google-map\" data-lat=\"48.8802626\" data-lng=\"2.2773509\" data-zoom=\"15\" data-title=\"localisation\" data-height=\"300\" data-color=\"\" data-saturation=\"-100\"><\/div>\n<\/div>\n                            \r\n        <\/section><!-- .gravity-section -->\r\n                    <div class=\"container\">\r\n                \r\n    <\/p>","protected":false},"excerpt":{"rendered":"<p>&nbsp; comment pouvez-vous obtenIr\u00a0un remboursement de la tva ? Quel que soit le lieu de son si\u00e8ge social ou \u00e9tablissement, votre entreprise a g\u00e9n\u00e9ralement le droit d\u2019obtenir le remboursement de la TVA sur ses d\u00e9penses sous r\u00e9serve des r\u00e8gles ordinaires de d\u00e9duction de la TVA pr\u00e9vues dans l&rsquo;\u00c9tat membre de l&rsquo;Union europ\u00e9enne o\u00f9 les d\u00e9penses [&hellip;]<\/p>\n","protected":false},"author":1,"featured_media":0,"parent":12,"menu_order":0,"comment_status":"closed","ping_status":"closed","template":"","meta":{"footnotes":""},"class_list":["post-382","page","type-page","status-publish","hentry"],"_links":{"self":[{"href":"https:\/\/www.lrf.fr\/fr\/wp-json\/wp\/v2\/pages\/382","targetHints":{"allow":["GET"]}}],"collection":[{"href":"https:\/\/www.lrf.fr\/fr\/wp-json\/wp\/v2\/pages"}],"about":[{"href":"https:\/\/www.lrf.fr\/fr\/wp-json\/wp\/v2\/types\/page"}],"author":[{"embeddable":true,"href":"https:\/\/www.lrf.fr\/fr\/wp-json\/wp\/v2\/users\/1"}],"replies":[{"embeddable":true,"href":"https:\/\/www.lrf.fr\/fr\/wp-json\/wp\/v2\/comments?post=382"}],"version-history":[{"count":45,"href":"https:\/\/www.lrf.fr\/fr\/wp-json\/wp\/v2\/pages\/382\/revisions"}],"predecessor-version":[{"id":2912,"href":"https:\/\/www.lrf.fr\/fr\/wp-json\/wp\/v2\/pages\/382\/revisions\/2912"}],"up":[{"embeddable":true,"href":"https:\/\/www.lrf.fr\/fr\/wp-json\/wp\/v2\/pages\/12"}],"wp:attachment":[{"href":"https:\/\/www.lrf.fr\/fr\/wp-json\/wp\/v2\/media?parent=382"}],"curies":[{"name":"wp","href":"https:\/\/api.w.org\/{rel}","templated":true}]}}