


{"id":380,"date":"2016-08-17T17:25:08","date_gmt":"2016-08-17T15:25:08","guid":{"rendered":"http:\/\/www.lrf.fr\/?page_id=380"},"modified":"2024-07-04T14:29:33","modified_gmt":"2024-07-04T12:29:33","slug":"declarations-de-tva","status":"publish","type":"page","link":"https:\/\/www.lrf.fr\/fr\/services\/declarations-de-tva\/","title":{"rendered":"D\u00e9clarations de TVA"},"content":{"rendered":"<p>&nbsp;<\/p>\n<p style=\"text-align: left;\">                    <\/div>\r\n            \r\n        <section class=\"gravity-section\" style=\"height:autopx;\">\r\n                                <div class=\"gravity-section-background\"  style=\"background-color: #FFFFFF;\">\r\n                    <\/div>\r\n            \r\n    <div class=\"gravity-section-content\"><p style=\"text-align: left;\"><img decoding=\"async\" loading=\"lazy\" class=\"aligncenter wp-image-126\" src=\"http:\/\/www.lrf.fr\/wp-content\/uploads\/2016\/11\/declaration-de-tva.jpg\" alt=\"De\u0301claration TVA\" width=\"1200\" height=\"433\" \/><\/p>\n<p style=\"text-align: left;\">\n<\/div>\n                            \r\n        <\/section><!-- .gravity-section -->\r\n                    <div class=\"container\">\r\n                \r\n    \n<h4><\/h4>\n<h4><span style=\"color: #850911;\"><span style=\"color: #000000;\"><span style=\"color: #800000;\">Quand dEVEZ-VOUS ETABLIR<\/span>\u00a0<span style=\"color: #800000;\">une d\u00e9claration <span style=\"color: #333333;\">de tva en france\u00a0<\/span><\/span><\/span><span style=\"color: #333333;\">?<\/span><\/span><\/h4>\n<p><strong>En tant qu\u2019entreprise \u00e9tablie hors de France, vous pouvez devoir souscrire une d\u00e9claration de TVA dans le cas o\u00f9 vous \u00eates redevable de la TVA en France. Voici une liste d&rsquo;exemples o\u00f9 vous \u00eates tenu \u00e0 des obligations d\u00e9claratives et de paiement de la TVA en France :<\/strong><\/p>\n<hr class=\"\" style=\"width:5%;margin-left:0;\">\n<ul>\n<li><span style=\"color: #800000;\"><strong>VOUS LIVREZ DES MARCHANDISES EXPEDIEES D&rsquo;UN ETAT MEMBRE DE L&rsquo;UE A DES CLIENTS PARTICULIERS<\/strong><\/span>\u00a0r\u00e9sidant en France. Ces ventes appel\u00e9es \u00ab\u00a0<span style=\"color: #800000;\"><b>VENTES A DISTANCE<\/b><\/span>\u00a0\u00bb doivent \u00eatre factur\u00e9es avec TVA fran\u00e7aise.<\/li>\n<\/ul>\n<p style=\"text-align: left;\"><a href=\"\/vos-activites\/e-commerce-ventes-de-biens-a-particuliers\/\" class=\"btn btn-theme btn-small\">En savoir plus<\/a>\n<p>&nbsp;<\/p>\n<ul>\n<li><span style=\"color: #800000;\"><strong>VOUS EFFECTUEZ DES LIVRAISONS DOMESTIQUES DE BIENS A DES PARTICULIERS<\/strong><\/span> ou \u00e0 des entreprises non immatricul\u00e9es \u00e0 la TVA en France et devez les facturer avec TVA (r\u00e9gime de l\u2019auto-liquidation non applicable),<\/li>\n<\/ul>\n<ul>\n<li><span style=\"color: #800000;\"><strong>VOUS FAITES EXPEDIER DES MARCHANDISES DEPUIS LA FRANCE<\/strong><\/span>\u00a0vers un \u00c9tat membre de l&rsquo;UE et les livrez \u00e0 un client professionnel (livraisons intracommunautaires), ou les faites exp\u00e9dier vers un pays tiers en dehors de l&rsquo;Union europ\u00e9enne (exportations).<\/li>\n<\/ul>\n<p style=\"text-align: left;\"><a href=\"\/vos-activites\/expedition-de-biens\/\" class=\"btn btn-theme btn-small\">En savoir plus<\/a>\n<ul>\n<li><span style=\"color: #800000;\"><strong>VOUS IMPORTEZ DES BIENS EN FRANCE<\/strong><\/span> et devez auto-liquider la TVA sur importations sur des d\u00e9clarations de TVA fran\u00e7aises.<\/li>\n<li><\/li>\n<li><span style=\"color: #800000;\"><strong>VOUS REALISEZ DES TRAVAUX ET AUTRES SERVICES LIES A UN IMMEUBLE SITUE EN FRANCE<\/strong><\/span>, y compris par exemple des services d&rsquo;expertise ou d&rsquo;agent immobilier, la fourniture d&rsquo;un logement ou la refacturation de frais d&rsquo;h\u00f4tel, des services d&rsquo;architectes ou de bureaux de surveillance locale, qui sont assujettis \u00e0 la TVA dans le pays o\u00f9 l&rsquo;immeuble est situ\u00e9, lorsque le client est un particulier ou une entreprise non identifi\u00e9e \u00e0 la TVA en France (r\u00e9gime de l\u2019auto-liquidation non applicable).<\/li>\n<\/ul>\n<p style=\"text-align: left;\"><a href=\"\/vos-activites\/travaux-chantiers-immobiliers-france\/\" class=\"btn btn-theme btn-small\">En savoir plus<\/a>\n<p>&nbsp;<\/p>\n<ul>\n<li>Vous fournissez des services de <strong><span style=\"color: #800000;\">TRANSPORT DE PASSAGERS EN FRANCE<\/span><\/strong>. Sous r\u00e9serve d\u2019exon\u00e9rations sp\u00e9cifiques, de tels services sont normalement assujettis \u00e0 la TVA dans le pays o\u00f9 le transport est effectu\u00e9 en fonction des distances parcourues.<\/li>\n<\/ul>\n<p style=\"text-align: left;\"><a href=\"\/vos-activites\/transport-de-passagers-france\/\" class=\"btn btn-theme btn-small\">En savoir plus<\/a>\n<ul>\n<li>Vous fournissez des services de <strong><span style=\"color: #800000;\">LOCATION A COURT TERME DE MOYENS DE TRANSPORT<\/span><\/strong>\u00a0(moins de 30 jours pour les voitures et 90 jours pour les bateaux) en France qui sont assujettis \u00e0 la TVA dans l\u2019Etat membre o\u00f9 le moyen de transport est mis \u00e0 la disposition du locataire.<\/li>\n<\/ul>\n<p style=\"text-align: left;\"><a href=\"\/vos-activites\/location-france-de-moyens-de-transport\/\" class=\"btn btn-theme btn-small\">En savoir plus<\/a>\n<ul>\n<li>Si vous accordez l&rsquo;<strong><span style=\"color: #800000;\">ACCES A DES CONFERENCES<\/span><\/strong>, \u00e0 des foires commerciales, des s\u00e9ances de formation \/ s\u00e9minaires destin\u00e9s \u00e0 plusieurs entreprises, vous devrez normalement percevoir la TVA dans l&rsquo;\u00c9tat membre de l&rsquo;UE o\u00f9 a lieu l&rsquo;exposition \/ s\u00e9minaire.<\/li>\n<\/ul>\n<p style=\"text-align: left;\"><a href=\"\/vos-activites\/organisation-de-salons-conferences-france\/\" class=\"btn btn-theme btn-small\">En savoir plus<\/a>\n<p>&nbsp;<\/p>\n<ul>\n<li><span style=\"color: #800000;\"><strong>VOUS ACHETEZ DES SERVICES A UN PRESTATAIRE ETABLI HORS DE FRANCE<\/strong><\/span>\u00a0pour les besoins d&rsquo;un bureau de liaison ou de tout autre \u00e9tablissement que vous d\u00e9tenez en France et devez appliquer la TVA dans le cadre du m\u00e9canisme de l&rsquo;auto-liquidation dans le pays (le destinataire doit auto-liquider la TVA due et peut r\u00e9cup\u00e9rer le m\u00eame montant sur sa propre d\u00e9claration de TVA);<\/li>\n<\/ul>\n<ul>\n<li><span style=\"color: #800000;\"><strong>VOUS FOURNISSEZ DES SERVICES SUR INTERNET A DES CLIENTS PRIVES<\/strong><\/span> r\u00e9sidant en France (par exemple configuration ou h\u00e9bergement de sites web, entretien \u00e0 distance de programmes, fourniture d&rsquo;images, textes, informations, musique, films, jeux, l&rsquo;enseignement \u00e0 distance, etc.), qui sont assujettis \u00e0 la TVA dans l\u2019Etat membre de l\u2019Union o\u00f9 les clients r\u00e9sident.<\/li>\n<\/ul>\n<p style=\"text-align: left;\"><a href=\"\/vos-activites\/vente-de-services-electroniques-a-particuliers-francais\/\" class=\"btn btn-theme btn-small\">En savoir plus<\/a>\n<p>&nbsp;<\/p>\n<h4><span style=\"color: #850911;\"><span style=\"color: #000000;\"><span style=\"color: #800000;\">QuellEs sont les informations \u00e0 mentionner<\/span>\u00a0<span style=\"color: #333333;\">dans uNE D\u00c9CLARATION DE TVA\u00a0<\/span><\/span><span style=\"color: #333333;\">?<\/span><\/span><\/h4>\n<p>Dans une d\u00e9claration de TVA, un assujetti (entreprise) donne aux autorit\u00e9s fiscales dans l\u2019Etat membre de l&rsquo;UE o\u00f9 il est immatricul\u00e9 \u00e0 la TVA des informations sur:<\/p>\n<p><strong>Ses ventes:<\/strong><\/p>\n<p>&#x25aa; op\u00e9rations imposables et TVA factur\u00e9e aux clients,<\/p>\n<p>&#x25aa; op\u00e9rations exon\u00e9r\u00e9es:<\/p>\n<ul>\n<li style=\"padding-left: 30px;\">livraisons de biens exp\u00e9di\u00e9s depuis la France aux entreprises situ\u00e9es dans un autre \u00c9tat membre de l&rsquo;UE,<\/li>\n<li style=\"padding-left: 30px;\">les exportations de biens exp\u00e9di\u00e9s depuis la France vers des pays en dehors de l&rsquo;UE,<\/li>\n<li style=\"padding-left: 30px;\">ventes aux entreprises assujetties \u00e0 la TVA en France.<\/li>\n<\/ul>\n<p><strong>\u00a0Ses achats:<\/strong><\/p>\n<p>&#x25aa; lorsque la TVA est factur\u00e9e par les fournisseurs fran\u00e7ais,<\/p>\n<p>&#x25aa; importations et achats pour lesquels la TVA doit \u00eatre pay\u00e9e par auto-liquidation (acquisitions intra-communautaires &#8230;)<\/p>\n<p><strong>Le montant de TVA \u00e0 payer ou remboursable.<\/strong><\/p>\n<h4 style=\"margin-top: 50px;\"><span style=\"color: #850911;\"><span style=\"color: #000000;\">\u00e0 quelle <span style=\"color: #800000;\">fr\u00e9quence<\/span> les d\u00e9clarations de tva\u00a0<span style=\"color: #333333;\">Doivent-elles \u00eatre souscrites\u00a0<\/span><\/span><span style=\"color: #333333;\">?<\/span><\/span><\/h4>\n<ul>\n<li>\u00a0mensuelle,<\/li>\n<li>\u00a0trimestrielle si le montant de la TVA annuelle \u00e0 payer est inf\u00e9rieur \u00e0 4 000 \u20ac,<\/li>\n<li>\u00a0occasionnellement (aucun besoin d&rsquo;\u00e9mettre des d\u00e9clarations \u00abn\u00e9ant\u00bb les mois pour lesquels il n&rsquo;y a rien \u00e0 d\u00e9clarer) quand il y a peu de transactions \u00e0 d\u00e9clarer.<\/li>\n<\/ul>\n<p>En France, il n&rsquo;y a pas de d\u00e9claration annuelle suppl\u00e9mentaire de TVA \u00e0 soumettre.<\/p>\n<h4 style=\"margin-top: 50px;\"><span style=\"color: #850911;\"><span style=\"color: #000000;\"><span style=\"color: #800000;\">QUELLE est la date limite<\/span>\u00a0<span style=\"color: #333333;\">pour soumettre une d\u00e9claration\u00a0<\/span><\/span><span style=\"color: #333333;\">?<\/span><\/span><\/h4>\n<p>Dans les 19 ou 24 jours \u00e0 compter de la fin de la p\u00e9riode de d\u00e9claration selon que votre entreprise est situ\u00e9e dans un \u00c9tat membre de l&rsquo;UE ou hors de l&rsquo;UE.\u00a0La d\u00e9claration et le paiement de la TVA correspondante ou la demande de remboursement de TVA doivent \u00eatre effectu\u00e9es en ligne.<\/p>\n<h4 style=\"margin-top: 50px;\">que pouvons-nous <span style=\"color: #800000;\">faire pour vous ?<\/span><\/h4>\n<p><strong><span style=\"color: #800000;\">EVALUATION<\/span><\/strong>\u00a0<span style=\"color: #800000;\"><strong>DE VOS OBLIGATIONS<\/strong><\/span> en mati\u00e8re de TVA r\u00e9sultant des op\u00e9rations que vous r\u00e9alisez en France;<\/p>\n<p><strong><span style=\"color: #800000;\">FOURNITURE\u00a0DE MODELES<\/span><\/strong> de questionnaires pour la collecte des informations pertinentes aux fins des d\u00e9clarations de TVA p\u00e9riodiques;<\/p>\n<p><strong><span style=\"color: #800000;\">CONTR\u00d4LES<\/span><\/strong>\u00a0<strong><span style=\"color: #800000;\">DE COHERENCE<\/span> <\/strong>entre les achats et les ventes;<\/p>\n<p><strong><span style=\"color: #800000;\">PR\u00c9PARATION<\/span><\/strong>\u00a0et d\u00e9p\u00f4t<span style=\"color: #800000;\"><strong> DES DECLARATIONS DE TVA<\/strong><\/span>, et actions de suivi avec les autorit\u00e9s comp\u00e9tentes;<\/p>\n<p><strong><span style=\"color: #800000;\">EXAMEN DES DOCUMENTS\u00a0<\/span><\/strong>suivants dans la mesure o\u00f9 ils nous sont fournis:<\/p>\n<ul>\n<li>factures de vente et factures d&rsquo;achat \u00e0 l&rsquo;appui des op\u00e9rations,<\/li>\n<li>documents douaniers relatifs aux importations en France et exportations depuis la France,<\/li>\n<li>documents d&rsquo;exp\u00e9dition relatifs aux livraisons intra-communautaires de biens exp\u00e9di\u00e9s depuis la France.<\/li>\n<\/ul>\n<p><span style=\"color: #800000;\"><strong>COMMUNICATION<\/strong><\/span> des erreurs identifi\u00e9es \u00e0 partir des factures, des documents douaniers et des documents de transport, et conseils sur la fa\u00e7on de rem\u00e9dier aux probl\u00e8mes potentiels;<\/p>\n<p><span style=\"color: #800000;\"><strong>LIAISON<\/strong><\/span> avec les fournisseurs et les transitaires pour suivre les actions de correction;<\/p>\n<p><span style=\"color: #800000;\"><strong>DEMANDE D&rsquo;UN CONTINGENT D&rsquo;ACHATS EN FRANCHISE DE TVA,<\/strong><\/span> r\u00e9partition du contingent entre diff\u00e9rents fournisseurs, suivi du contingent, demande de nouveaux contingents au cours de l&rsquo;ann\u00e9e si n\u00e9cessaire;<\/p>\n<p><strong><span style=\"color: #800000;\">SUIVI\u00a0<\/span><\/strong>de tout paiement de la TVA due ou \u00e0 recevoir par vous;<\/p>\n<p><span style=\"color: #333333;\">Pr\u00e9paration<\/span><strong><span style=\"color: #800000;\">\u00a0<\/span><\/strong>et d\u00e9p\u00f4t des <span style=\"color: #800000;\"><strong>DEMANDES DE REMBOURSEMENT DE LA TVA;<\/strong><\/span><\/p>\n<p><strong><span style=\"color: #800000;\">R\u00c9UNION ANNUELLE\u00a0<\/span><\/strong>sur le suivi du dossier;<\/p>\n<p><span style=\"color: #333333;\"> Aide<\/span><strong><span style=\"color: #800000;\">\u00a0<\/span><\/strong>\u00e0 la r\u00e9daction des <span style=\"color: #800000;\"><strong>REPONSES AUX DEMANDES D&rsquo;INFORMATIONS DES AUTORITES FISCALES<\/strong><\/span>, pr\u00e9sence lors des contr\u00f4les fiscaux, liaison avec les avocats \u00e0 l&rsquo;occasion de litiges fiscaux, etc.<\/p>\n<p><strong><span style=\"color: #800000;\">VEILLE R\u00c9GLEMENTAIRE\u00a0<\/span><\/strong>et examen des incidences sur vos obligations d\u00e9claratives<\/p>\n<p><span style=\"color: #333333;\">Toute demande<\/span><strong><span style=\"color: #800000;\">\u00a0<\/span><\/strong>de <strong><span style=\"color: #800000;\">CONSEIL<\/span> <\/strong>ou service administratif.<\/p>\n<p style=\"text-align: center; margin-top: 70px;\"><strong>N\u2019h\u00e9sitez pas \u00e0 nous contacter pour toute assistance<\/strong><\/p>\n<p style=\"text-align: center; margin-bottom: 50px;\"><a href=\"\/contact\/\" class=\"btn btn-theme btn-small\">Contactez-nous<\/a>\n<p style=\"text-align: center;\"><div style=\"height: 40px\"><\/div>\n                    <\/div>\r\n            \r\n        <section class=\"gravity-section\" style=\"height:autopx;\">\r\n                                <div class=\"gravity-section-background\"  style=\"background-color: #dd9933;\">\r\n                    <\/div>\r\n            \r\n    <div class=\"gravity-section-content\"><div class=\"google-map\" data-lat=\"48.8802626\" data-lng=\"2.2773509\" data-zoom=\"15\" data-title=\"localisation\" data-height=\"300\" data-color=\"\" data-saturation=\"-100\"><\/div>\n<\/div>\n                            \r\n        <\/section><!-- .gravity-section -->\r\n                    <div class=\"container\">\r\n                \r\n    <\/p>","protected":false},"excerpt":{"rendered":"<p>&nbsp; Quand dEVEZ-VOUS ETABLIR\u00a0une d\u00e9claration de tva en france\u00a0? En tant qu\u2019entreprise \u00e9tablie hors de France, vous pouvez devoir souscrire une d\u00e9claration de TVA dans le cas o\u00f9 vous \u00eates redevable de la TVA en France. Voici une liste d&rsquo;exemples o\u00f9 vous \u00eates tenu \u00e0 des obligations d\u00e9claratives et de paiement de la TVA en [&hellip;]<\/p>\n","protected":false},"author":1,"featured_media":0,"parent":12,"menu_order":0,"comment_status":"closed","ping_status":"closed","template":"","meta":[],"_links":{"self":[{"href":"https:\/\/www.lrf.fr\/fr\/wp-json\/wp\/v2\/pages\/380"}],"collection":[{"href":"https:\/\/www.lrf.fr\/fr\/wp-json\/wp\/v2\/pages"}],"about":[{"href":"https:\/\/www.lrf.fr\/fr\/wp-json\/wp\/v2\/types\/page"}],"author":[{"embeddable":true,"href":"https:\/\/www.lrf.fr\/fr\/wp-json\/wp\/v2\/users\/1"}],"replies":[{"embeddable":true,"href":"https:\/\/www.lrf.fr\/fr\/wp-json\/wp\/v2\/comments?post=380"}],"version-history":[{"count":67,"href":"https:\/\/www.lrf.fr\/fr\/wp-json\/wp\/v2\/pages\/380\/revisions"}],"predecessor-version":[{"id":2968,"href":"https:\/\/www.lrf.fr\/fr\/wp-json\/wp\/v2\/pages\/380\/revisions\/2968"}],"up":[{"embeddable":true,"href":"https:\/\/www.lrf.fr\/fr\/wp-json\/wp\/v2\/pages\/12"}],"wp:attachment":[{"href":"https:\/\/www.lrf.fr\/fr\/wp-json\/wp\/v2\/media?parent=380"}],"curies":[{"name":"wp","href":"https:\/\/api.w.org\/{rel}","templated":true}]}}