


{"id":348,"date":"2016-08-17T16:58:43","date_gmt":"2016-08-17T14:58:43","guid":{"rendered":"http:\/\/www.lrf.fr\/?page_id=348"},"modified":"2019-03-25T10:06:21","modified_gmt":"2019-03-25T09:06:21","slug":"bureau-de-liaison","status":"publish","type":"page","link":"https:\/\/www.lrf.fr\/fr\/activites\/bureau-de-liaison\/","title":{"rendered":"Bureau de liaison"},"content":{"rendered":"<p><meta name=\"description\" content=\"Bureau de liaison - VOUS AVEZ UN BUREAU DE LIAISON DE FRANCE, VOUS DETACHEZ OU EMPLOYEZ DES SALARIES RESIDANT EN FRANCE. QUE POUVONS NOUS FAIRE POUR VOUS?\"><br \/>\n                    <\/div>\r\n            \r\n        <section class=\"gravity-section\" style=\"height:autopx;\">\r\n                        <div class=\"gravity-section-content\"><p><img loading=\"lazy\" decoding=\"async\" class=\"aligncenter wp-image-107\" src=\"http:\/\/www.lrf.fr\/wp-content\/uploads\/2016\/08\/Bureau-De-Liaison_Act-1024x369.jpg\" alt=\"Bureau De Liaison_Act\" width=\"1200\" height=\"433\" \/><\/p>\n<p style=\"text-align: left;\">\n<\/div>\n                            \r\n        <\/section><!-- .gravity-section -->\r\n                    <div class=\"container\">\r\n                \r\n    \n<p style=\"text-align: left;\">                    <\/div>\r\n            \r\n        <section class=\"gravity-section\" style=\"padding-top:30px;padding-bottom:30px;\">\r\n                                <div class=\"gravity-section-background\" data-stellar-ratio=\"0.5\" style=\"background-image: url(http:\/\/www.lrf.fr\/wp-content\/uploads\/2016\/08\/livre-lunette.png);background-color: #ffffff;\">\r\n                    <\/div>\r\n            \r\n    <div class=\"gravity-section-content\"><div class=\"container\"><h4 style=\"text-align: left;\"><strong>Vous avez un bureau de liaison de France, <\/strong><\/h4>\n<h4 style=\"text-align: left;\"><strong>vous detachez ou employez des salaries residant en france :<\/strong><\/h4>\n<p>&nbsp;<\/p>\n<h5 style=\"text-align: left;\"><span style=\"color: #999999;\"><strong>QU&rsquo;EST-CE QU&rsquo;UN BUREAU DE LIAISON ?<\/strong><\/span><\/h5>\n<hr class=\"\" style=\"width:5%;margin-left:0;\">\n<p style=\"text-align: left;\">Le bureau de liaison est une structure l\u00e9g\u00e8re, rapide \u00e0 mettre en place et peu on\u00e9reuse, qui permet de tester le march\u00e9 fran\u00e7ais, de prendre contact avec des fournisseurs et des clients, de repr\u00e9senter les activit\u00e9s du si\u00e8ge \u00e9tranger de la soci\u00e9t\u00e9, d\u2019assurer sa communication et sa publicit\u00e9.<\/p>\n<p style=\"text-align: left;\">Le bureau ne peut jamais conclure de contrats au nom et pour le compte du si\u00e8ge, son objet n\u2019\u00e9tant pas d\u2019assurer une activit\u00e9 commerciale. Il a uniquement un r\u00f4le relais, pr\u00e9paratoire \u00e0 la n\u00e9gociation des contrats commerciaux conclus entre les clients contact\u00e9s et l\u2019entreprise \u00e9trang\u00e8re. Les factures et contrats doivent \u00eatre envoy\u00e9s et sign\u00e9s par le si\u00e8ge de la soci\u00e9t\u00e9 \u00e9trang\u00e8re.<\/p>\n<h5 style=\"text-align: left; margin-top: 50px;\"><strong><span style=\"color: #999999;\">Statut juridique et fiscal du bureau de liaison<\/span><\/strong><\/h5>\n<p style=\"text-align: left;\"><hr class=\"\" style=\"width:5%;margin-left:0;\">\n<p style=\"text-align: left;\">Le bureau ne poss\u00e8de pas de personnalit\u00e9 juridique propre, il est le prolongement de la soci\u00e9t\u00e9 \u00e9trang\u00e8re en France.<\/p>\n<p style=\"text-align: left;\"><strong><u>Imp\u00f4t sur le revenu<\/u>\u00a0:<\/strong> le bureau n\u2019est pas soumis \u00e0 l\u2019imp\u00f4t sur le revenu en France car il ne conclut aucune vente et ne fournit directement aucun service aux clients de la soci\u00e9t\u00e9 \u00e9trang\u00e8re.<\/p>\n<p style=\"text-align: left;\"><strong><u>TVA<\/u>\u00a0:<\/strong> ne r\u00e9alisant aucune vente et travaillant exclusivement pour le compte de son si\u00e8ge \u00e9tranger, les activit\u00e9s du bureau ne sont pas non plus soumises \u00e0 la TVA.<\/p>\n<p style=\"text-align: left;\">Le bureau peut par contre demander le remboursement de la TVA factur\u00e9e sur ses frais (loyers, achats de mat\u00e9riel et de fournitures de bureau, de meubles, \u00e9lectricit\u00e9, t\u00e9l\u00e9phone, abonnements professionnels, participation \u00e0 des salons\u2026).<\/p>\n<p style=\"text-align: left;\"><a href=\"\/nos-services\/demandes-de-remboursement-de-tva\/\" class=\"btn btn-mediumgrey btn-small\">En Savoir Plus<\/a>\n<p style=\"text-align: left;\"><strong><u>Imp\u00f4ts locaux<\/u>\u00a0:<\/strong> le bureau doit acquitter la taxe d\u2019habitation au titre des locaux dont il a la jouissance.<\/p>\n<p style=\"text-align: left;\"><strong><u>Taxe sur les salaires<\/u>\u00a0:<\/strong> en cas d\u2019embauche de salari\u00e9s, le bureau est redevable des taxes assises sur les salaires (taxe d\u2019apprentissage, formation professionnelle continue\u2026) au m\u00eame titre que les entreprises \u00e9tablies en France.<\/p>\n<h5 style=\"text-align: left; ; margin-top: 50px;\"><strong><span style=\"color: #999999;\">Risque d&rsquo;\u00e9tablissement stable<\/span><\/strong><\/h5>\n<hr class=\"\" style=\"width:5%;margin-left:0;\">\n<p style=\"text-align: left;\">La d\u00e9finition de l\u2019\u00e9tablissement stable en mati\u00e8re de TVA doit \u00eatre distingu\u00e9e de celle retenue pour l\u2019imp\u00f4t sur les soci\u00e9t\u00e9s. Sur le plan de la TVA, un \u00e9tablissement stable est caract\u00e9ris\u00e9 par un degr\u00e9 suffisant de permanence et une structure apte, du point de vue de l\u2019\u00e9quipement humain et technique \u00e0 rendre possible\u00a0:<\/p>\n<ul style=\"text-align: left;\">\n<li style=\"text-align: justify;\">soit la fourniture par cet \u00e9tablissement d\u2019un service,<\/li>\n<li style=\"text-align: justify;\">soit l\u2019utilisation par cet \u00e9tablissement des services qui lui sont rendus.<\/li>\n<\/ul>\n<p style=\"text-align: left;\">Les bureaux de liaison d\u2019entreprises \u00e9trang\u00e8res ou les chantiers ne pr\u00e9sentent pas en principe le caract\u00e8re d\u2019\u00e9tablissement stable prestataire, mais peuvent n\u00e9anmoins avoir une consistance suffisante pour constituer des \u00e9tablissements stables au regard de l\u2019utilisation des services (\u00e9tablissement stable preneur).<\/p>\n<p style=\"text-align: left;\">Dans ce cas les fournisseurs doivent facturer leurs services \u00e0 l\u2019\u00e9tablissement stable comme s\u2019il s\u2019agissait d\u2019une soci\u00e9t\u00e9 fran\u00e7aise.<\/p>\n<h5 style=\"text-align: left; ; margin-top: 50px;\"><strong><span style=\"color: #999999;\">DETACHEMENT OU EMPLOI DE SALARIES RESIDANT EN FRANCE<\/span><\/strong><\/h5>\n<p style=\"text-align: left;\"><hr class=\"\" style=\"width:5%;margin-left:0;\">\n<p style=\"text-align: left;\">A partir du 1er janvier 2019, les entreprises qui versent des salaires imposables en France doivent op\u00e9rer chaque mois une retenue sur salaire et la reverser aux services fiscaux selon des modalit\u00e9s \u00e0 d\u00e9terminer en fonction du lieu de r\u00e9sidence fiscale du salari\u00e9 et du lieu de son assujettissement aux cotisations sociales.<\/p>\n<a href=\"\/vos-activites\/detachement-emploi-de-salaries-residant-france\/\" class=\"btn btn-mediumgrey btn-small\">En Savoir Plus<\/a>\n<p style=\"text-align: left;\">\n<\/div><\/div>\n                            \r\n        <\/section><!-- .gravity-section -->\r\n                    <div class=\"container\">\r\n                \r\n    \n<h4 style=\"text-align: left; margin-top: 50px;\"><span style=\"color: #850911;\"><span style=\"color: #000000;\">Que pouvons nous\u00a0<span style=\"color: #800000;\">faire pour vous ?<\/span><\/span><\/span><\/h4>\n<hr class=\"\" style=\"width:5%;margin-left:0;\">\n<p>&nbsp;<\/p>\n<p><span style=\"color: #800000;\"><strong>PR\u00c9PARER<\/strong><strong>\u00a0et D<strong>\u00c9<\/strong>POSER LES DEMANDES DE REMBOURSEMENT DE LA TVA<\/strong><\/span>,<\/p>\n<p style=\"text-align: justify;\"><a href=\"\/nos-services\/demandes-de-remboursement-de-tva\/\" class=\"btn btn-theme btn-small\">En Savoir Plus<\/a>\n<p><span style=\"color: #800000;\"><strong>AGIR COMME REPRESENTANT FISCAL ACCREDITE<\/strong><\/span>\u00a0des entreprises \u00e9tablies en dehors de l&rsquo;Union Europ\u00e9enne, redevables du pr\u00e9l\u00e8vement \u00e0 la source sur les r\u00e9mun\u00e9rations qu&rsquo;elles versent \u00e0 leurs salari\u00e9s r\u00e9sidant fiscalement en France, ou de la retenue \u00e0 la source applicable aux salari\u00e9s non r\u00e9sidents. Nous agissons \u00e9galement comme mandataire fiscal pour les entreprises \u00e9tablies dans l&rsquo;Union Europ\u00e9enne.<\/p>\n<p><span style=\"color: #800000;\"><strong>TRAVAILLER EN COORDINATION AVEC LE CABINET COMPTABLE<\/strong><\/span>\u00a0en charge de l&rsquo;\u00e9tablissement des paies et des d\u00e9clarations sociales nominatives de vos salari\u00e9s d\u00e9tach\u00e9s ou employ\u00e9s en France pour la d\u00e9claration du pr\u00e9l\u00e8vement \u00e0 la source.<\/p>\n<a href=\"\/nos-services\/declaration-prelevement-a-source-de-limpot-revenu\/\" class=\"btn btn-theme btn-small\">En Savoir Plus<\/a>\n<p>&nbsp;<\/p>\n<h4><\/h4>\n<p style=\"text-align: center;\"><strong>N\u2019h\u00e9sitez pas \u00e0 nous contacter pour toute question ou assistance ! \u00a0 \u00a0 \u00a0\u00a0<\/strong><strong>\u00a0<\/strong><\/p>\n<p style=\"text-align: center;\"><a href=\"\/contact\/\" class=\"btn btn-theme btn-small\">Contactez-nous<\/a>\n<p style=\"text-align: center;\"><div style=\"height: 40px\"><\/div>\n                    <\/div>\r\n            \r\n        <section class=\"gravity-section\" style=\"height:autopx;\">\r\n                                <div class=\"gravity-section-background\"  style=\"background-color: #dd9933;\">\r\n                    <\/div>\r\n            \r\n    <div class=\"gravity-section-content\"><div class=\"google-map\" data-lat=\"48.8802626\" data-lng=\"2.2773509\" data-zoom=\"15\" data-title=\"localisation\" data-height=\"300\" data-color=\"\" data-saturation=\"-100\"><\/div>\n<\/div>\n                            \r\n        <\/section><!-- .gravity-section -->\r\n                    <div class=\"container\">\r\n                \r\n    <\/p>","protected":false},"excerpt":{"rendered":"<p>Que pouvons nous\u00a0faire pour vous ? &nbsp; PR\u00c9PARER\u00a0et D\u00c9POSER LES DEMANDES DE REMBOURSEMENT DE LA TVA, AGIR COMME REPRESENTANT FISCAL ACCREDITE\u00a0des entreprises \u00e9tablies en dehors de l&rsquo;Union Europ\u00e9enne, redevables du pr\u00e9l\u00e8vement \u00e0 la source sur les r\u00e9mun\u00e9rations qu&rsquo;elles versent \u00e0 leurs salari\u00e9s r\u00e9sidant fiscalement en France, ou de la retenue \u00e0 la source applicable aux [&hellip;]<\/p>\n","protected":false},"author":1,"featured_media":0,"parent":169,"menu_order":0,"comment_status":"closed","ping_status":"closed","template":"","meta":{"footnotes":""},"class_list":["post-348","page","type-page","status-publish","hentry"],"_links":{"self":[{"href":"https:\/\/www.lrf.fr\/fr\/wp-json\/wp\/v2\/pages\/348","targetHints":{"allow":["GET"]}}],"collection":[{"href":"https:\/\/www.lrf.fr\/fr\/wp-json\/wp\/v2\/pages"}],"about":[{"href":"https:\/\/www.lrf.fr\/fr\/wp-json\/wp\/v2\/types\/page"}],"author":[{"embeddable":true,"href":"https:\/\/www.lrf.fr\/fr\/wp-json\/wp\/v2\/users\/1"}],"replies":[{"embeddable":true,"href":"https:\/\/www.lrf.fr\/fr\/wp-json\/wp\/v2\/comments?post=348"}],"version-history":[{"count":84,"href":"https:\/\/www.lrf.fr\/fr\/wp-json\/wp\/v2\/pages\/348\/revisions"}],"predecessor-version":[{"id":2701,"href":"https:\/\/www.lrf.fr\/fr\/wp-json\/wp\/v2\/pages\/348\/revisions\/2701"}],"up":[{"embeddable":true,"href":"https:\/\/www.lrf.fr\/fr\/wp-json\/wp\/v2\/pages\/169"}],"wp:attachment":[{"href":"https:\/\/www.lrf.fr\/fr\/wp-json\/wp\/v2\/media?parent=348"}],"curies":[{"name":"wp","href":"https:\/\/api.w.org\/{rel}","templated":true}]}}