


{"id":340,"date":"2016-08-17T16:54:52","date_gmt":"2016-08-17T14:54:52","guid":{"rendered":"http:\/\/www.lrf.fr\/?page_id=340"},"modified":"2019-06-05T09:42:15","modified_gmt":"2019-06-05T07:42:15","slug":"fourniture-de-gaz-france","status":"publish","type":"page","link":"https:\/\/www.lrf.fr\/fr\/activites\/fourniture-de-gaz-en-france\/","title":{"rendered":"Fourniture de gaz en France"},"content":{"rendered":"<p><meta name=\"description\" content=\"Fourniture de gaz en france. Vous fournissez du gaz \u00e0 des consommateurs finaux en france. Que pouvons-nous faire pour vous?\"><br \/>\n                    <\/div>\r\n            \r\n        <section class=\"gravity-section\" style=\"height:autopx;\">\r\n                                <div class=\"gravity-section-background\"  style=\"background-color: #dd9933;\">\r\n                    <\/div>\r\n            \r\n    <div class=\"gravity-section-content\"><p><img loading=\"lazy\" decoding=\"async\" class=\"aligncenter wp-image-110\" src=\"http:\/\/www.lrf.fr\/wp-content\/uploads\/2016\/08\/Fourniture-de-gaz-en-france_Act.jpg\" alt=\"Fourniture de gaz en france_Act\" width=\"1201\" height=\"433\" srcset=\"https:\/\/www.lrf.fr\/wp-content\/uploads\/2016\/08\/Fourniture-de-gaz-en-france_Act.jpg 1029w, https:\/\/www.lrf.fr\/wp-content\/uploads\/2016\/08\/Fourniture-de-gaz-en-france_Act-300x108.jpg 300w, https:\/\/www.lrf.fr\/wp-content\/uploads\/2016\/08\/Fourniture-de-gaz-en-france_Act-768x277.jpg 768w\" sizes=\"auto, (max-width: 1201px) 100vw, 1201px\" \/><\/p>\n<\/div>\n                            \r\n        <\/section><!-- .gravity-section -->\r\n                    <div class=\"container\">\r\n                \r\n    \n                    <\/div>\r\n            \r\n        <section class=\"gravity-section\" style=\"padding-top:70px;padding-bottom:20px;\">\r\n                                <div class=\"gravity-section-background\" data-stellar-ratio=\"0.5\" style=\"background-image: url(http:\/\/www.lrf.fr\/wp-content\/uploads\/2016\/08\/livre-lunette.png);background-color: #ffffff;\">\r\n                    <\/div>\r\n            \r\n    <div class=\"gravity-section-content\"><div class=\"container\"><h4 style=\"text-align: left;\"><strong>Vous fournissez du gaz \u00e0 des consommateurs finaux en France<\/strong><\/h4>\n<p>&nbsp;<\/p>\n<h5><span style=\"color: #999999;\"><strong>DEVEZ-VOUS FACTURER DES TAXES A VOS CLIENTS ?<\/strong><\/span><\/h5>\n<hr class=\"\" style=\"width:15%;margin-left:0;\">\n<p style=\"text-align: left;\">Vous devez acquitter les taxes suivantes \u00a0:<\/p>\n<ul>\n<li style=\"text-align: left;\"><strong>LA TAXE INTERIEURE DE CONSOMMATION SUR LE GAZ NATUREL (TICGN)\u00a0:<\/strong><\/li>\n<\/ul>\n<p>Elle est due si le gaz naturel est <u>utilis\u00e9 comme combustible<\/u> et si les livraisons sont effectu\u00e9es aupr\u00e8s de clients <u>consommateurs finaux en France<\/u>. Il existe toutefois plusieurs cas d\u2019exon\u00e9ration.<\/p>\n<p style=\"text-align: left;\">Les d\u00e9clarations sont trimestrielles. La taxe doit \u00eatre acquitt\u00e9e aupr\u00e8s des douanes au plus tard le 25 du mois suivant le trimestre de r\u00e9f\u00e9rence.<\/p>\n<ul>\n<li style=\"text-align: left;\"><strong>LA CONTRIBUTION TARIFAIRE D&rsquo;ACHEMINEMENT (CTA) :<\/strong><\/li>\n<\/ul>\n<p>Vous \u00eates redevable de la contribution tarifaire pour vos\u00a0<u>clients finaux \u00e9tablis en France<\/u> avec lesquels vous avez conclu un contrat comprenant une prestation d\u2019acheminement du gaz naturel sur les r\u00e9seaux publics de distribution ou de transport.<\/p>\n<p style=\"text-align: left;\">Les d\u00e9clarations sont trimestrielles si le montant annuel estim\u00e9 de CTA\u00a0 est inf\u00e9rieur \u00e0 102\u00a0000 \u20ac. La taxe doit \u00eatre acquitt\u00e9e aupr\u00e8s de la CNIEG au plus tard le 24 du mois suivant.<\/p>\n<p style=\"text-align: left;\">Plus d\u2019informations sur le site de la CNIEG\u00a0:<span style=\"color: #ffffff;\"> <a style=\"color: #ffffff;\" href=\"http:\/\/www.cnieg.fr\">www.cnieg.fr<\/a><\/span><\/p>\n<ul>\n<li style=\"text-align: left;\"><strong>LA TVA\u00a0:<\/strong><\/li>\n<\/ul>\n<p>Sont imposables \u00e0 la TVA en France les livraisons de gaz naturel, quel que soit le lieu d&rsquo;\u00e9tablissement du fournisseur\u00a0:<\/p>\n<p style=\"text-align: left;\">Lorsque ces biens sont consomm\u00e9s en France,<\/p>\n<p style=\"text-align: left;\">Dans les autres cas, lorsque l\u2019acqu\u00e9reur a en France le si\u00e8ge de son activit\u00e9 \u00e9conomique ou un \u00e9tablissement stable pour lequel les biens sont livr\u00e9s ou \u00e0 d\u00e9faut son domicile ou sa r\u00e9sidence habituelle.<\/p>\n<p style=\"text-align: left;\">Toutefois, lorsque le fournisseur est \u00e9tabli hors de France, la taxe est acquitt\u00e9e par l\u2019acqu\u00e9reur qui dispose d\u2019un num\u00e9ro d\u2019identification \u00e0 la TVA en France.\u00a0 En d\u2019autres termes, le fournisseur \u00e9tabli hors de France ne doit souscrire des d\u00e9clarations de TVA que si\u00a0 les clients sont des particuliers fran\u00e7ais ou des organismes non immatricul\u00e9s \u00e0 la TVA en France.<\/p>\n<p style=\"text-align: left;\">Les d\u00e9clarations de TVA sont trimestrielles si le montant annuel de TVA \u00e0 d\u00e9clarer est inf\u00e9rieur \u00e0 4\u00a0000 \u20ac. Au-del\u00e0 de ce montant, les d\u00e9clarations doivent \u00eatre effectu\u00e9es mensuellement. La d\u00e9claration doit \u00eatre adress\u00e9e aux services fiscaux et la taxe doit \u00eatre acquitt\u00e9e au plus tard le 19 du mois suivant si le fournisseur est \u00e9tabli dans l\u2019Union Europ\u00e9enne ou le 24 du mois suivant si le fournisseur est \u00e9tabli hors de l\u2019Union Europ\u00e9enne.<\/p>\n<p style=\"text-align: left;\"><strong>Les fournisseurs \u00e9tablis hors de \u00a0France doivent d\u00e9signer un repr\u00e9sentant fiscal<\/strong>\u00a0 r\u00e9sidant en France, accr\u00e9dit\u00e9 par l\u2019administration fiscale, personnellement responsable des op\u00e9rations d\u00e9claratives et du versement des sommes dues.<\/p>\n<p style=\"text-align: left;\">\n<\/div><\/div>\n                            \r\n        <\/section><!-- .gravity-section -->\r\n                    <div class=\"container\">\r\n                \r\n    \n<p>&nbsp;<\/p>\n<h4>QUE POUVONS-NOUS <span style=\"color: #850911;\">FAIRE POUR VOUS ?<\/span><\/h4>\n<hr class=\"\" style=\"width:5%;margin-left:0;\">\n<p><span style=\"color: #800000;\"><strong>NOUS DEMANDONS UN NUMERO SIRET<\/strong><\/span>\u00a0pour le compte de votre soci\u00e9t\u00e9,<\/p>\n<p><span style=\"color: #800000;\"><strong>NOUS VOUS ENREGISTRONS AUPRES DES DOUANES<\/strong><\/span>\u00a0pour le paiement de la TICGN,<\/p>\n<p><strong><span style=\"color: #800000;\">NOUS VOUS ENREGISTRONS AUPRES DE LA CNIEG<\/span><\/strong>\u00a0pour le paiement de la CTA,<\/p>\n<p><span style=\"color: #800000;\"><strong>NOUS \u00c9TABLISSONS ET\u00a0SOUMETTONS<\/strong>\u00a0<strong>VOS DECLARATIONS<\/strong><\/span>\u00a0de taxes,<\/p>\n<a href=\"\/nos-services\/declarations-taxes-fourniture-de-produits-energetiques\/\" class=\"btn btn-theme btn-small\">En savoir plus<\/a>\n<p>&nbsp;<\/p>\n<p>Nous assumons le r\u00f4le d<span style=\"color: #800000;\"><span style=\"color: #333333;\">e<\/span><strong> REPRESENTANT FISCAL ACCREDITE<\/strong><\/span> pour les op\u00e9rateurs n\u2019ayant pas leur domicile ou leur si\u00e8ge de soci\u00e9t\u00e9 en France,<\/p>\n<a href=\"\/nos-services\/representation-fiscale\/\" class=\"btn btn-theme btn-small\">En savoir plus<\/a>\n<p>&nbsp;<\/p>\n<p>Nous pr\u00e9parons<strong><span style=\"color: #800000;\"> LES REPONSES AUX DEMANDES D&rsquo;INFORMATIONS DES AUTORITES FISCALES,<\/span> <\/strong>nous sommes pr\u00e9sents lors des contr\u00f4les fiscaux, assurons la liaison avec les avocats \u00e0 l&rsquo;occasion de litiges fiscaux, etc.\u009f<\/p>\n<p>Nous assurons une <span style=\"color: #800000;\"><strong>VEILLE REGLEMENTAIRE<\/strong> <\/span>et analysons les incidences sur vos obligations d\u00e9claratives,<\/p>\n<p><span style=\"color: #800000;\"><strong>NOUS VOUS ASSISTONS<\/strong><\/span> pour toute demande de conseil ou service administratif.<\/p>\n<p style=\"text-align: center; margin-top: 70px;\"><strong>Contactez nous pour nous faire part de votre projet. <\/strong><strong>C\u2019est gratuit\u2026\u00a0!<\/strong><\/p>\n<p style=\"text-align: center; margin-bottom: 70px;\"><a href=\"\/contact\/\" class=\"btn btn-theme btn-small\">Contactez-nous<\/a>\n<p>&nbsp;<\/p>\n<p style=\"text-align: center;\"><div style=\"height: 40px\"><\/div>\n                    <\/div>\r\n            \r\n        <section class=\"gravity-section\" style=\"height:autopx;\">\r\n                                <div class=\"gravity-section-background\"  style=\"background-color: #dd9933;\">\r\n                    <\/div>\r\n            \r\n    <div class=\"gravity-section-content\"><div class=\"google-map\" data-lat=\"48.8802626\" data-lng=\"2.2773509\" data-zoom=\"15\" data-title=\"localisation\" data-height=\"300\" data-color=\"\" data-saturation=\"-100\"><\/div>\n<\/div>\n                            \r\n        <\/section><!-- .gravity-section -->\r\n                    <div class=\"container\">\r\n                \r\n    <\/p>","protected":false},"excerpt":{"rendered":"<p>&nbsp; QUE POUVONS-NOUS FAIRE POUR VOUS ? NOUS DEMANDONS UN NUMERO SIRET\u00a0pour le compte de votre soci\u00e9t\u00e9, NOUS VOUS ENREGISTRONS AUPRES DES DOUANES\u00a0pour le paiement de la TICGN, NOUS VOUS ENREGISTRONS AUPRES DE LA CNIEG\u00a0pour le paiement de la CTA, NOUS \u00c9TABLISSONS ET\u00a0SOUMETTONS\u00a0VOS DECLARATIONS\u00a0de taxes, &nbsp; Nous assumons le r\u00f4le de REPRESENTANT FISCAL ACCREDITE pour [&hellip;]<\/p>\n","protected":false},"author":1,"featured_media":0,"parent":169,"menu_order":0,"comment_status":"closed","ping_status":"closed","template":"","meta":{"footnotes":""},"class_list":["post-340","page","type-page","status-publish","hentry"],"_links":{"self":[{"href":"https:\/\/www.lrf.fr\/fr\/wp-json\/wp\/v2\/pages\/340","targetHints":{"allow":["GET"]}}],"collection":[{"href":"https:\/\/www.lrf.fr\/fr\/wp-json\/wp\/v2\/pages"}],"about":[{"href":"https:\/\/www.lrf.fr\/fr\/wp-json\/wp\/v2\/types\/page"}],"author":[{"embeddable":true,"href":"https:\/\/www.lrf.fr\/fr\/wp-json\/wp\/v2\/users\/1"}],"replies":[{"embeddable":true,"href":"https:\/\/www.lrf.fr\/fr\/wp-json\/wp\/v2\/comments?post=340"}],"version-history":[{"count":43,"href":"https:\/\/www.lrf.fr\/fr\/wp-json\/wp\/v2\/pages\/340\/revisions"}],"predecessor-version":[{"id":2748,"href":"https:\/\/www.lrf.fr\/fr\/wp-json\/wp\/v2\/pages\/340\/revisions\/2748"}],"up":[{"embeddable":true,"href":"https:\/\/www.lrf.fr\/fr\/wp-json\/wp\/v2\/pages\/169"}],"wp:attachment":[{"href":"https:\/\/www.lrf.fr\/fr\/wp-json\/wp\/v2\/media?parent=340"}],"curies":[{"name":"wp","href":"https:\/\/api.w.org\/{rel}","templated":true}]}}