


{"id":336,"date":"2016-08-17T16:53:03","date_gmt":"2016-08-17T14:53:03","guid":{"rendered":"http:\/\/www.lrf.fr\/?page_id=336"},"modified":"2019-03-25T10:38:59","modified_gmt":"2019-03-25T09:38:59","slug":"location-france-de-moyens-de-transport","status":"publish","type":"page","link":"https:\/\/www.lrf.fr\/fr\/activites\/location-en-france-de-moyens-de-transport\/","title":{"rendered":"Location en France de moyens de transport"},"content":{"rendered":"<p><meta name=\"description\" content=\"LOCATION EN FRANCE DE MOYENS DE TRANSPORT. VOUS DONNEZ EN LOCATION DES MOYENS DE TRANSPORT EN FRANCE\"><br \/>\n                    <\/div>\r\n            \r\n        <section class=\"gravity-section\" style=\"height:autopx;\">\r\n                                <div class=\"gravity-section-background\"  style=\"background-color: #dd9933;\">\r\n                    <\/div>\r\n            \r\n    <div class=\"gravity-section-content\"><p><img decoding=\"async\" loading=\"lazy\" class=\"aligncenter wp-image-113\" src=\"http:\/\/www.lrf.fr\/wp-content\/uploads\/2016\/08\/Location-de-moyen-de-trasports-en-france_Act.jpg\" alt=\"Location de moyen de trasports en france_Act\" width=\"1200\" height=\"433\" srcset=\"https:\/\/www.lrf.fr\/wp-content\/uploads\/2016\/08\/Location-de-moyen-de-trasports-en-france_Act.jpg 1029w, https:\/\/www.lrf.fr\/wp-content\/uploads\/2016\/08\/Location-de-moyen-de-trasports-en-france_Act-300x108.jpg 300w, https:\/\/www.lrf.fr\/wp-content\/uploads\/2016\/08\/Location-de-moyen-de-trasports-en-france_Act-768x277.jpg 768w\" sizes=\"(max-width: 1200px) 100vw, 1200px\" \/><\/p>\n<\/div>\n                            \r\n        <\/section><!-- .gravity-section -->\r\n                    <div class=\"container\">\r\n                \r\n    \n                    <\/div>\r\n            \r\n        <section class=\"gravity-section\" style=\"padding-top:70px;padding-bottom:20px;\">\r\n                                <div class=\"gravity-section-background\" data-stellar-ratio=\"0.5\" style=\"background-image: url(http:\/\/www.lrf.fr\/wp-content\/uploads\/2016\/08\/livre-lunette.png);background-color: #ffffff;\">\r\n                    <\/div>\r\n            \r\n    <div class=\"gravity-section-content\"><div class=\"container\"><h4 style=\"text-align: left;\"><strong>Vous donnez en location des moyens de transport en France<\/strong><\/h4>\n<p>&nbsp;<\/p>\n<h5 style=\"text-align: left;\"><span style=\"color: #999999;\"><strong>CES LOCATIONS DOIVENT-ELLES ETRE FACTUREES AVEC TVA ? DANS QUELS PAYS ?<\/strong><\/span><\/h5>\n<hr class=\"\" style=\"width:5%;margin-left:0;\">\n<p style=\"text-align: left;\">Les locations de moyens de transport de courte dur\u00e9e (n\u2019exc\u00e9dant pas 30 jours, ou\u00a0 90 jours pour les moyens de transport maritime) sont taxables au lieu de mise \u00e0 disposition du moyen de transport.<\/p>\n<p style=\"text-align: left;\">Si votre soci\u00e9t\u00e9 effectue des locations de courte dur\u00e9e de moyens de transport mis \u00e0 disposition de clients en France, la TVA fran\u00e7aise doit donc \u00eatre factur\u00e9e.<\/p>\n<p style=\"text-align: left;\">Les locations de longue dur\u00e9e sont taxables au lieu d\u2019\u00e9tablissement du preneur de service.<\/p>\n<p style=\"text-align: left;\"><span style=\"text-decoration: underline;\"><strong>Exemple\u00a0<\/strong><strong>:<\/strong><\/span><\/p>\n<p style=\"text-align: left;\">Un avion est donn\u00e9 en location pendant un week-end \u00e0 une personne physique pour un vol aller-retour entre le Bourget et le Maroc.<\/p>\n<p style=\"text-align: left;\"><strong>Qualification de la prestation\u00a0:<\/strong><\/p>\n<p>La qualification de la prestation doit s\u2019appr\u00e9cier en fonction des termes du contrat, notamment en ce qui concerne les dispositions relatives \u00e0 l\u2019assurance et \u00e0 la responsabilit\u00e9 du propri\u00e9taire, ainsi que la tarification et la ma\u00eetrise du d\u00e9placement par le prestataire.<\/p>\n<p style=\"text-align: left;\">Lorsque la tarification est directement li\u00e9e \u00e0 la distance parcourue ou lorsque la destination finale est d\u00e9termin\u00e9e \u00e0 l\u2019avance par le prestataire, le service sera consid\u00e9r\u00e9 comme une prestation de transport.\u00a0\u00a0En revanche, les services factur\u00e9s \u00e0 l\u2019heure pour lesquelles le tarif est moins d\u00e9pendant de la distance parcourue que de la dur\u00e9e de la prestation s\u2019analysent comme une location.<\/p>\n<p style=\"text-align: left;\"><strong>R\u00e9gime TVA\u00a0:<\/strong><\/p>\n<p>La location de courte dur\u00e9e est assujettie \u00e0 la TVA en France au taux de 20 % d\u00e8s lors que l\u2019avion est mis \u00e0 disposition au Bourget.<\/p>\n<p style=\"text-align: left;\">La totalit\u00e9 du loyer est soumis \u00e0 la taxe y compris pour la distance parcourue en dehors de l\u2019Union europ\u00e9enne. \u00a0La partie de la location correspondant au temps du trajet du retour n\u2019est pas consid\u00e9r\u00e9e comme \u00e9tant distincte de la premi\u00e8re tant que le locataire continue de pouvoir disposer de l\u2019avion. \u00a0 La dur\u00e9e de l\u2019utilisation continue de l\u2019avion s\u2019appr\u00e9ciera sur la base des termes du contrat et de la r\u00e9alit\u00e9 des faits.<\/p>\n<h5 style=\"text-align: justify;\"><\/h5>\n<h5 style=\"text-align: justify; margin-top: 50px;\"><span style=\"color: #999999;\"><strong>DEVEZ-VOUS ETRE IMMATRICULE A LA TVA ?<\/strong><\/span><\/h5>\n<p style=\"text-align: justify;\"><hr class=\"\" style=\"width:5%;margin-left:0;\">\n<p style=\"text-align: justify;\">Si votre soci\u00e9t\u00e9 effectue ce type d\u2019activit\u00e9 de location elle doit \u00eatre immatricul\u00e9e \u00e0 la TVA en France afin de d\u00e9clarer et reverser la TVA collect\u00e9e.<\/p>\n<p style=\"text-align: justify;\">Si elle est \u00e9tablie dans un pays hors de l\u2019Union Europ\u00e9enne n\u2019ayant pas conclu avec la France de convention d\u2019assistance administrative elle doit en outre d\u00e9signer un repr\u00e9sentant fiscal.<\/p>\n<p style=\"text-align: justify;\">\n<\/div><\/div>\n                            \r\n        <\/section><!-- .gravity-section -->\r\n                    <div class=\"container\">\r\n                \r\n    \n<h4><\/h4>\n<h4><\/h4>\n<h4>QUE POUVONS-NOUS <span style=\"color: #850911;\">FAIRE POUR VOUS ?<\/span><\/h4>\n<hr class=\"\" style=\"width:5%;margin-left:0;\">\n<div class=\"row  \"><div class=\"col-sm-6 col-lg-6 col-md-6 \">\n<p><strong><span style=\"color: #800000;\">EVALUER VOS OBLIGATIONS<\/span><\/strong>\u00a0en mati\u00e8re de TVA r\u00e9sultant des op\u00e9rations que vous r\u00e9alisez en France.<\/p>\n<p><span style=\"color: #800000;\"><strong>DEMANDER UN NUMERO DE TVA\u00a0<\/strong><\/span>en France,<\/p>\n<a href=\"\/nos-services\/demande-dimmatriculation-a-tva-france\/\" class=\"btn btn-theme btn-small\">En savoir plus<\/a>\n<p>&nbsp;<\/p>\n<p><span style=\"color: #800000;\"><strong>FOURNIR UN MODELE<\/strong><\/span>\u00a0de questionnaire pour la collecte des informations pertinentes aux fins des d\u00e9clarations de TVA p\u00e9riodiques.<\/p>\n<p><span style=\"color: #800000;\"><strong>EXAMINER LES FACTURES<\/strong><\/span>\u00a0de vente et factures d&rsquo;achat \u00e0 l&rsquo;appui des op\u00e9rations.<\/p>\n<p><span style=\"color: #800000;\"><strong>COMMUNIQUER LES ERREURS<\/strong><\/span>\u00a0identifi\u00e9es, et conseiller sur la fa\u00e7on de rem\u00e9dier aux probl\u00e8mes potentiels.<\/p>\n<p><span style=\"color: #800000;\"><strong>ASSURER LA LIAISON<\/strong><\/span>\u00a0avec les fournisseurs et les transitaires pour suivre les actions de correction.<\/p>\n<p><span style=\"color: #800000;\"><strong>ETABLIR LES DECLARATIONS DE TVA<\/strong><\/span><\/p>\n<a href=\"\/nos-services\/declarations-de-tva\/\" class=\"btn btn-theme btn-small\">En savoir plus<\/a>\n<p>&nbsp;<\/p>\n<\/div>\n<div class=\"col-sm-6 col-lg-6 col-md-6 \">\n<p><span style=\"color: #800000;\"><strong>SUIVRE TOUT PAIEMENT<\/strong><\/span>\u00a0de la TVA due ou \u00e0 recevoir par vous.<\/p>\n<p>Pr\u00e9parer et d\u00e9poser les <span style=\"color: #800000;\"><strong>DEMANDES DE REMBOURSEMENT DE LA TVA<\/strong><\/span> sur les d\u00e9penses professionnelles de biens et services.<\/p>\n<a href=\"\/nos-services\/demandes-de-remboursement-de-tva\/\" class=\"btn btn-theme btn-small\">En savoir plus<\/a>\n<p><em>\u00a0<\/em><\/p>\n<p><span style=\"color: #800000;\"><span style=\"color: #333333;\">Agir<\/span><strong>\u00a0<\/strong><\/span>comme <strong><span style=\"color: #800000;\">REPRESENTANT FISCAL<\/span><\/strong>\u00a0pour les soci\u00e9t\u00e9s \u00e9tablies dans un pays hors de l\u2019Union Europ\u00e9enne n\u2019ayant pas conclu avec la France de convention d\u2019assistance administrative.<\/p>\n<a href=\"\/nos-services\/representation-fiscale\/\" class=\"btn btn-theme btn-small\">En savoir plus<\/a>\n<p>&nbsp;<\/p>\n<p><span style=\"color: #333333;\">Aide<\/span>\u00a0\u00e0 la r\u00e9daction des <strong><span style=\"color: #800000;\">REPONSES AUX DEMANDES D&rsquo;INFORMATIONS DES AUTORITES FISCALES,<\/span><\/strong> pr\u00e9sence lors des contr\u00f4les fiscaux, liaison avec les avocats \u00e0 l&rsquo;occasion de litiges fiscaux, etc.<\/p>\n<p><span style=\"color: #800000;\"><strong>R\u00c9UNION ANNUELLE<\/strong><\/span>\u00a0sur le suivi du dossier.<\/p>\n<p><span style=\"color: #800000;\"><strong>VEILLE REGLEMENTAIRE<\/strong><\/span>\u00a0et examen des incidences sur vos obligations d\u00e9claratives.<\/p>\n<p><span style=\"color: #800000;\"><strong>CONSEIL<\/strong>\u00a0<\/span>ou service administratif (r\u00e9daction des factures, taux de TVA applicable, etc).<\/p>\n<p>&nbsp;<\/p>\n<\/div><\/div>\n<p>&nbsp;<\/p>\n<p style=\"text-align: center;\"><strong>N\u2019h\u00e9sitez pas \u00e0 nous contacter pour toute assistance ou toute question\u00a0!<\/strong><\/p>\n<p style=\"text-align: center;\"><a href=\"\/contact\/\" class=\"btn btn-theme btn-small\">Contactez-nous<\/a>\n<p>&nbsp;<\/p>\n<p style=\"text-align: center;\"><div style=\"height: 40px\"><\/div>\n                    <\/div>\r\n            \r\n        <section class=\"gravity-section\" style=\"height:autopx;\">\r\n                                <div class=\"gravity-section-background\"  style=\"background-color: #dd9933;\">\r\n                    <\/div>\r\n            \r\n    <div class=\"gravity-section-content\"><div class=\"google-map\" data-lat=\"48.8802626\" data-lng=\"2.2773509\" data-zoom=\"15\" data-title=\"localisation\" data-height=\"300\" data-color=\"\" data-saturation=\"-100\"><\/div>\n<\/div>\n                            \r\n        <\/section><!-- .gravity-section -->\r\n                    <div class=\"container\">\r\n                \r\n    <\/p>","protected":false},"excerpt":{"rendered":"<p>QUE POUVONS-NOUS FAIRE POUR VOUS ? &nbsp; N\u2019h\u00e9sitez pas \u00e0 nous contacter pour toute assistance ou toute question\u00a0! &nbsp;<\/p>\n","protected":false},"author":1,"featured_media":0,"parent":169,"menu_order":0,"comment_status":"closed","ping_status":"closed","template":"","meta":[],"_links":{"self":[{"href":"https:\/\/www.lrf.fr\/fr\/wp-json\/wp\/v2\/pages\/336"}],"collection":[{"href":"https:\/\/www.lrf.fr\/fr\/wp-json\/wp\/v2\/pages"}],"about":[{"href":"https:\/\/www.lrf.fr\/fr\/wp-json\/wp\/v2\/types\/page"}],"author":[{"embeddable":true,"href":"https:\/\/www.lrf.fr\/fr\/wp-json\/wp\/v2\/users\/1"}],"replies":[{"embeddable":true,"href":"https:\/\/www.lrf.fr\/fr\/wp-json\/wp\/v2\/comments?post=336"}],"version-history":[{"count":40,"href":"https:\/\/www.lrf.fr\/fr\/wp-json\/wp\/v2\/pages\/336\/revisions"}],"predecessor-version":[{"id":2709,"href":"https:\/\/www.lrf.fr\/fr\/wp-json\/wp\/v2\/pages\/336\/revisions\/2709"}],"up":[{"embeddable":true,"href":"https:\/\/www.lrf.fr\/fr\/wp-json\/wp\/v2\/pages\/169"}],"wp:attachment":[{"href":"https:\/\/www.lrf.fr\/fr\/wp-json\/wp\/v2\/media?parent=336"}],"curies":[{"name":"wp","href":"https:\/\/api.w.org\/{rel}","templated":true}]}}