


{"id":334,"date":"2016-08-17T16:52:19","date_gmt":"2016-08-17T14:52:19","guid":{"rendered":"http:\/\/www.lrf.fr\/?page_id=334"},"modified":"2021-04-10T17:37:19","modified_gmt":"2021-04-10T15:37:19","slug":"vente-de-services-electroniques-a-particuliers-francais","status":"publish","type":"page","link":"https:\/\/www.lrf.fr\/fr\/activites\/vente-de-services-electroniques-a-des-particuliers-en-france\/","title":{"rendered":"Vente de services \u00e0 des particuliers europ\u00e9ens"},"content":{"rendered":"<p>                    <\/div>\r\n            \r\n        <section class=\"gravity-section\" style=\"height:autopx;\">\r\n                                <div class=\"gravity-section-background\"  style=\"background-color: #dd9933;\">\r\n                    <\/div>\r\n            \r\n    <div class=\"gravity-section-content\"><p><img loading=\"lazy\" decoding=\"async\" class=\"aligncenter wp-image-121\" src=\"http:\/\/www.lrf.fr\/wp-content\/uploads\/2016\/08\/Vente-de-service-electronique-particulier-fr_Act.jpg\" alt=\"Vente de service electronique particulier fr_Act\" width=\"1200\" height=\"433\" srcset=\"https:\/\/www.lrf.fr\/wp-content\/uploads\/2016\/08\/Vente-de-service-electronique-particulier-fr_Act.jpg 1029w, https:\/\/www.lrf.fr\/wp-content\/uploads\/2016\/08\/Vente-de-service-electronique-particulier-fr_Act-300x108.jpg 300w, https:\/\/www.lrf.fr\/wp-content\/uploads\/2016\/08\/Vente-de-service-electronique-particulier-fr_Act-768x277.jpg 768w\" sizes=\"auto, (max-width: 1200px) 100vw, 1200px\" \/><\/p>\n<\/div>\n                            \r\n        <\/section><!-- .gravity-section -->\r\n                    <div class=\"container\">\r\n                \r\n    \n<p style=\"text-align: center;\">                    <\/div>\r\n            \r\n        <section class=\"gravity-section\" style=\"padding-top:50px;padding-bottom:20px;\">\r\n                                <div class=\"gravity-section-background\" data-stellar-ratio=\"0.5\" style=\"background-image: url(http:\/\/www.lrf.fr\/wp-content\/uploads\/2016\/08\/livre-lunette.png);background-color: #ffffff;\">\r\n                    <\/div>\r\n            \r\n    <div class=\"gravity-section-content\"><div class=\"container\"><h4 style=\"text-align: left;\"><strong>Vous vendez des services \u00e0 des particuliers SITUES DANS UN ETAT MEMBRE DE L&rsquo;UNION EUROPEENNE<\/strong><\/h4>\n<p>&nbsp;<\/p>\n<h5 style=\"text-align: left;\"><span style=\"color: #999999;\"><strong>services \u00e9lectroniques<\/strong><\/span><\/h5>\n<hr class=\"\" style=\"width:5%;margin-left:0;\">\n<p style=\"text-align: left;\">D\u2019une mani\u00e8re g\u00e9n\u00e9rale, il s\u2019agit de services largement automatis\u00e9s qui ont pour objet de fournir du contenu via internet ou d\u2019autres r\u00e9seaux \u00e9lectroniques tels que ceux servant \u00e0 fournir du contenu num\u00e9rique.\u00a0 A titre indicatif, sont notamment vis\u00e9s les services suivants\u00a0:<\/p>\n<ul>\n<li style=\"text-align: left;\">fourniture et h\u00e9bergement de sites informatiques, maintenance \u00e0 distance des programmes et \u00e9quipements,<\/li>\n<li style=\"text-align: left;\">fourniture de logiciels et mise \u00e0 jour de ceux-ci,<\/li>\n<li style=\"text-align: left;\">fourniture d\u2019images, de textes et d\u2019informations et mise \u00e0 disposition de bases de donn\u00e9es,<\/li>\n<li style=\"text-align: left;\">fourniture de musiques, de films et de jeux, y compris les jeux de hasard ou d\u2019argent et d\u2019\u00e9missions politiques, culturelles, artistiques, sportives, scientifiques ou de divertissement,<\/li>\n<li style=\"text-align: left;\">fourniture de services d\u2019enseignement \u00e0 distance.<\/li>\n<\/ul>\n<p style=\"text-align: left;\">La prestation doit \u00eatre uniquement d\u00e9mat\u00e9rialis\u00e9e et ne donner lieu \u00e0 aucun envoi mat\u00e9riel. Attention, lorsqu\u2019un fournisseur et son client communiquent par courrier \u00e9lectronique, cela ne signifie pas que le service fourni est un service \u00e9lectronique.<\/p>\n<p>Taxation \u00e0 la TVA : les ventes \u00e0 des particuliers de services \u00e9lectroniques doivent \u00eatre factur\u00e9s avec la TVA du pays de r\u00e9sidence du client. Les fournisseurs europ\u00e9ens b\u00e9n\u00e9ficient toutefois d&rsquo;un seuil annuel de 10 000 \u20ac (tous pays de l&rsquo;UE confondus) en dessous duquel les prestations peuvent rester soumises \u00e0 la TVA dans l&rsquo;Etat membre dans lequel est \u00e9tabli l&rsquo;assujetti fournissant ces services.<\/p>\n<p>&nbsp;<\/p>\n<h5 style=\"text-align: left;\"><span style=\"color: #999999;\"><strong>services audiovisuels, de radiodiffusion et de t\u00e9l\u00e9communication<\/strong><\/span><\/h5>\n<hr class=\"\" style=\"width:5%;margin-left:0;\">\n<p>Taxation \u00e0 la TVA : les ventes \u00e0 des particuliers de services audiovisuels, de radiodiffusion et de t\u00e9l\u00e9communication doivent \u00eatre factur\u00e9s avec la TVA du pays de r\u00e9sidence du client. Les fournisseurs europ\u00e9ens b\u00e9n\u00e9ficient toutefois d&rsquo;un seuil annuel de 10 000 \u20ac (tous pays de l&rsquo;UE confondus) en dessous duquel les prestations peuvent rester soumises \u00e0 la TVA dans l&rsquo;Etat membre dans lequel est \u00e9tabli l&rsquo;assujetti fournissant ces services.<\/p>\n<p>&nbsp;<\/p>\n<p>&nbsp;<\/p>\n<h5 style=\"text-align: left;\"><span style=\"color: #999999;\"><strong>services taxables dans le pays ou ils sont realises<\/strong><\/span><\/h5>\n<p style=\"text-align: left;\"><hr class=\"\" style=\"width:5%;margin-left:0;\">\n<ul>\n<li style=\"text-align: left;\">Droits d&rsquo;entr\u00e9e dans les \u00e9v\u00e8nements culturels, artistiques, sportifs, scientifiques, \u00e9ducatifs, tels que des foires et expositions,<\/li>\n<li>Services immobiliers (architectes&#8230;),<\/li>\n<li>Travaux sur biens meubles,<\/li>\n<li>Transports et services accessoires de chargement et d\u00e9chargement,<\/li>\n<li>Location de moyens de transport,<\/li>\n<li>Restauration \u00e0 bord de bateaux, avions, trains,<\/li>\n<li>H\u00f4tellerie,<\/li>\n<\/ul>\n<h5><\/h5>\n<p>&nbsp;<\/p>\n<h5 style=\"text-align: left;\"><strong><span style=\"color: #999999;\">DEVEZ-VOUS ETRE IMMATRICULE A LA TVA ? DANS QUEL PAYS ?<\/span><\/strong><\/h5>\n<p style=\"text-align: left;\"><hr class=\"\" style=\"width:5%;margin-left:0;\">\n<p style=\"text-align: left;\">Que votre soci\u00e9t\u00e9 soit \u00e9tablie dans ou hors de l\u2019Union Europ\u00e9enne, elle a<strong><span style=\"text-decoration: underline;\">\u00a0le choix de d\u00e9clarer et reverser la TVA collect\u00e9e sur ses ventes selon deux proc\u00e9dures<\/span>\u00a0:<\/strong><\/p>\n<ul>\n<li style=\"text-align: left;\"><strong><span style=\"text-decoration: underline;\">\u00eatre immatricul\u00e9e \u00e0 la TVA dans chaque pays o\u00f9 elle effectue des ventes et y \u00e9tablir des d\u00e9clarations de TVA<\/span>,<\/strong><\/li>\n<li style=\"text-align: left;\"><span style=\"text-decoration: underline;\"><strong>utiliser le r\u00e9gime du<\/strong> <strong>guichet unique<\/strong><\/span> dans un Etat membre, ce qui lui permet, lorsqu&rsquo;elle fournit des services aux particuliers dans des Etats membres o\u00f9 elle n&rsquo;est pas \u00e9tablie, d\u2019effectuer dans le pays du guichet unique, en une seule fois, les d\u00e9clarations de TVA trimestrielles de tous les pays ou elle effectue des ventes. Ce syst\u00e8me lui permet \u00e9galement de n\u2019effectuer qu\u2019un seul virement trimestriel, dans le pays d\u2019enregistrement au guichet unique, du montant total de TVA \u00e0 reverser pour l\u2019ensemble des pays.<\/li>\n<\/ul>\n<p style=\"text-align: left;\">Si votre entreprise est \u00e9tablie dans l\u2019Union Europ\u00e9enne o\u00f9 y a un \u00e9tablissement, elle doit s&rsquo;enregistrer au guichet unique (OSS UE) de l\u2019Etat membre de l\u2019Union Europ\u00e9enne dans lequel elle a son si\u00e8ge ou dispose d\u2019un \u00e9tablissement. Si elle a des \u00e9tablissements dans plusieurs pays de l\u2019Union Europ\u00e9enne, elle peut s&rsquo;enregistrer au guichet unique d\u2019un des pays o\u00f9 elle a un \u00e9tablissement.<\/p>\n<p style=\"text-align: left;\">Si elle est \u00e9tablie hors de l\u2019Union Europ\u00e9enne, elle peut s&rsquo;enregistrer au guichet unique (OSS non UE) du pays de son choix si elle ne dispose pas d\u2019un \u00e9tablissement sur le territoire de l\u2019Union Europ\u00e9enne.<\/p>\n<p style=\"text-align: left;\">Une entreprise fran\u00e7aise ou ayant un \u00e9tablissement en France devra donc s\u2019immatriculer au guichet unique fran\u00e7ais et une entreprise \u00e9tablie hors de l\u2019Union Europ\u00e9enne pourra choisir de s\u2019immatriculer au guichet unique fran\u00e7ais.<\/p>\n<\/div><\/div>\n                            \r\n        <\/section><!-- .gravity-section -->\r\n                    <div class=\"container\">\r\n                \r\n    \n<p>&nbsp;<\/p>\n<h4>QUE POUVONS-NOUS <span style=\"color: #850911;\">FAIRE POUR VOUS ?<\/span><\/h4>\n<hr class=\"\" style=\"width:5%;margin-left:0;\">\n<div class=\"row  \"><div class=\"col-sm-6 col-lg-6 col-md-6 \">\n<p><span style=\"color: #800000;\"><strong>EVALUER VOS OBLIGATIONS<\/strong><\/span>\u00a0en mati\u00e8re de TVA r\u00e9sultant des op\u00e9rations que vous r\u00e9alisez en France.<\/p>\n<p><span style=\"color: #800000;\"><strong>VOUS IMMATRICULER A LA TVA<\/strong><\/span>\u00a0dans un ou plusieurs pays de l\u2019Union Europ\u00e9enne <a href=\"\/nos-services\/demande-dimmatriculation-a-tva-france\/\" class=\"btn btn-theme btn-small\">En savoir plus<\/a>\n<p>et\u00a0<strong><span style=\"color: #800000;\">ETABLIR\u00a0VOS DECLARATIONS DE TVA<\/span><\/strong>\u00a0dans chacun de ces pays \u00a0<a href=\"\/nos-services\/declarations-de-tva\/\" class=\"btn btn-theme btn-small\">En savoir plus<\/a>\n<p>ou <span style=\"color: #800000;\"><strong>VOUS ENREGISTRER AU GUICHET UNIQUE<\/strong><\/span> fran\u00e7ais et \u00e9tablir vos d\u00e9clarations de TVA pour l\u2019ensemble des pays ou vous effectuez des ventes de services \u00e0 des particuliers.<\/p>\n<p>Dans les deux cas,<strong> nos \u00e9troites relations avec les membres de notre r\u00e9seau europ\u00e9en de sp\u00e9cialistes de la TVA TRA dans 16 autres pays de l\u2019Union Europ\u00e9enne, nous permet de vous apporter tous les conseils n\u00e9cessaires<\/strong> sur les r\u00e8gles de facturation et les taux de TVA applicables dans chaque pays et vous garanti la conformit\u00e9 de vos d\u00e9clarations de TVA aux l\u00e9gislations fiscales des diff\u00e9rents pays concern\u00e9s<\/p>\n<p><strong>\u00a0<\/strong><a href=\"\/tax-representative-alliance\/\" class=\"btn btn-theme btn-small\">En Savoir Plus<\/a>\n<\/div>\n<div class=\"col-sm-6 col-lg-6 col-md-6 \">\n<p><strong><span style=\"color: #800000;\">FOURNIR UN MODELE<\/span><\/strong>\u00a0de questionnaire pour la collecte des informations pertinentes aux fins des d\u00e9clarations de TVA p\u00e9riodiques.<\/p>\n<p>Agir<strong>\u00a0<\/strong>comme <span style=\"color: #800000;\"><strong>REPRESENTANT FISCAL<\/strong><\/span> pour les soci\u00e9t\u00e9s \u00e9tablies dans un pays hors de l\u2019Union Europ\u00e9enne n\u2019ayant pas conclu avec la France de convention d\u2019assistance administrative.<\/p>\n<a href=\"\/nos-services\/representation-fiscale\/\" class=\"btn btn-theme btn-small\">En savoir plus<\/a>\n<p>&nbsp;<\/p>\n<p><span style=\"color: #800000;\"><strong>R\u00c9UNION ANNUELLE<\/strong><\/span>\u00a0sur le suivi du dossier.<\/p>\n<p>Aide \u00e0 la r\u00e9daction des <span style=\"color: #800000;\"><strong>REPONSES AUS DEMANDES D&rsquo;INFORMATIONS DES AUTORITES FISCALES<\/strong><\/span>, pr\u00e9sence lors des contr\u00f4les fiscaux, liaison avec les avocats \u00e0 l&rsquo;occasion de litiges fiscaux, etc.<\/p>\n<p><span style=\"color: #800000;\"><strong>VEILLE REGLEMENTAIRE<\/strong><\/span>\u00a0et examen des incidences sur vos obligations d\u00e9claratives.<\/p>\n<p><strong><span style=\"color: #800000;\">CONSEIL<\/span>\u00a0<\/strong>ou service administratif (r\u00e9daction des factures, taux de TVA applicable, etc).<\/p>\n<p>&nbsp;<\/p>\n<\/div><\/div>\n<p style=\"text-align: center;\"><strong>N\u2019h\u00e9sitez pas \u00e0 nous contacter pour toute assistance ou toute question\u00a0!<\/strong><\/p>\n<p style=\"text-align: center;\"><a href=\"\/contact\/\" class=\"btn btn-theme btn-small\">Contactez-nous<\/a>\n<p style=\"text-align: center;\"><div style=\"height: 40px\"><\/div>\n                    <\/div>\r\n            \r\n        <section class=\"gravity-section\" style=\"height:autopx;\">\r\n                                <div class=\"gravity-section-background\"  style=\"background-color: #dd9933;\">\r\n                    <\/div>\r\n            \r\n    <div class=\"gravity-section-content\"><div class=\"google-map\" data-lat=\"48.8802626\" data-lng=\"2.2773509\" data-zoom=\"15\" data-title=\"localisation\" data-height=\"300\" data-color=\"\" data-saturation=\"-100\"><\/div>\n<\/div>\n                            \r\n        <\/section><!-- .gravity-section -->\r\n                    <div class=\"container\">\r\n                \r\n    <\/p>","protected":false},"excerpt":{"rendered":"<p>&nbsp; QUE POUVONS-NOUS FAIRE POUR VOUS ? N\u2019h\u00e9sitez pas \u00e0 nous contacter pour toute assistance ou toute question\u00a0!<\/p>\n","protected":false},"author":1,"featured_media":0,"parent":169,"menu_order":0,"comment_status":"closed","ping_status":"closed","template":"","meta":{"footnotes":""},"class_list":["post-334","page","type-page","status-publish","hentry"],"_links":{"self":[{"href":"https:\/\/www.lrf.fr\/fr\/wp-json\/wp\/v2\/pages\/334","targetHints":{"allow":["GET"]}}],"collection":[{"href":"https:\/\/www.lrf.fr\/fr\/wp-json\/wp\/v2\/pages"}],"about":[{"href":"https:\/\/www.lrf.fr\/fr\/wp-json\/wp\/v2\/types\/page"}],"author":[{"embeddable":true,"href":"https:\/\/www.lrf.fr\/fr\/wp-json\/wp\/v2\/users\/1"}],"replies":[{"embeddable":true,"href":"https:\/\/www.lrf.fr\/fr\/wp-json\/wp\/v2\/comments?post=334"}],"version-history":[{"count":60,"href":"https:\/\/www.lrf.fr\/fr\/wp-json\/wp\/v2\/pages\/334\/revisions"}],"predecessor-version":[{"id":2867,"href":"https:\/\/www.lrf.fr\/fr\/wp-json\/wp\/v2\/pages\/334\/revisions\/2867"}],"up":[{"embeddable":true,"href":"https:\/\/www.lrf.fr\/fr\/wp-json\/wp\/v2\/pages\/169"}],"wp:attachment":[{"href":"https:\/\/www.lrf.fr\/fr\/wp-json\/wp\/v2\/media?parent=334"}],"curies":[{"name":"wp","href":"https:\/\/api.w.org\/{rel}","templated":true}]}}