


{"id":332,"date":"2016-08-17T16:51:03","date_gmt":"2016-08-17T14:51:03","guid":{"rendered":"http:\/\/www.lrf.fr\/?page_id=332"},"modified":"2019-03-25T10:44:04","modified_gmt":"2019-03-25T09:44:04","slug":"transport-de-passagers-france","status":"publish","type":"page","link":"https:\/\/www.lrf.fr\/fr\/activites\/transport-de-passagers-en-france\/","title":{"rendered":"Transport de passagers en France"},"content":{"rendered":"<p><meta name=\"description\" content=\"TRANSPORT DE PASSAGERS EN FRANCE. VOUS TRANSPORTEZ DES PASSAGERS EN FRANCE: QUE POUVONS-NOUS FAIRE POUR VOUS?\"><br \/>\n                    <\/div>\r\n            \r\n        <section class=\"gravity-section\" style=\"height:autopx;\">\r\n                                <div class=\"gravity-section-background\"  style=\"background-color: #dd9933;\">\r\n                    <\/div>\r\n            \r\n    <div class=\"gravity-section-content\"><p><img loading=\"lazy\" decoding=\"async\" class=\"aligncenter wp-image-117\" src=\"http:\/\/www.lrf.fr\/wp-content\/uploads\/2016\/08\/Transport-de-passagers-en-france_Act.jpg\" alt=\"Transport de passagers en france_Act\" width=\"1200\" height=\"433\" srcset=\"https:\/\/www.lrf.fr\/wp-content\/uploads\/2016\/08\/Transport-de-passagers-en-france_Act.jpg 1029w, https:\/\/www.lrf.fr\/wp-content\/uploads\/2016\/08\/Transport-de-passagers-en-france_Act-300x108.jpg 300w, https:\/\/www.lrf.fr\/wp-content\/uploads\/2016\/08\/Transport-de-passagers-en-france_Act-768x277.jpg 768w\" sizes=\"auto, (max-width: 1200px) 100vw, 1200px\" \/><\/p>\n<\/div>\n                            \r\n        <\/section><!-- .gravity-section -->\r\n                    <div class=\"container\">\r\n                \r\n    \n<p style=\"text-align: center;\">                    <\/div>\r\n            \r\n        <section class=\"gravity-section\" style=\"padding-top:70px;padding-bottom:20px;\">\r\n                                <div class=\"gravity-section-background\" data-stellar-ratio=\"0.5\" style=\"background-image: url(http:\/\/www.lrf.fr\/wp-content\/uploads\/2016\/08\/livre-lunette.png);background-color: #ffffff;\">\r\n                    <\/div>\r\n            \r\n    <div class=\"gravity-section-content\"><div class=\"container\"><h4 style=\"text-align: justify;\"><strong>Vous transportez des passagers en France\u00a0<\/strong><\/h4>\n<h5 style=\"text-align: justify; margin-top: 50px;\"><span style=\"color: #999999;\"><strong>devez-vous facturer la tva ? a quel taux ?<\/strong><\/span><\/h5>\n<hr class=\"\" style=\"width:5%;margin-left:0;\">\n<p style=\"text-align: justify;\">Les transports de passagers sont taxables en France au lieu o\u00f9 s\u2019effectue le transport en fonction des distances parcourues, au taux r\u00e9duit de 10 %.<\/p>\n<p style=\"text-align: justify;\"><strong>Cas d\u2019exon\u00e9ration\u00a0:<\/strong><\/p>\n<p style=\"text-align: justify;\">Les transports de passagers ci-apr\u00e8s sont exon\u00e9r\u00e9s de TVA\u00a0:<\/p>\n<ul>\n<li style=\"text-align: justify;\">Les transports de malades ou de bless\u00e9s \u00e0 l\u2019aide de v\u00e9hicules sp\u00e9cialement am\u00e9nag\u00e9s \u00e0 cet effet.<\/li>\n<li style=\"text-align: justify;\">Les transports a\u00e9riens de voyageurs en provenance <u>ou<\/u> \u00e0 destination de l\u2019\u00e9tranger ou de territoires et d\u00e9partements d\u2019outre-mer sont exon\u00e9r\u00e9s, m\u00eame pour la partie du trajet effectu\u00e9e au dessus du territoire national, d\u00e8s lors que le point de d\u00e9part ou le point d\u2019arriv\u00e9e sont situ\u00e9s en dehors de France.<\/li>\n<li style=\"text-align: justify;\">Les transports maritimes de voyageurs \u00e0 destination <u>ou<\/u> en provenance de l\u2019\u00e9tranger ou des territoires et d\u00e9partements d\u2019outre mer.<\/li>\n<li style=\"text-align: justify;\">Les transports ferroviaires de voyageurs \u00e0 destination <u>ou<\/u> en provenance de l\u2019\u00e9tranger sont imposables sur la partie fran\u00e7aise du parcours, par contre les transports ferroviaires en provenance <u>et<\/u> \u00e0 destination de l\u2019\u00e9tranger (transit) sont exon\u00e9r\u00e9s de TVA. Sont \u00e9galement exon\u00e9r\u00e9s les transports ferroviaires effectu\u00e9s en trafic international, les transports ferroviaires de groupes en trafic international dont l\u2019effectif correspond au moins \u00e0 la capacit\u00e9 d\u2019une voiture lit ou d\u2019une voiture de chemin de fer, au d\u00e9part et \u00e0 destination de localit\u00e9s desservies par des a\u00e9rodromes ouverts au trafic des passagers et les transports effectu\u00e9s dans le cadre de la liaison fixe transmanche.<\/li>\n<li style=\"text-align: justify;\">Les transports par route \u00e0 destination <u>ou<\/u> en provenance de l\u2019\u00e9tranger sont imposables sur la partie fran\u00e7aise du parcours, par contre les transports par route de voyageurs \u00e9trangers en provenance <u>et<\/u> \u00e0 destination de l\u2019\u00e9tranger (transit), circulant en groupe d\u2019au moins dix personnes sont exon\u00e9r\u00e9s de TVA.<\/li>\n<\/ul>\n<h5 style=\"text-align: justify; margin-top: 50px;\"><span style=\"color: #999999;\"><strong>DEVEZ-VOUS \u00caTRE IMMATRICULE A LA TVA EN FRANCE ?<\/strong><\/span><\/h5>\n<p style=\"text-align: justify;\"><hr class=\"\" style=\"width:5%;margin-left:0;\">\n<p style=\"text-align: justify;\">Les soci\u00e9t\u00e9s non \u00e9tablies en France qui r\u00e9alisent des op\u00e9rations pour lesquelles elles sont redevables de la TVA en France sont tenues aux m\u00eames obligations que les soci\u00e9t\u00e9s fran\u00e7aises.<br \/>\nSi votre soci\u00e9t\u00e9 est \u00e9tablie dans un autre pays de l\u2019Union elle doit s&rsquo;immatriculer \u00e0 la TVA en France pour acquitter la TVA et accomplir les obligations d\u00e9claratives qui lui incombent.<\/p>\n<p style=\"text-align: justify;\">Si elle est \u00e9tablie dans un pays hors de l\u2019Union Europ\u00e9enne n\u2019ayant pas conclu avec la France d\u2019accord d\u2019assistance administrative elle est tenue de d\u00e9signer en France un repr\u00e9sentant fiscal charg\u00e9 de l\u2019ensemble de ces formalit\u00e9s.<\/p>\n<h4 style=\"margin-top: 50px;\"><strong>Vous effectuez des ventes de biens \u00e0 bord d\u2019un bateau, d\u2019un avion ou d\u2019un train<\/strong><\/h4>\n<h5 style=\"text-align: justify; margin-top: 50px;\"><span style=\"color: #999999;\"><strong>devez-vous facturer la tva ?<\/strong><\/span><\/h5>\n<p style=\"text-align: justify;\"><hr class=\"\" style=\"width:5%;margin-left:0;\">\n<p style=\"text-align: justify;\">Les ventes de biens meubles corporels \u00e0 bord d\u2019un bateau, d\u2019un avion ou d\u2019un train sont taxables en France lorsque les biens se trouvent en France au moment du d\u00e9part d\u2019un transport <u>dont le lieu d\u2019arriv\u00e9e est situ\u00e9 dans un Etat membre de l\u2019Union Europ\u00e9enne.<\/u>\u00a0Il en va ainsi par exemple des ventes effectu\u00e9es \u00e0 bord de produits alimentaires pr\u00e9par\u00e9s en vue d\u2019une consommation imm\u00e9diate.<\/p>\n<p style=\"text-align: justify;\">Chaque trajet dans l\u2019Union Europ\u00e9enne avec embarquement ou d\u00e9barquement de passagers est consid\u00e9r\u00e9 comme un voyage.<\/p>\n<p style=\"text-align: justify;\">Les croisi\u00e8res fluviales, comprenant pour un prix global, outre le transport des passagers, des prestations de restauration et d\u2019h\u00e9bergement ou d\u2019autres prestations \u00e0 bord, sont consid\u00e9r\u00e9es pour les besoins de la TVA comme une prestation unique de transport soumise au taux r\u00e9duit.\u00a0A l\u2019inverse, les prestations ou livraisons de biens non comprises dans le prix global et factur\u00e9es s\u00e9par\u00e9ment (telles que les ventes \u00e0 bord ou en boutique) demeurent soumises au r\u00e9gime et au taux de TVA qui leur sont propres.<\/p>\n<p style=\"text-align: justify;\"><strong>Cas d\u2019exon\u00e9ration\u00a0:<\/strong><\/p>\n<ul>\n<li style=\"text-align: justify;\">Les livraisons de biens destin\u00e9s \u00e0 l\u2019avitaillement des moyens de transport <u>internationaux<\/u> sont exon\u00e9r\u00e9es de TVA dans certains cas\u00a0;<\/li>\n<li style=\"text-align: justify;\">Les ventes \u00e0 bord de biens \u00e0 consommer sur place ou \u00e0 emporter par les passagers <u>qui se rendent directement dans un pays tiers (hors de l\u2019Union Europ\u00e9enne)<\/u>. Le transfert de propri\u00e9t\u00e9 et la remise mat\u00e9rielle des biens doivent \u00eatre effectu\u00e9s \u00e0 bord du navire ou de l\u2019avion.<\/li>\n<\/ul>\n<h5 style=\"text-align: justify; margin-top: 50px;\"><span style=\"color: #999999;\"><strong>devez-vous \u00eatre immatricule a la tva en france ?<\/strong><\/span><\/h5>\n<p style=\"text-align: justify;\"><hr class=\"\" style=\"width:5%;margin-left:0;\">\n<p style=\"text-align: justify;\">Les soci\u00e9t\u00e9s non \u00e9tablies en France qui r\u00e9alisent des op\u00e9rations pour lesquelles elles sont redevables de la TVA en France sont tenues aux m\u00eames obligations que les soci\u00e9t\u00e9s fran\u00e7aises.<br \/>\nSi votre entreprise est \u00e9tablie dans un autre pays de l\u2019Union elle doit \u00eatre immatricul\u00e9e \u00e0 la TVA en France pour acquitter la TVA et accomplir les obligations d\u00e9claratives qui lui incombent.<\/p>\n<p style=\"text-align: justify;\">Si elle est \u00e9tablie dans un pays hors de l\u2019Union Europ\u00e9enne n\u2019ayant pas conclu avec la France d\u2019accord d\u2019assistance administrative elle est tenue de d\u00e9signer en France un repr\u00e9sentant fiscal charg\u00e9 de l\u2019ensemble de ces formalit\u00e9s.<\/p>\n<p style=\"text-align: justify;\">\n<\/div><\/div>\n                            \r\n        <\/section><!-- .gravity-section -->\r\n                    <div class=\"container\">\r\n                \r\n    \n<p>&nbsp;<\/p>\n<h4>QUE POUVONS-NOUS <span style=\"color: #850911;\">FAIRE POUR VOUS ?<\/span><\/h4>\n<hr class=\"\" style=\"width:5%;margin-left:0;\">\n<div class=\"row  \"><div class=\"col-sm-6 col-lg-6 col-md-6 \">\n<p style=\"text-align: justify;\"><strong><span style=\"color: #800000;\">EVALUER VOS OBLIGATIONS<\/span><\/strong>\u00a0en mati\u00e8re de TVA r\u00e9sultant des op\u00e9rations que vous r\u00e9alisez en France.<\/p>\n<p style=\"text-align: justify;\"><strong><span style=\"color: #800000;\">DEMANDER UN NUMERO DE TVA<\/span><\/strong>\u00a0en France,\u00a0ou \u00e9ventuellement dans d\u2019autres Etats membres de l\u2019Union Europ\u00e9enne \u00a0selon le cas (*).<\/p>\n<p style=\"text-align: justify;\"><a href=\"\/nos-services\/demande-dimmatriculation-a-tva-france\/\" class=\"btn btn-theme btn-small\">En savoir plus<\/a>\n<p style=\"text-align: justify;\"><span style=\"color: #800000;\"><strong>FOURNIR UN MODELE\u00a0<\/strong><\/span>de questionnaire pour la collecte des informations pertinentes aux fins des d\u00e9clarations de TVA p\u00e9riodiques.<\/p>\n<p style=\"text-align: justify;\"><strong><span style=\"color: #800000;\">EXAMINER LES FACTURES<\/span><\/strong>\u00a0de vente et factures d&rsquo;achat \u00e0 l&rsquo;appui des op\u00e9rations.<\/p>\n<p style=\"text-align: justify;\"><span style=\"color: #800000;\"><strong>COMMUNIQUER LES ERREURS<\/strong><\/span>\u00a0identifi\u00e9es, et conseiller sur la fa\u00e7on de rem\u00e9dier aux probl\u00e8mes potentiels.<\/p>\n<p style=\"text-align: justify;\"><span style=\"color: #800000;\"><strong>ASSURER LA LIAISON<\/strong><\/span>\u00a0avec les fournisseurs et les transitaires pour suivre les actions de correction.<\/p>\n<p style=\"text-align: justify;\"><span style=\"color: #800000;\"><strong>ETABLIR LES DECLARATIONS DE TVA<\/strong><\/span><\/p>\n<p style=\"text-align: justify;\"><a href=\"\/nos-services\/declarations-de-tva\/\" class=\"btn btn-theme btn-small\">En savoir plus<\/a>\n<\/div>\n<div class=\"col-sm-6 col-lg-6 col-md-6 \">\n<p style=\"text-align: justify;\"><span style=\"color: #800000;\"><strong>SUIVRE TOUT PAIEMENT<\/strong><\/span>\u00a0de la TVA due ou \u00e0 recevoir par vous.<\/p>\n<p style=\"text-align: justify;\">Pr\u00e9parer et d\u00e9poser les <strong><span style=\"color: #800000;\">DEMANDES DE REMBOURSEMENT DE LA TVA<\/span><\/strong> sur les d\u00e9penses professionnelles de biens et services.<\/p>\n<p style=\"text-align: justify;\"><a href=\"\/nos-services\/demandes-de-remboursement-de-tva\/\" class=\"btn btn-theme btn-small\">En savoir plus<\/a>\n<p style=\"text-align: justify;\">Agir<strong>\u00a0<\/strong>comme<strong><span style=\"color: #800000;\"> REPRESENTANT FISCAL<\/span> <\/strong>pour le compte des soci\u00e9t\u00e9s \u00e9tablies hors de l\u2019Union europ\u00e9enne n\u2019ayant pas conclu avec la France de convention d\u2019assistance administrative, ou comme simple <span style=\"color: #800000;\"><strong>MANDATAIRE<\/strong><\/span> fiscal pour le compte des soci\u00e9t\u00e9s \u00e9tablies dans l\u2019Union Europ\u00e9enne.<\/p>\n<p style=\"text-align: justify;\"><a href=\"\/nos-services\/representation-fiscale\/\" class=\"btn btn-theme btn-small\">En savoir plus<\/a>\n<p style=\"text-align: justify;\">Aide\u00a0\u00e0 la r\u00e9daction des <span style=\"color: #800000;\"><strong>REPONSES AUX DEMANDES D&rsquo;INFORMATIONS DES AUTORITES FISCALES<\/strong><\/span>, pr\u00e9sence lors des contr\u00f4les fiscaux, liaison avec les avocats \u00e0 l&rsquo;occasion de litiges fiscaux, etc.<\/p>\n<p style=\"text-align: justify;\"><strong><span style=\"color: #800000;\">R\u00c9UNION ANNUELLE<\/span><\/strong>\u00a0sur le suivi du dossier.<\/p>\n<p style=\"text-align: justify;\"><strong><span style=\"color: #800000;\">VEILLE REGLEMENTAIRE<\/span><\/strong>\u00a0et examen des incidences sur vos obligations d\u00e9claratives.<\/p>\n<p style=\"text-align: justify;\"><strong><span style=\"color: #800000;\">CONSEIL<\/span>\u00a0<\/strong>ou service administratif (r\u00e9daction des factures, taux de TVA applicable, etc).<\/p>\n<\/div><\/div>\n<hr class=\"dotted\" >\n<p style=\"text-align: left;\">(*)\u00a0<strong>En cas d\u2019immatriculation \u00e0 la TVA dans plusieurs pays de l\u2019Union Europ\u00e9enne, nos partenaires europ\u00e9ens de Tax Representatives Alliance (TRA) peuvent vous accompagner en vous offrant:<\/strong><\/p>\n<p style=\"text-align: left;\"><strong>Une assistance \u00e0 l&rsquo;enregistrement \u00e0 la TVA<\/strong> et aux formalit\u00e9s d\u00e9claratives et de paiement de la TVA.<\/p>\n<p style=\"text-align: left;\"><strong>Un seul contact<\/strong>, le gestionnaire de la relation client, qui coordonnera les formalit\u00e9s avec nos correspondants dans les diff\u00e9rents pays.<\/p>\n<p style=\"text-align: left;\"><strong>Un acc\u00e8s en ligne \u00e0 l\u2019extranet de TRA<\/strong> vous permettant de d\u00e9poser et t\u00e9l\u00e9charger des documents et des donn\u00e9es.<\/p>\n<p style=\"text-align: left;\"><strong>\u00a0<\/strong><a href=\"\/tax-representative-alliance\/\" class=\"btn btn-theme btn-small\">En Savoir Plus<\/a>\n<p style=\"text-align: center; margin-top: 70px;\"><strong>N\u2019h\u00e9sitez pas \u00e0 nous contacter pour toute assistance ou toute question\u00a0!<\/strong><\/p>\n<p style=\"text-align: center; margin-bottom: 50px;\"><a href=\"\/contact\/\" class=\"btn btn-theme btn-small\">Contactez-nous<\/a>\n<p style=\"text-align: center;\"><div style=\"height: 40px\"><\/div>\n                    <\/div>\r\n            \r\n        <section class=\"gravity-section\" style=\"height:autopx;\">\r\n                                <div class=\"gravity-section-background\"  style=\"background-color: #dd9933;\">\r\n                    <\/div>\r\n            \r\n    <div class=\"gravity-section-content\"><div class=\"google-map\" data-lat=\"48.8802626\" data-lng=\"2.2773509\" data-zoom=\"15\" data-title=\"localisation\" data-height=\"300\" data-color=\"\" data-saturation=\"-100\"><\/div>\n<\/div>\n                            \r\n        <\/section><!-- .gravity-section -->\r\n                    <div class=\"container\">\r\n                \r\n    <\/p>","protected":false},"excerpt":{"rendered":"<p>&nbsp; QUE POUVONS-NOUS FAIRE POUR VOUS ? (*)\u00a0En cas d\u2019immatriculation \u00e0 la TVA dans plusieurs pays de l\u2019Union Europ\u00e9enne, nos partenaires europ\u00e9ens de Tax Representatives Alliance (TRA) peuvent vous accompagner en vous offrant: Une assistance \u00e0 l&rsquo;enregistrement \u00e0 la TVA et aux formalit\u00e9s d\u00e9claratives et de paiement de la TVA. Un seul contact, le gestionnaire [&hellip;]<\/p>\n","protected":false},"author":1,"featured_media":0,"parent":169,"menu_order":0,"comment_status":"closed","ping_status":"closed","template":"","meta":{"footnotes":""},"class_list":["post-332","page","type-page","status-publish","hentry"],"_links":{"self":[{"href":"https:\/\/www.lrf.fr\/fr\/wp-json\/wp\/v2\/pages\/332","targetHints":{"allow":["GET"]}}],"collection":[{"href":"https:\/\/www.lrf.fr\/fr\/wp-json\/wp\/v2\/pages"}],"about":[{"href":"https:\/\/www.lrf.fr\/fr\/wp-json\/wp\/v2\/types\/page"}],"author":[{"embeddable":true,"href":"https:\/\/www.lrf.fr\/fr\/wp-json\/wp\/v2\/users\/1"}],"replies":[{"embeddable":true,"href":"https:\/\/www.lrf.fr\/fr\/wp-json\/wp\/v2\/comments?post=332"}],"version-history":[{"count":46,"href":"https:\/\/www.lrf.fr\/fr\/wp-json\/wp\/v2\/pages\/332\/revisions"}],"predecessor-version":[{"id":2712,"href":"https:\/\/www.lrf.fr\/fr\/wp-json\/wp\/v2\/pages\/332\/revisions\/2712"}],"up":[{"embeddable":true,"href":"https:\/\/www.lrf.fr\/fr\/wp-json\/wp\/v2\/pages\/169"}],"wp:attachment":[{"href":"https:\/\/www.lrf.fr\/fr\/wp-json\/wp\/v2\/media?parent=332"}],"curies":[{"name":"wp","href":"https:\/\/api.w.org\/{rel}","templated":true}]}}