


{"id":328,"date":"2016-08-17T16:49:34","date_gmt":"2016-08-17T14:49:34","guid":{"rendered":"http:\/\/www.lrf.fr\/?page_id=328"},"modified":"2019-06-05T09:33:03","modified_gmt":"2019-06-05T07:33:03","slug":"organisation-de-salons-conferences-france","status":"publish","type":"page","link":"https:\/\/www.lrf.fr\/fr\/activites\/organisation-de-salons-et-conferences-en-france\/","title":{"rendered":"Organisation de salons et conf\u00e9rences en France"},"content":{"rendered":"<p><meta name=\"description\" content=\"ORGANISATION DE SALONS ET CONF\u00c9RENCES EN FRANCE. VOUS ORGANISEZ DES SALONS OU DES CONF\u00c9RENCES EN FRANCE. QUE POUVONS NOUS FAIRE POUR VOUS?\"><\/p>\n                    <\/div>\r\n            \r\n        <section class=\"gravity-section\" style=\"height:autopx;\">\r\n                                <div class=\"gravity-section-background\"  style=\"background-color: #dd9933;\">\r\n                    <\/div>\r\n            \r\n    <div class=\"gravity-section-content\"><p><img decoding=\"async\" loading=\"lazy\" class=\"aligncenter wp-image-115\" src=\"http:\/\/www.lrf.fr\/wp-content\/uploads\/2016\/11\/organisation-salon-conference.jpg\" alt=\"Organisation de salon et de confe\u0301rence en france_Act\" width=\"1200\" height=\"433\" \/><\/p>\n<\/div>\n                            \r\n        <\/section><!-- .gravity-section -->\r\n                    <div class=\"container\">\r\n                \r\n    \n                    <\/div>\r\n            \r\n        <section class=\"gravity-section\" style=\"padding-top:70px;padding-bottom:20px;\">\r\n                                <div class=\"gravity-section-background\" data-stellar-ratio=\"0.5\" style=\"background-image: url(http:\/\/www.lrf.fr\/wp-content\/uploads\/2016\/08\/livre-lunette.png);background-color: #ffffff;\">\r\n                    <\/div>\r\n            \r\n    <div class=\"gravity-section-content\"><div class=\"container\"><h4 style=\"text-align: justify;\"><strong>Vous organisez des salons ou des conf\u00e9rences en France<\/strong><\/h4>\n<h5 style=\"text-align: left; margin-top: 50px;\"><span style=\"color: #999999;\"><strong>POUVEZ-VOUS OBTENIR LE REMBOURSEMENT DE LA TVA FACTUREE SUR LES DEPENSES ENGAGEES EN FRANCE POUR L&rsquo;ORGANISATION DU SALON ?<\/strong><\/span><\/h5>\n<hr class=\"\" style=\"width:5%;margin-left:0;\">\n<p style=\"text-align: justify;\"><strong>D\u00e9penses pour lesquelles la TVA est r\u00e9cup\u00e9rable :<\/strong><\/p>\n<ul>\n<li style=\"text-align: justify;\">Location des locaux pour la dur\u00e9e n\u00e9cessaire \u00e0 l\u2019organisation du salon<\/li>\n<li style=\"text-align: justify;\">Importations de biens<\/li>\n<li style=\"text-align: justify;\">Parkings, gardiennage-s\u00e9curit\u00e9<\/li>\n<li style=\"text-align: justify;\">Frais d\u2019h\u00e9bergement des invit\u00e9s (mais pas du personnel de l\u2019organisateur de salon)<\/li>\n<li style=\"text-align: justify;\">Frais de repas d\u2019affaires pour les invit\u00e9s et le personnel.<\/li>\n<\/ul>\n<p style=\"text-align: justify;\">Les d\u00e9penses doivent \u00eatre li\u00e9es \u00e0 l\u2019organisation du salon et doivent \u00eatre justifi\u00e9es par des factures et documents d\u2019importation valablement \u00e9tablis au nom de votre soci\u00e9t\u00e9.<br \/>\nCertaines d\u00e9penses sont n\u00e9anmoins exclues par nature du droit \u00e0 d\u00e9duction,\u00a0m\u00eame si elles ont un caract\u00e8re professionnel :<\/p>\n<ul>\n<li style=\"text-align: justify;\">Frais de transport de personnes, de location de voiture\u00a0;<\/li>\n<li style=\"text-align: justify;\">Frais d\u2019h\u00e9bergement du personnel\u00a0et frais de nourriture s\u2019ils ne sont pas en rapport avec un repas d\u2019affaires.<\/li>\n<\/ul>\n<p style=\"text-align: justify;\">Enfin, certaines d\u00e9penses ne doivent en principe pas \u00eatre soumises \u00e0 TVA, telles les frais de publicit\u00e9 et marketing et de transport de biens, qui sont r\u00e9put\u00e9es fournies au lieu d\u2019\u00e9tablissement du preneur de services.<br \/>\nEn ce qui concerne les frais techniques, il convient de distinguer s\u2019il s\u2019agit soit de services relatifs \u00e0 un immeuble (ex.\u00a0: nettoyage des locaux, etc.), lesquels sont toujours soumis \u00e0 la TVA, soit d\u2019autres prestations qui sont r\u00e9put\u00e9es fournies au lieu d\u2019\u00e9tablissement du preneur de services et ne sont donc pas soumises \u00e0 la TVA fran\u00e7aise lorsque le preneur de services est \u00e9tabli hors de France.<\/p>\n<h5 style=\"text-align: justify; margin-top: 50px;\"><span style=\"color: #999999;\"><strong>devez-vous facturer vos prestations avec tva a vos clients ?<\/strong><\/span><\/h5>\n<hr class=\"\" style=\"width:5%;margin-left:0;\">\n<ul>\n<li style=\"text-align: justify;\">\u009f<strong>Billets d\u2019entr\u00e9e<\/strong><strong><br \/>\n<\/strong>Les billets vendus aux visiteurs sont soumis \u00e0 la TVA.<br \/>\nLes billets qui peuvent \u00eatre consentis aux exposants dans le cadre d\u2019une prestation complexe ne suivent pas le m\u00eame r\u00e9gime (voir ci-apr\u00e8s).<\/li>\n<\/ul>\n<ul>\n<li style=\"text-align: justify;\"><strong>Droits d\u2019acc\u00e8s \u00e0 la conf\u00e9rence<br \/>\n<\/strong>Ils sont en principe soumis \u00e0 la TVA.<br \/>\nLa TVA n\u2019a pas \u00e0 \u00eatre factur\u00e9e si vous \u00eates un organisateur \u00e9tabli hors de France et si les participants sont identifi\u00e9s \u00e0 la TVA en France, car dans ce cas il appartient \u00e0 ces derniers d\u2019auto-liquider la taxe due en France.<\/li>\n<\/ul>\n<ul>\n<li style=\"text-align: justify;\"><strong>Location de stands<br \/>\n<\/strong>Le r\u00e9gime de TVA applicable peut varier suivant que la mise \u00e0 disposition des locaux s\u2019accompagne ou non d\u2019autres services fournis pour un prix forfaitaire\u00a0:<\/li>\n<\/ul>\n<p style=\"text-align: justify; padding-left: 30px;\">1- <u>Fourniture d\u2019un ensemble de services formant une prestation complexe<\/u><\/p>\n<p style=\"text-align: justify; padding-left: 30px;\">Si les services fournis aux exposants sont un ensemble complexe de services fournis pour un prix global (ex.\u00a0: mise \u00e0 disposition d\u2019un stand sur le site d\u2019une exposition avec d\u2019autres services connexes en vue de permettre \u00e0 l\u2019exposant de pr\u00e9senter des objets, tels que la conception du stand, le transport des objets destin\u00e9s \u00e0 \u00eatre expos\u00e9s, la fourniture de machines, le c\u00e2blage, l\u2019assurance, l\u2019entreposage de ce qui doit \u00eatre expos\u00e9 et la fourniture de mat\u00e9riel promotionnel), la prestation prise dans son ensemble ne sera pas soumise \u00e0 la TVA fran\u00e7aise si l\u2019exposant est \u00e9tabli en dehors de la France.<br \/>\nLa TVA n\u2019a pas \u00e0 \u00eatre factur\u00e9e si vous \u00eates un organisateur \u00e9tabli hors de France et si les exposants sont identifi\u00e9s \u00e0 la TVA en France, car il appartient \u00e0 ces derniers d\u2019auto-liquider la taxe.<\/p>\n<p style=\"text-align: justify; padding-left: 30px;\">2- <span style=\"text-decoration: underline;\">Location<\/span><u> de stand proprement dite (sans autres prestations)<\/u><\/p>\n<p style=\"text-align: justify; padding-left: 30px;\">En revanche, si les services fournis aux exposants se limitent \u00e0 la mise \u00e0 disposition d\u2019un espace d\u00e9termin\u00e9 et \u00e9ventuellement \u00e0 des services accessoires limit\u00e9s au nettoyage et de gardiennage, la prestation est soumise \u00e0 TVA au titre de services relatifs \u00e0 un immeuble.<br \/>\nLa TVA n\u2019a pas \u00e0 \u00eatre factur\u00e9e si vous \u00eates un organisateur \u00e9tabli hors de France et si les exposants sont identifi\u00e9s \u00e0 la TVA en France, car il appartient \u00e0 ces derniers d\u2019auto-liquider la taxe.<\/p>\n<h5 style=\"text-align: justify; margin-top: 50px;\"><span style=\"color: #999999;\"><strong>devez-vous \u00eatre Immatricule \u00e0 la TVA en France ?<\/strong><\/span><\/h5>\n<p style=\"text-align: justify;\"><hr class=\"\" style=\"width:5%;margin-left:0;\">\n<p style=\"text-align: justify;\">Si votre soci\u00e9t\u00e9 est redevable de la TVA sur certaines prestations (ex.\u00a0: droit d\u2019acc\u00e8s au salon factur\u00e9 \u00e0 des personnes non immatricul\u00e9es \u00e0 la TVA en France), elle est soumise \u00e0 des formalit\u00e9s d\u00e9claratives et de paiement de la TVA et est donc tenue de s&rsquo;identifier \u00e0 la TVA en France.<\/p>\n<p style=\"text-align: justify;\">Elle doit en outre d\u00e9signer un repr\u00e9sentant fiscal si elle est \u00e9tablie dans un pays hors de l\u2019Union Europ\u00e9enne n\u2019ayant pas sign\u00e9 de convention d\u2019assistance administrative avec la France.<\/p>\n<p style=\"text-align: justify;\">Ces formalit\u00e9s doivent en principe \u00eatre r\u00e9alis\u00e9es avant le moment auquel la taxe devient exigible, c\u2019est-\u00e0-dire avant le paiement des acomptes ou du prix des prestations taxables.\u00a0 Ainsi, votre soci\u00e9t\u00e9 peut devoir s&rsquo;identifier \u00e0 la TVA bien avant le d\u00e9but de la manifestation si par exemple des entr\u00e9es sont vendues en pr\u00e9-vente, car dans ce cas la taxe devient exigible d\u00e8s l\u2019encaissement du prix des entr\u00e9es.<\/p>\n<p style=\"text-align: justify;\">La TVA sur les achats de biens et services est d\u00e9duite de la TVA collect\u00e9e sur les ventes ou peut \u00eatre demand\u00e9e en remboursement en cas de solde cr\u00e9diteur de TVA.<\/p>\n<p style=\"text-align: left;\">\n<\/div><\/div>\n                            \r\n        <\/section><!-- .gravity-section -->\r\n                    <div class=\"container\">\r\n                \r\n    \n<p>&nbsp;<\/p>\n<h4>QUE POUVONS-NOUS <span style=\"color: #850911;\">FAIRE POUR VOUS ?<\/span><\/h4>\n<hr class=\"\" style=\"width:5%;margin-left:0;\">\n<div class=\"row  \"><div class=\"col-sm-6 col-lg-6 col-md-6 \">\n<p><span style=\"color: #800000;\"><strong>EVALUER VOS OBLIGATIONS<\/strong><\/span>\u00a0en mati\u00e8re de TVA r\u00e9sultant des op\u00e9rations que vous r\u00e9alisez en France.<\/p>\n<p><span style=\"color: #800000;\"><strong>DEMANDER UN NUMERO DE TVA<\/strong><\/span>\u00a0en France,<\/p>\n<a href=\"\/nos-services\/demande-dimmatriculation-a-tva-france\/\" class=\"btn btn-theme btn-small\">En savoir plus<\/a>\n<p>&nbsp;<\/p>\n<p><span style=\"color: #800000;\"><strong>FOURNIR UN MODELE<\/strong><\/span>\u00a0de questionnaire pour la collecte des informations pertinentes aux fins des d\u00e9clarations de TVA p\u00e9riodiques.<\/p>\n<p><span style=\"color: #800000;\"><strong>EXAMINER LES FACTURES<\/strong><\/span>\u00a0de vente et factures d&rsquo;achat \u00e0 l&rsquo;appui des op\u00e9rations.<\/p>\n<p><span style=\"color: #800000;\"><strong>CONTR<\/strong><\/span><span class=\"s1\"><b><span style=\"color: #800000;\">\u00d4LER LA COHERENCE<\/span><\/b><\/span>\u00a0entre les achats et les ventes.<\/p>\n<p><span style=\"color: #800000;\"><strong>COMMUNIQUER LES ERREURS<\/strong><\/span>\u00a0identifi\u00e9es, et conseiller sur la fa\u00e7on de rem\u00e9dier aux probl\u00e8mes potentiels.<\/p>\n<p><strong><span style=\"color: #800000;\">ASSURER LA LIAISON<\/span><\/strong>\u00a0avec les fournisseurs et les transitaires pour suivre les actions de correction.<\/p>\n<p><span style=\"color: #800000;\"><strong>ETABLIR LES DECLARATIONS DE TVA<\/strong><\/span><\/p>\n<a href=\"\/nos-services\/declarations-de-tva\/\" class=\"btn btn-theme btn-small\">En savoir plus<\/a>\n<\/div>\n<div class=\"col-sm-6 col-lg-6 col-md-6 \">\n<p><span style=\"color: #800000;\"><strong>SUIVRE TOUT PAIEMENT<\/strong><\/span>\u00a0de la TVA due ou \u00e0 recevoir par vous.<\/p>\n<p>Pr\u00e9parer et d\u00e9poser les <span style=\"color: #800000;\"><strong>DEMANDES DE REMBOURSEMENT DE LA TVA<\/strong><\/span> sur les d\u00e9penses professionnelles de biens et services.<\/p>\n<a href=\"\/nos-services\/demandes-de-remboursement-de-tva\/\" class=\"btn btn-theme btn-small\">En savoir plus<\/a>\n<p><em>\u00a0<\/em><\/p>\n<p>Agir<strong>\u00a0<\/strong>comme<strong><span style=\"color: #800000;\"> REPRESENTANT FISCAL<\/span><\/strong> pour les soci\u00e9t\u00e9s \u00e9tablies dans un pays hors de l\u2019Union Europ\u00e9enne n\u2019ayant pas conclu avec la France de convention d\u2019assistance administrative.<\/p>\n<a href=\"\/nos-services\/representation-fiscale\/\" class=\"btn btn-theme btn-small\">En savoir plus<\/a>\n<p>&nbsp;<\/p>\n<p>Aide \u00e0 la r\u00e9daction des<span style=\"color: #800000;\"><strong> REPONSES AUX DEMANDES D&rsquo;INFORMATIONS DES AUTORITES FISCALES<\/strong><\/span>, pr\u00e9sence lors des contr\u00f4les fiscaux, liaison avec les avocats \u00e0 l&rsquo;occasion de litiges fiscaux, etc.<\/p>\n<p><span style=\"color: #800000;\"><strong>R\u00c9UNION ANNUELLE<\/strong><\/span>\u00a0sur le suivi du dossier.<\/p>\n<p><span style=\"color: #800000;\"><strong>VEILLE REGLEMENTAIRE<\/strong><\/span>\u00a0et examen des incidences sur vos obligations d\u00e9claratives.<\/p>\n<p><span style=\"color: #800000;\"><strong>CONSEIL<\/strong><\/span>\u00a0ou service administratif (r\u00e9daction des factures, taux de TVA applicable, etc).<\/p>\n<p>&nbsp;<\/p>\n<\/div><\/div>\n<p>&nbsp;<\/p>\n<p style=\"text-align: center;\"><strong>N\u2019h\u00e9sitez pas \u00e0 nous contacter pour toute assistance ou toute question\u00a0!<\/strong><\/p>\n<p style=\"text-align: center; margin-bottom: 50px;\"><a href=\"\/contact\/\" class=\"btn btn-theme btn-small\">Contactez-nous<\/a>\n<p style=\"text-align: center;\"><div style=\"height: 40px\"><\/div>\n                    <\/div>\r\n            \r\n        <section class=\"gravity-section\" style=\"height:autopx;\">\r\n                                <div class=\"gravity-section-background\"  style=\"background-color: #dd9933;\">\r\n                    <\/div>\r\n            \r\n    <div class=\"gravity-section-content\"><div class=\"google-map\" data-lat=\"48.8802626\" data-lng=\"2.2773509\" data-zoom=\"15\" data-title=\"localisation\" data-height=\"300\" data-color=\"\" data-saturation=\"-100\"><\/div>\n<\/div>\n                            \r\n        <\/section><!-- .gravity-section -->\r\n                    <div class=\"container\">\r\n                \r\n    <\/p>","protected":false},"excerpt":{"rendered":"<p>&nbsp; QUE POUVONS-NOUS FAIRE POUR VOUS ? &nbsp; N\u2019h\u00e9sitez pas \u00e0 nous contacter pour toute assistance ou toute question\u00a0!<\/p>\n","protected":false},"author":1,"featured_media":0,"parent":169,"menu_order":0,"comment_status":"closed","ping_status":"closed","template":"","meta":[],"_links":{"self":[{"href":"https:\/\/www.lrf.fr\/fr\/wp-json\/wp\/v2\/pages\/328"}],"collection":[{"href":"https:\/\/www.lrf.fr\/fr\/wp-json\/wp\/v2\/pages"}],"about":[{"href":"https:\/\/www.lrf.fr\/fr\/wp-json\/wp\/v2\/types\/page"}],"author":[{"embeddable":true,"href":"https:\/\/www.lrf.fr\/fr\/wp-json\/wp\/v2\/users\/1"}],"replies":[{"embeddable":true,"href":"https:\/\/www.lrf.fr\/fr\/wp-json\/wp\/v2\/comments?post=328"}],"version-history":[{"count":63,"href":"https:\/\/www.lrf.fr\/fr\/wp-json\/wp\/v2\/pages\/328\/revisions"}],"predecessor-version":[{"id":2742,"href":"https:\/\/www.lrf.fr\/fr\/wp-json\/wp\/v2\/pages\/328\/revisions\/2742"}],"up":[{"embeddable":true,"href":"https:\/\/www.lrf.fr\/fr\/wp-json\/wp\/v2\/pages\/169"}],"wp:attachment":[{"href":"https:\/\/www.lrf.fr\/fr\/wp-json\/wp\/v2\/media?parent=328"}],"curies":[{"name":"wp","href":"https:\/\/api.w.org\/{rel}","templated":true}]}}