


{"id":324,"date":"2016-08-17T16:34:19","date_gmt":"2016-08-17T14:34:19","guid":{"rendered":"http:\/\/www.lrf.fr\/?page_id=324"},"modified":"2019-06-05T09:37:14","modified_gmt":"2019-06-05T07:37:14","slug":"ventes-dalcools-entrepot-daccises","status":"publish","type":"page","link":"https:\/\/www.lrf.fr\/fr\/activites\/vente-dalcools-en-entrepot-daccises\/","title":{"rendered":"Vente d&rsquo;alcools en entrep\u00f4t d&rsquo;accises"},"content":{"rendered":"<p><meta name=\"description\" content=\"Vente d\u2019alcools en entrep\u00f4t d\u2019accises. Vous vendez des alcools plac\u00e9s sous entrep\u00f4t d\u2019accises en france. Que pouvons-nous faire pour vous?\"><\/p>\n                    <\/div>\r\n            \r\n        <section class=\"gravity-section\" style=\"height:autopx;\">\r\n                                <div class=\"gravity-section-background\"  style=\"background-color: #dd9933;\">\r\n                    <\/div>\r\n            \r\n    <div class=\"gravity-section-content\"><p><img loading=\"lazy\" decoding=\"async\" class=\"aligncenter wp-image-119\" src=\"http:\/\/www.lrf.fr\/wp-content\/uploads\/2016\/08\/VEnte-Alcool-et-entrepots_Act.jpg\" alt=\"VEnte Alcool et entrepots_Act\" width=\"1200\" height=\"433\" srcset=\"https:\/\/www.lrf.fr\/wp-content\/uploads\/2016\/08\/VEnte-Alcool-et-entrepots_Act.jpg 1029w, https:\/\/www.lrf.fr\/wp-content\/uploads\/2016\/08\/VEnte-Alcool-et-entrepots_Act-300x108.jpg 300w, https:\/\/www.lrf.fr\/wp-content\/uploads\/2016\/08\/VEnte-Alcool-et-entrepots_Act-768x277.jpg 768w\" sizes=\"auto, (max-width: 1200px) 100vw, 1200px\" \/><\/p>\n<\/div>\n                            \r\n        <\/section><!-- .gravity-section -->\r\n                    <div class=\"container\">\r\n                \r\n    \n                    <\/div>\r\n            \r\n        <section class=\"gravity-section\" style=\"padding-top:70px;padding-bottom:20px;\">\r\n                                <div class=\"gravity-section-background\" data-stellar-ratio=\"0.5\" style=\"background-image: url(http:\/\/www.lrf.fr\/wp-content\/uploads\/2016\/08\/livre-lunette.png);background-color: #ffffff;\">\r\n                    <\/div>\r\n            \r\n    <div class=\"gravity-section-content\"><div class=\"container\"><h4 style=\"text-align: justify;\"><strong>Vous vendez des alcools plac\u00e9s sous entrep\u00f4t d\u2019accises en France<\/strong><\/h4>\n<h5 style=\"text-align: justify;  margin-top:50px;\"><span style=\"color: #999999;\"><strong>DEVEZ-VOUS FACTURER LA TVA ? DEVEZ-VOUS ETRE IMMATRICULE A LA TVA ?<\/strong><\/span><\/h5>\n<hr class=\"\" style=\"width:5%;margin-left:0;\">\n<p style=\"text-align: justify;\">Contrairement \u00e0 ce qui se passe dans d&rsquo;autres Etats membres de l&rsquo;Union europ\u00e9enne (par exemple en Belgique) \u2013 le r\u00e9gime de l&rsquo;entrep\u00f4t d\u2019accise en France ne suspend pas la TVA, d&rsquo;o\u00f9 la n\u00e9cessit\u00e9 de s\u2019immatriculer \u00e0 la TVA si les produits d&rsquo;accises :<\/p>\n<p style=\"text-align: justify;\">(i)\u00a0\u00a0\u00a0\u00a0\u00a0\u00a0\u00a0 ne sont pas stock\u00e9s dans un entrep\u00f4t douanier, ni dans un entrep\u00f4t de TVA,<\/p>\n<p style=\"text-align: justify;\">(ii) \u00a0 \u00a0 \u00a0 ne sont pas fournis \u00e0 des clients immatricul\u00e9s \u00e0 la TVA en France,<\/p>\n<p style=\"text-align: justify;\">(iii) \u00a0 \u00a0 \u00a0sont exp\u00e9di\u00e9s depuis la France en vue d\u2019une livraison dans un autre Etat membre de l&rsquo;Union europ\u00e9enne (UE) ou en dehors de l&rsquo;UE.<\/p>\n<p style=\"text-align: justify;\">En ce qui concerne le cas (i), la TVA fran\u00e7aise due sur les livraisons effectu\u00e9es lorsque les marchandises sont (destin\u00e9es \u00e0 \u00eatre) plac\u00e9es sous l\u2019entrep\u00f4t douanier ou de TVA est suspendue jusqu&rsquo;\u00e0 ce que le client final sorte les marchandises de l&rsquo;entrep\u00f4t, l&rsquo;obligation de payer la TVA en raison de la derni\u00e8re transaction \u00e9tant report\u00e9e sur le client final. Vous b\u00e9n\u00e9ficiez d\u2019une dispense d\u2019immatriculation \u00e0 la TVA si les marchandises sont livr\u00e9es sous un r\u00e9gime d\u2019entrep\u00f4t suspensif de TVA (et de droits d&rsquo;accise).<\/p>\n<p style=\"text-align: justify;\">En ce qui concerne le cas (ii), le paiement de la TVA due est \u00e9galement report\u00e9 sur le client (auto-liquidation) aussi longtemps que le fournisseur est \u00e9tabli hors de France et que le client est immatricul\u00e9 \u00e0 la TVA en France (pas d\u2019obligation de s\u2019identifier \u00e0 la TVA dans ce cas, sous r\u00e9serve des exceptions ci-apr\u00e8s). Si vous livrez des biens en France \u00e0 des clients qui ne sont pas immatricul\u00e9s \u00e0 la TVA en France, votre entreprise doit se faire identifier \u00e0 la TVA en France.<\/p>\n<p style=\"text-align: justify;\">En ce qui concerne le cas (iii) votre entreprise est tenue de s\u2019immatriculer \u00e0 la TVA en France si elle fournit des biens exp\u00e9di\u00e9s depuis la France vers un autre Etat membre de l&rsquo;UE (livraisons intracommunautaires de biens exp\u00e9di\u00e9s depuis la France) ou vers un pays tiers (exportations de marchandises exp\u00e9di\u00e9es depuis\u00a0France).<\/p>\n<p style=\"text-align: justify;\">\n<\/div><\/div>\n                            \r\n        <\/section><!-- .gravity-section -->\r\n                    <div class=\"container\">\r\n                \r\n    \n<h4><\/h4>\n<h4>QUE POUVONS-NOUS <span style=\"color: #850911;\">FAIRE POUR VOUS ?<\/span><\/h4>\n<hr class=\"\" style=\"width:5%;margin-left:0;\">\n<div class=\"row  \"><div class=\"col-sm-6 col-lg-6 col-md-6 \">\n<p><strong><span style=\"color: #800000;\">EVALUER VOS OBLIGATIONS<\/span><\/strong>\u00a0en mati\u00e8re de TVA r\u00e9sultant des op\u00e9rations que vous r\u00e9alisez en France.<\/p>\n<p><strong><span style=\"color: #800000;\">DEMANDER UN NUMERO DE TVA<\/span><\/strong>\u00a0en France,<\/p>\n<a href=\"\/nos-services\/demande-dimmatriculation-a-tva-france\/\" class=\"btn btn-theme btn-small\">En savoir plus<\/a>\n<p>&nbsp;<\/p>\n<p><strong><span style=\"color: #800000;\">FOURNIR UN MODELE<\/span><\/strong>\u00a0de questionnaire pour la collecte des informations pertinentes aux fins des d\u00e9clarations de TVA p\u00e9riodiques.<\/p>\n<p><strong><span style=\"color: #800000;\">EXAMINER LES FACTURES<\/span><\/strong>\u00a0de vente et factures d&rsquo;achat \u00e0 l&rsquo;appui des op\u00e9rations.<\/p>\n<p><span style=\"color: #333333;\">R\u00e9aliser des<\/span><strong><span style=\"color: #800000;\"> TESTS DE COHERENCE<\/span><\/strong>\u00a0des montants d\u2019achats et ventes.<\/p>\n<p><strong><span style=\"color: #800000;\">COMMUNIQUER LES ERREURS\u00a0<\/span><\/strong>identifi\u00e9es, et conseiller sur la fa\u00e7on de rem\u00e9dier aux probl\u00e8mes potentiels.<\/p>\n<p><strong><span style=\"color: #800000;\">ASSURER LA LIAISON<\/span><\/strong>\u00a0avec les fournisseurs et les transitaires pour suivre les actions de correction.<\/p>\n<p><span style=\"color: #800000;\"><strong>ETABLIR LES DECLARATIONS DE TVA<\/strong><\/span><\/p>\n<a href=\"\/nos-services\/declarations-de-tva\/\" class=\"btn btn-theme btn-small\">En savoir plus<\/a>\n<\/div>\n<div class=\"col-sm-6 col-lg-6 col-md-6 \">\n<p><span style=\"color: #800000;\"><strong>SUIVRE TOUT PAIEMENT<\/strong><\/span>\u00a0de la TVA due ou \u00e0 recevoir par vous.<\/p>\n<p>Pr\u00e9parer et d\u00e9poser<strong>\u00a0<\/strong>les <strong><span style=\"color: #800000;\">DEMANDES DE REMBOURSEMENT DE LA TVA<\/span><\/strong> sur les d\u00e9penses professionnelles de biens et services.<\/p>\n<a href=\"\/nos-services\/demandes-de-remboursement-de-tva\/\" class=\"btn btn-theme btn-small\">En savoir plus<\/a>\n<p><em>\u00a0<\/em><\/p>\n<p>Agir<strong>\u00a0<\/strong>comme<strong><span style=\"color: #800000;\"> REPRESENTANT FISCAL<\/span><\/strong> pour les soci\u00e9t\u00e9s \u00e9tablies dans un pays hors de l\u2019Union Europ\u00e9enne n\u2019ayant pas conclu avec la France de convention d\u2019assistance administrative.<\/p>\n<a href=\"\/nos-services\/representation-fiscale\/\" class=\"btn btn-theme btn-small\">En savoir plus<\/a>\n<p>&nbsp;<\/p>\n<p>Aide<strong>\u00a0<\/strong>\u00e0 la r\u00e9daction des <span style=\"color: #800000;\"><strong>REPONSES AUX DEMANDES D&rsquo;INFORMATIONS DES AUTORITES FISCALES<\/strong><\/span>, pr\u00e9sence lors des contr\u00f4les fiscaux, liaison avec les avocats \u00e0 l&rsquo;occasion de litiges fiscaux, etc.<\/p>\n<p><span style=\"color: #800000;\"><strong>R\u00c9UNION ANNUELLE<\/strong><\/span>\u00a0sur le suivi du dossier.<\/p>\n<p><strong><span style=\"color: #800000;\">VEILLE REGLEMENTAIRE<\/span><\/strong>\u00a0et examen des incidences sur vos obligations d\u00e9claratives.<\/p>\n<p><strong><span style=\"color: #800000;\">CONSEIL<\/span>\u00a0<\/strong>ou service administratif (r\u00e9daction des factures, taux de TVA applicable, etc).<\/p>\n<\/div><\/div>\n<p>&nbsp;<\/p>\n<p style=\"text-align: center;\"><strong>N\u2019h\u00e9sitez pas \u00e0 nous contacter pour toute assistance ou toute question\u00a0!<\/strong><\/p>\n<p style=\"text-align: center; margin-bottom:50px;\"><a href=\"\/contact\/\" class=\"btn btn-theme btn-small\">Contactez-nous<\/a>\n<p style=\"text-align: center;\"><div style=\"height: 40px\"><\/div>\n                    <\/div>\r\n            \r\n        <section class=\"gravity-section\" style=\"height:autopx;\">\r\n                                <div class=\"gravity-section-background\"  style=\"background-color: #dd9933;\">\r\n                    <\/div>\r\n            \r\n    <div class=\"gravity-section-content\"><div class=\"google-map\" data-lat=\"48.8802626\" data-lng=\"2.2773509\" data-zoom=\"15\" data-title=\"localisation\" data-height=\"300\" data-color=\"\" data-saturation=\"-100\"><\/div>\n<\/div>\n                            \r\n        <\/section><!-- .gravity-section -->\r\n                    <div class=\"container\">\r\n                \r\n    <\/p>","protected":false},"excerpt":{"rendered":"<p>QUE POUVONS-NOUS FAIRE POUR VOUS ? &nbsp; N\u2019h\u00e9sitez pas \u00e0 nous contacter pour toute assistance ou toute question\u00a0!<\/p>\n","protected":false},"author":1,"featured_media":0,"parent":169,"menu_order":0,"comment_status":"closed","ping_status":"closed","template":"","meta":{"footnotes":""},"class_list":["post-324","page","type-page","status-publish","hentry"],"_links":{"self":[{"href":"https:\/\/www.lrf.fr\/fr\/wp-json\/wp\/v2\/pages\/324","targetHints":{"allow":["GET"]}}],"collection":[{"href":"https:\/\/www.lrf.fr\/fr\/wp-json\/wp\/v2\/pages"}],"about":[{"href":"https:\/\/www.lrf.fr\/fr\/wp-json\/wp\/v2\/types\/page"}],"author":[{"embeddable":true,"href":"https:\/\/www.lrf.fr\/fr\/wp-json\/wp\/v2\/users\/1"}],"replies":[{"embeddable":true,"href":"https:\/\/www.lrf.fr\/fr\/wp-json\/wp\/v2\/comments?post=324"}],"version-history":[{"count":43,"href":"https:\/\/www.lrf.fr\/fr\/wp-json\/wp\/v2\/pages\/324\/revisions"}],"predecessor-version":[{"id":2744,"href":"https:\/\/www.lrf.fr\/fr\/wp-json\/wp\/v2\/pages\/324\/revisions\/2744"}],"up":[{"embeddable":true,"href":"https:\/\/www.lrf.fr\/fr\/wp-json\/wp\/v2\/pages\/169"}],"wp:attachment":[{"href":"https:\/\/www.lrf.fr\/fr\/wp-json\/wp\/v2\/media?parent=324"}],"curies":[{"name":"wp","href":"https:\/\/api.w.org\/{rel}","templated":true}]}}