


{"id":2874,"date":"2021-04-16T19:32:16","date_gmt":"2021-04-16T17:32:16","guid":{"rendered":"https:\/\/www.lrf.fr\/fr\/?page_id=2874"},"modified":"2024-07-04T14:52:22","modified_gmt":"2024-07-04T12:52:22","slug":"demande-dimmatriculation-a-guichet-unique","status":"publish","type":"page","link":"https:\/\/www.lrf.fr\/fr\/services\/demande-dimmatriculation-a-un-guichet-unique\/","title":{"rendered":"Demande d&rsquo;immatriculation \u00e0 un guichet unique"},"content":{"rendered":"<p>                    <\/div>\r\n            \r\n        <section class=\"gravity-section\" style=\"height:autopx;\">\r\n                                <div class=\"gravity-section-background\"  style=\"background-color: #dd9933;\">\r\n                    <\/div>\r\n            \r\n    <div class=\"gravity-section-content\"><p><img loading=\"lazy\" decoding=\"async\" class=\"top-image aligncenter wp-image-1017 size-full\" src=\"http:\/\/www.lrf.fr\/wp-content\/uploads\/2016\/08\/Ecommerce-vente-de-biens-a-des-partic_Act-copie.jpg\" width=\"1029\" height=\"371\" srcset=\"https:\/\/www.lrf.fr\/wp-content\/uploads\/2016\/08\/Ecommerce-vente-de-biens-a-des-partic_Act-copie.jpg 1029w, https:\/\/www.lrf.fr\/wp-content\/uploads\/2016\/08\/Ecommerce-vente-de-biens-a-des-partic_Act-copie-300x108.jpg 300w, https:\/\/www.lrf.fr\/wp-content\/uploads\/2016\/08\/Ecommerce-vente-de-biens-a-des-partic_Act-copie-768x277.jpg 768w\" sizes=\"auto, (max-width: 1029px) 100vw, 1029px\" \/><\/p>\n<\/div>\n                            \r\n        <\/section><!-- .gravity-section -->\r\n                    <div class=\"container\">\r\n                \r\n    \n<p>&nbsp;<\/p>\n<h4 style=\"font-size: 24px;\"><span style=\"color: #800000;\">DANS QUELS CAS POUVEZ VOUS VOUS IMMATRICULER A UN GUICHET UNIQUE ?<\/span><\/h4>\n<p><strong>GUICHET UNIQUE NON UE :<\/strong><\/p>\n<p>Il peut \u00eatre utilis\u00e9 par un <strong>fournisseur \u00e9tabli hors de l&rsquo;Union Europ\u00e9enne<\/strong>, fournissant les prestations de <strong>services<\/strong> suivantes \u00e0 des particuliers situ\u00e9s dans un Etat membre de l&rsquo;Union Europ\u00e9enne :<\/p>\n<ul>\n<li>services \u00e9lectroniques,<\/li>\n<li>services de t\u00e9l\u00e9communication, de radiodiffusion et de t\u00e9l\u00e9vision,<\/li>\n<li>services taxables dans le pays o\u00f9 ils sont r\u00e9alis\u00e9s : h\u00f4tellerie, droits d&rsquo;entr\u00e9e dans des \u00e9v\u00e8nements culturels, artistiques, sportifs, scientifiques, \u00e9ducatifs, tels que des foires et expositions, transports et services accessoires de chargement \/ d\u00e9chargement, travaux sur biens meubles, services immobiliers, location de moyens de transport, restauration \u00e0 bord des bateaux, avions, trains.<\/li>\n<\/ul>\n<p><strong>GUICHET UNIQUE UE :<\/strong><\/p>\n<p>Il peut \u00eatre utilis\u00e9 pour les op\u00e9rations suivantes :<\/p>\n<ul>\n<li>Fourniture, par des <strong>fournisseurs europ\u00e9ens, de prestations de services<\/strong> \u00e9lectroniques, de t\u00e9l\u00e9communications, de radiodiffusion, de t\u00e9l\u00e9vision et de services taxables dans le pays o\u00f9 ils sont r\u00e9alis\u00e9s (m\u00eames services que pour le guichet unique UE), \u00e0 des particuliers situ\u00e9s dans des Etats membres de l&rsquo;Union Europ\u00e9enne dans lesquels le fournisseur n&rsquo;est pas \u00e9tabli ou n&rsquo;a pas d&rsquo;\u00e9tablissement stable ;<\/li>\n<li><strong>Ventes \u00e0 distance intracommunautaires de biens<\/strong> livr\u00e9s \u00e0 des particuliers situ\u00e9s dans un Etat membre de l&rsquo;Union Europ\u00e9enne, effectu\u00e9es par des fournisseurs ou des entreprises facilitant les livraisons par l&rsquo;utilisation d&rsquo;une interface \u00e9lectronique, \u00e9tablis ou non dans un Etat membre de l&rsquo;Union Europ\u00e9enne ;<\/li>\n<li>Ventes locales de biens livr\u00e9s \u00e0 des particuliers situ\u00e9s dans un Etat membre de l&rsquo;Union Europ\u00e9enne, effectu\u00e9es par des plateformes facilitant les livraisons par l&rsquo;utilisation d&rsquo;une interface \u00e9lectronique, \u00e9tablies ou non dans un Etat membre de l&rsquo;Union Europ\u00e9enne.<\/li>\n<\/ul>\n<p><strong>GUICHET UNIQUE POUR LES IMPORTATIONS :<\/strong><\/p>\n<p>Il peut \u00eatre utilis\u00e9 pour les ventes \u00e0 distance de <strong>biens non soumis \u00e0 accises, import\u00e9s directement de territoires tiers ou de pays tiers<\/strong> (ne faisant pas partie de l&rsquo;Union Europ\u00e9enne), <strong>d&rsquo;une valeur intrins\u00e8que n&rsquo;exc\u00e9dant pas 150 \u20ac par colis<\/strong>, par des fournisseurs ou des entreprises facilitant les livraisons par l&rsquo;utilisation d&rsquo;une interface \u00e9lectronique, \u00e9tablis ou non dans un Etat membre de l&rsquo;Union Europ\u00e9enne.<\/p>\n<h4><\/h4>\n<h4 style=\"font-size: 24px;\"><span style=\"color: #800000;\">CAS d&rsquo;IMMATRICULATION <\/span>A UN GUICHET UNIQUE EN FRANCE ?<\/h4>\n<ul>\n<li><strong>Entreprise \u00e9tablie hors de l&rsquo;Union Europ\u00e9enne<\/strong> n&rsquo;ayant pas d&rsquo;\u00e9tablissement stable dans un autre Etat membre de l&rsquo;Union Europ\u00e9enne,<\/li>\n<li><strong>Entreprise fran\u00e7aise<\/strong> ou ayant un \u00e9tablissement en France,<\/li>\n<li>Entreprise n&rsquo;ayant pas d&rsquo;\u00e9tablissement stable dans un Etat membre de l&rsquo;Union Europ\u00e9enne et <strong>exp\u00e9diant des biens depuis la France,<\/strong><\/li>\n<li><strong>Entreprise d\u00e9signant un interm\u00e9diaire \u00e9tabli en France.<\/strong><\/li>\n<\/ul>\n<h4><\/h4>\n<h4 style=\"font-size: 24px;\"><span style=\"color: #800000;\">DANS QUEL D\u00e9LAI <\/span>DEVEZ VOUS VOUS IMMATRICULER ?<\/h4>\n<p><strong>Guichets uniques non UE et UE :<\/strong><\/p>\n<p>Le num\u00e9ro de TVA est d\u00e9livr\u00e9 le premier jour du trimestre suivant le trimestre au cours duquel vous informez l&rsquo;Etat membre d&rsquo;identification que vous voulez utiliser le guichet unique.<\/p>\n<p>Si vous avez commenc\u00e9 \u00e0 effectuer des ventes avant cette date, vous pouvez utiliser le guichet unique d\u00e8s les premi\u00e8res ventes, \u00e0 condition d&rsquo;informer l&rsquo;Etat membre d&rsquo;identification que vous avez commenc\u00e9 votre activit\u00e9, <strong>au plus tard le dixi\u00e8me jour du mois suivant la premi\u00e8re vente<\/strong>. Si vous ne respectez pas ce d\u00e9lai, vous \u00eates tenu de vous immatriculer \u00e0 la TVA dans les pays de consommation.<\/p>\n<p><strong>Guichet unique pour les importations :<\/strong><\/p>\n<p>Les ventes peuvent \u00eatre d\u00e9clar\u00e9es sur le guichet unique \u00e0 partir du moment o\u00f9 le num\u00e9ro de TVA est d\u00e9livr\u00e9.<\/p>\n<h4><\/h4>\n<h4 style=\"font-size: 24px;\">DANS QUEL cas un<span style=\"color: #800000;\"> intermediaire <\/span>doit il \u00eatre d\u00e9sign\u00e9 ?<\/h4>\n<p>Lorsqu&rsquo;une <strong>soci\u00e9t\u00e9 \u00e9tablie dans un pays hors de l&rsquo;Union Europ\u00e9enne<\/strong> n&rsquo;ayant pas conclu avec l&rsquo;Union Europ\u00e9enne un accord d&rsquo;assistance mutuelle en mati\u00e8re de TVA, souhaite s&rsquo;enregistrer sur le<strong> guichet unique pour les importations.<\/strong><\/p>\n<p>Les soci\u00e9t\u00e9s \u00e9tablies dans un Etat membre de l&rsquo;Union Europ\u00e9enne peuvent \u00e9galement d\u00e9signer un interm\u00e9diaire si elles le souhaitent.<\/p>\n<p>&nbsp;<\/p>\n<h4 style=\"font-size: 24px;\">que pouvons nous<span style=\"color: #800000;\"> faire pour vous ?<\/span><\/h4>\n<ul>\n<li><strong>Examiner les activit\u00e9s de votre entreprise et<\/strong> <strong>\u00e9valuer les diff\u00e9rentes possibilit\u00e9s de d\u00e9clarations \/ immatriculations et les obligations en mati\u00e8re de TVA en r\u00e9sultant.<\/strong><\/li>\n<\/ul>\n<p>En effet, si le guichet unique peut permettre de r\u00e9duire les co\u00fbts administratifs dans le cas o\u00f9 le fournisseur ou l&rsquo;interface \u00e9lectronique a des obligations d\u00e9claratives et de paiement dans plusieurs Etats membres de l&rsquo;Union Europ\u00e9enne, il convient n\u00e9anmoins d&rsquo;analyser la situation au cas par cas au vu de certaines contraintes de ce r\u00e9gime, notamment concernant la gestion des demandes de remboursement de TVA et de la n\u00e9cessit\u00e9 de maintenir une immatriculation \u00e0 la TVA dans certains cas.<\/p>\n<ul>\n<li><strong>Demande d&rsquo;immatriculation au guichet unique.<\/strong><\/li>\n<\/ul>\n<p>Nous accompagnons aussi bien les entreprises \u00e9trang\u00e8res que les entreprises fran\u00e7aises.<\/p>\n<p style=\"text-align: center;\"><strong>N\u2019h\u00e9sitez pas \u00e0 nous contacter pour toute assistance.<\/strong><\/p>\n<p style=\"text-align: center; margin-bottom: 50px;\"><a href=\"\/contact\/\" class=\"btn btn-theme btn-small\">Contactez-nous<\/a>\n<p style=\"text-align: center;\"><div style=\"height: 40px\"><\/div>\n                    <\/div>\r\n            \r\n        <section class=\"gravity-section\" style=\"height:autopx;\">\r\n                                <div class=\"gravity-section-background\"  style=\"background-color: #dd9933;\">\r\n                    <\/div>\r\n            \r\n    <div class=\"gravity-section-content\"><div class=\"google-map\" data-lat=\"48.8802626\" data-lng=\"2.2773509\" data-zoom=\"15\" data-title=\"localisation\" data-height=\"300\" data-color=\"\" data-saturation=\"-100\"><\/div>\n<\/div>\n                            \r\n        <\/section><!-- .gravity-section -->\r\n                    <div class=\"container\">\r\n                \r\n    <\/p>","protected":false},"excerpt":{"rendered":"<p>&nbsp; DANS QUELS CAS POUVEZ VOUS VOUS IMMATRICULER A UN GUICHET UNIQUE ? GUICHET UNIQUE NON UE : Il peut \u00eatre utilis\u00e9 par un fournisseur \u00e9tabli hors de l&rsquo;Union Europ\u00e9enne, fournissant les prestations de services suivantes \u00e0 des particuliers situ\u00e9s dans un Etat membre de l&rsquo;Union Europ\u00e9enne : services \u00e9lectroniques, services de t\u00e9l\u00e9communication, de radiodiffusion [&hellip;]<\/p>\n","protected":false},"author":2,"featured_media":0,"parent":12,"menu_order":0,"comment_status":"closed","ping_status":"closed","template":"","meta":{"footnotes":""},"class_list":["post-2874","page","type-page","status-publish","hentry"],"_links":{"self":[{"href":"https:\/\/www.lrf.fr\/fr\/wp-json\/wp\/v2\/pages\/2874","targetHints":{"allow":["GET"]}}],"collection":[{"href":"https:\/\/www.lrf.fr\/fr\/wp-json\/wp\/v2\/pages"}],"about":[{"href":"https:\/\/www.lrf.fr\/fr\/wp-json\/wp\/v2\/types\/page"}],"author":[{"embeddable":true,"href":"https:\/\/www.lrf.fr\/fr\/wp-json\/wp\/v2\/users\/2"}],"replies":[{"embeddable":true,"href":"https:\/\/www.lrf.fr\/fr\/wp-json\/wp\/v2\/comments?post=2874"}],"version-history":[{"count":13,"href":"https:\/\/www.lrf.fr\/fr\/wp-json\/wp\/v2\/pages\/2874\/revisions"}],"predecessor-version":[{"id":2971,"href":"https:\/\/www.lrf.fr\/fr\/wp-json\/wp\/v2\/pages\/2874\/revisions\/2971"}],"up":[{"embeddable":true,"href":"https:\/\/www.lrf.fr\/fr\/wp-json\/wp\/v2\/pages\/12"}],"wp:attachment":[{"href":"https:\/\/www.lrf.fr\/fr\/wp-json\/wp\/v2\/media?parent=2874"}],"curies":[{"name":"wp","href":"https:\/\/api.w.org\/{rel}","templated":true}]}}