


{"id":27,"date":"2016-08-15T11:08:33","date_gmt":"2016-08-15T09:08:33","guid":{"rendered":"http:\/\/www.lrf.fr\/?page_id=27"},"modified":"2019-06-05T10:17:10","modified_gmt":"2019-06-05T08:17:10","slug":"legal-notice","status":"publish","type":"page","link":"https:\/\/www.lrf.fr\/fr\/mentions-legales\/","title":{"rendered":"Mentions l\u00e9gales"},"content":{"rendered":"<p><\/p>\n<p style=\"text-align: center;\"><div style=\"height: 40px\"><\/div>\n<h4>MENTIONS LEGALES, DONNEES PERSONNELLES ET CONDITIONS D&rsquo;UTILISATION DU SITE<\/h4>\n<h5><strong><span style=\"color: #800000;\">MENTIONS LEGALES :<\/span><\/strong><\/h5>\n<p><strong>Editeur du site :<\/strong><\/p>\n<p>La Repr\u00e9sentation Fiscale<br \/>\n21, rue du Midi<br \/>\n92200 Neuilly sur Seine<br \/>\nTel : + 33 (0)1 46 37 59 79<br \/>\nRCS Nanterre 632 009 122<\/p>\n<p><strong>Directeur de la Publication :<\/strong> Corinne Maure<br \/>\n<strong>H\u00e9bergeur<\/strong> : OVH<br \/>\n<strong>Iconographie :<\/strong>\u00a0shutterstock.com<\/p>\n<h5><strong><span style=\"color: #800000;\">DONNEES PERSONNELLES :<\/span><\/strong><\/h5>\n<p>Les donn\u00e9es de contact que vous nous transmettez par l\u2019interm\u00e9diaire du formulaire mis \u00e0 votre disposition sur ce site font l\u2019objet d\u2019un traitement automatis\u00e9 d\u00e9clar\u00e9 \u00e0 la CNIL sous le n\u00b0 &#8230;. aux seules fins de gestion de la relation client\/prospect. Le traitement peut avoir pour finalit\u00e9 d\u2019effectuer des op\u00e9rations relatives aux contrats, commandes, factures, comptabilit\u00e9 \u00e0 la gestion des comptes clients et \u00e0 la prospection. Ces donn\u00e9es sont destin\u00e9es uniquement \u00e0 un usage interne et ne sont en aucun cas transmises \u00e0 un tiers. Les donn\u00e9es de connections recueillies, le cas \u00e9ch\u00e9ant, par l\u2019usage de cookies ne sont exploit\u00e9es qu\u2019\u00e0 des fins de mesure d\u2019audience de mani\u00e8re anonymis\u00e9e <a>(Cliquez ici pour vous opposer aux cookies de mesure d\u2019audience)<\/a>, et\/ou dans le seul but de faciliter la navigation sur le site. Conform\u00e9ment \u00e0 la loi 78-17 du 6 janvier 1978 (modifi\u00e9e par la loi du 6 ao\u00fbt 2004) relative \u00e0 l\u2019informatique, aux fichiers et aux libert\u00e9s, vous b\u00e9n\u00e9ficiez d\u2019un droit d\u2019acc\u00e8s, de modification, de rectification et de suppression des donn\u00e9es nominatives vous concernant. Ce droit peut \u00eatre exerc\u00e9 en nous adressant un courrier \u00e9lectronique \u00e0 c.maure@lrf.fr, ou un courrier par voie postale \u00e0 La Repr\u00e9sentation Fiscale &#8211; 21, rue du Midi \u2013 92200 Neuilly-sur-Seine.<\/p>\n<h5><\/h5>\n<h5><strong><span style=\"color: #800000;\">CONDITIONS D&rsquo;UTILISATION DU SITE :<\/span><\/strong><\/h5>\n<p>Les informations publi\u00e9es sur ce site ne constituent pas l\u2019expression d\u2019une opinion adapt\u00e9e \u00e0 la question ou au contexte rencontr\u00e9 par l\u2019utilisateur. Celui-ci demeure donc seul responsable de l\u2019usage qu\u2019il estime pouvoir tirer des informations qu\u2019il consulte sur le site. Ces informations peuvent \u00eatre mises \u00e0 jour ou modifi\u00e9es sans pr\u00e9avis, La Repr\u00e9sentation Fiscale d\u00e9clinant par ailleurs toute responsabilit\u00e9 en cas de retard, d\u2019erreur ou d\u2019omission quant \u00e0 leur contenu. Plus g\u00e9n\u00e9ralement, La Repr\u00e9sentation Fiscale d\u00e9cline toute responsabilit\u00e9 pour les dommages de toute nature, directs ou indirects, r\u00e9sultant de difficult\u00e9s d\u2019acc\u00e8s au site, de l\u2019exploitation de son contenu, ou de la diffusion de contenu via le site. Toute reproduction m\u00eame partielle des \u00e9l\u00e9ments graphiques et de contenu du site est formellement interdite sans l\u2019accord expr\u00e8s et pr\u00e9alable de La Repr\u00e9sentation Fiscale, et exposerait son auteur \u00e0 des poursuites judiciaires.<\/p>\n<p>&nbsp;<\/p>\n                    <\/div>\r\n            \r\n        <section class=\"gravity-section\" style=\"height:autopx;\">\r\n                                <div class=\"gravity-section-background\"  style=\"background-color: #dd9933;\">\r\n                    <\/div>\r\n            \r\n    <div class=\"gravity-section-content\"><div class=\"google-map\" data-lat=\"48.8802626\" data-lng=\"2.2773509\" data-zoom=\"15\" data-title=\"localisation\" data-height=\"300\" data-color=\"\" data-saturation=\"-100\"><\/div>\n<\/div>\n                            \r\n        <\/section><!-- .gravity-section -->\r\n                    <div class=\"container\">\r\n                \r\n    <\/p>","protected":false},"excerpt":{"rendered":"<p>MENTIONS LEGALES, DONNEES PERSONNELLES ET CONDITIONS D&rsquo;UTILISATION DU SITE MENTIONS LEGALES : Editeur du site : La Repr\u00e9sentation Fiscale 21, rue du Midi 92200 Neuilly sur Seine Tel : + 33 (0)1 46 37 59 79 RCS Nanterre 632 009 122 Directeur de la Publication : Corinne Maure H\u00e9bergeur : OVH Iconographie :\u00a0shutterstock.com DONNEES PERSONNELLES [&hellip;]<\/p>\n","protected":false},"author":1,"featured_media":0,"parent":0,"menu_order":0,"comment_status":"closed","ping_status":"closed","template":"","meta":{"footnotes":""},"class_list":["post-27","page","type-page","status-publish","hentry"],"_links":{"self":[{"href":"https:\/\/www.lrf.fr\/fr\/wp-json\/wp\/v2\/pages\/27","targetHints":{"allow":["GET"]}}],"collection":[{"href":"https:\/\/www.lrf.fr\/fr\/wp-json\/wp\/v2\/pages"}],"about":[{"href":"https:\/\/www.lrf.fr\/fr\/wp-json\/wp\/v2\/types\/page"}],"author":[{"embeddable":true,"href":"https:\/\/www.lrf.fr\/fr\/wp-json\/wp\/v2\/users\/1"}],"replies":[{"embeddable":true,"href":"https:\/\/www.lrf.fr\/fr\/wp-json\/wp\/v2\/comments?post=27"}],"version-history":[{"count":11,"href":"https:\/\/www.lrf.fr\/fr\/wp-json\/wp\/v2\/pages\/27\/revisions"}],"predecessor-version":[{"id":2057,"href":"https:\/\/www.lrf.fr\/fr\/wp-json\/wp\/v2\/pages\/27\/revisions\/2057"}],"wp:attachment":[{"href":"https:\/\/www.lrf.fr\/fr\/wp-json\/wp\/v2\/media?parent=27"}],"curies":[{"name":"wp","href":"https:\/\/api.w.org\/{rel}","templated":true}]}}