


{"id":2410,"date":"2018-11-09T18:28:39","date_gmt":"2018-11-09T17:28:39","guid":{"rendered":"http:\/\/www.lrf.fr\/?page_id=2410"},"modified":"2019-07-09T10:56:13","modified_gmt":"2019-07-09T08:56:13","slug":"declaration-prelevement-a-source-de-limpot-revenu","status":"publish","type":"page","link":"https:\/\/www.lrf.fr\/fr\/services\/declaration-du-prelevement-a-la-source-de-limpot-sur-le-revenu\/","title":{"rendered":"D\u00e9claration du pr\u00e9l\u00e8vement \u00e0 la source de l&rsquo;imp\u00f4t sur le revenu"},"content":{"rendered":"<p>&nbsp;<\/p>\n<p style=\"text-align: left;\">                    <\/div>\r\n            \r\n        <section class=\"gravity-section\" style=\"height:autopx;\">\r\n                                <div class=\"gravity-section-background\"  style=\"background-color: #FFFFFF;\">\r\n                    <\/div>\r\n            \r\n    <div class=\"gravity-section-content\"><p style=\"text-align: left;\"><img decoding=\"async\" loading=\"lazy\" class=\"size-medium wp-image-2422 aligncenter\" src=\"http:\/\/www.lrf.fr\/wp-content\/uploads\/2018\/11\/pr\u00e9l\u00e8vement-\u00e0-la-source.jpg\" alt=\"pr\u00e9l\u00e8vement \u00e0 la source\" width=\"660\" height=\"281\" srcset=\"https:\/\/www.lrf.fr\/wp-content\/uploads\/2018\/11\/pr\u00e9l\u00e8vement-\u00e0-la-source.jpg 660w, https:\/\/www.lrf.fr\/wp-content\/uploads\/2018\/11\/pr\u00e9l\u00e8vement-\u00e0-la-source-300x128.jpg 300w\" sizes=\"(max-width: 660px) 100vw, 660px\" \/><\/p>\n<p style=\"text-align: left;\">\n<\/div>\n                            \r\n        <\/section><!-- .gravity-section -->\r\n                    <div class=\"container\">\r\n                \r\n    \n<h4 style=\"text-align: left;\"><\/h4>\n<h4 style=\"text-align: left;\">VOUS detachez ou employez du personnel en France<\/h4>\n<h4 style=\"margin-top: 50px;\">QUE POUVONS\u00a0<span style=\"color: #800000;\">NOUS FAIRE POUR VOUS ?<\/span><\/h4>\n<p><span style=\"color: #800000;\"><span style=\"color: #333333;\">Nous assurons le r\u00f4le de<\/span><\/span><span style=\"color: #800000;\"><strong>\u00a0REPRESENTANT FISCAL ACCREDITE<\/strong>\u00a0 <\/span>des entreprises \u00e9tablies en dehors de l&rsquo;Union Europ\u00e9enne, redevables du pr\u00e9l\u00e8vement \u00e0 la source sur les r\u00e9mun\u00e9rations qu&rsquo;elles versent \u00e0 leurs salari\u00e9s r\u00e9sidant fiscalement en France, ou de la retenue source applicable aux salari\u00e9s non-r\u00e9sidents. Nous agissons \u00e9galement comme mandataire fiscal pour les entreprises \u00e9tablies dans l&rsquo;Union Europ\u00e9enne ;<\/p>\n<p><strong><span style=\"color: #800000;\">NOUS VALIDONS LA PROCEDURE A SUIVRE<\/span><span style=\"color: #800000;\">\u00a0<\/span><\/strong>en fonction du lieu de la r\u00e9sidence fiscale des salari\u00e9s et du lieu de leur assujettissement \u00e0 la s\u00e9curit\u00e9 sociale en France o\u00f9 dans leur pays d&rsquo;origine ;<\/p>\n<p><span style=\"color: #800000;\"><strong>NOUS TRAVAILLONS EN COORDINATION AVEC LE CABINET COMPTABLE\u00a0<\/strong><\/span>en charge de l&rsquo;\u00e9tablissement des paies et des d\u00e9clarations sociales nominatives de vos salari\u00e9s d\u00e9tach\u00e9s ou employ\u00e9s en France pour la d\u00e9claration du pr\u00e9l\u00e8vement \u00e0 la source ;<\/p>\n<p><span style=\"color: #333333;\">Nous\u00a0<\/span><strong><span style=\"color: #800000;\">METTONS A VOTRE DISPOSITION UN COMPTE BANCAIRE DEDIE EN ZONE SEPA <\/span><\/strong>sur lequel le pr\u00e9l\u00e8vement \u00e0 la source sera pr\u00e9lev\u00e9 par l&rsquo;administration fiscale fran\u00e7aise et que vous devrez provisionner par virement quelques jours avant le pr\u00e9l\u00e8vement et cr\u00e9ons un espace professionnel sur le site de l&rsquo;administration afin de renseigner le compte bancaire.<\/p>\n<p>&nbsp;<\/p>\n<p style=\"text-align: center;\"><a href=\"http:\/\/www.lrf.fr\/vos-activites\/detachement-emploi-de-salaries-residant-france\/\" class=\"btn btn-theme btn-small\">En savoir plus<\/a>\n<p style=\"text-align: center; margin-top: 70px;\"><strong>N\u2019h\u00e9sitez pas \u00e0 nous contacter pour toute assistance ou toute question\u00a0!<\/strong><\/p>\n<p style=\"text-align: center; margin-bottom: 50px;\"><a href=\"\/contact\/\" class=\"btn btn-theme btn-small\">Contactez-nous<\/a>\n<p style=\"text-align: center;\"><div style=\"height: 40px\"><\/div>\n                    <\/div>\r\n            \r\n        <section class=\"gravity-section\" style=\"height:autopx;\">\r\n                                <div class=\"gravity-section-background\"  style=\"background-color: #dd9933;\">\r\n                    <\/div>\r\n            \r\n    <div class=\"gravity-section-content\"><div class=\"google-map\" data-lat=\"48.8802626\" data-lng=\"2.2773509\" data-zoom=\"15\" data-title=\"localisation\" data-height=\"300\" data-color=\"\" data-saturation=\"-100\"><\/div>\n<\/div>\n                            \r\n        <\/section><!-- .gravity-section -->\r\n                    <div class=\"container\">\r\n                \r\n    <\/p>","protected":false},"excerpt":{"rendered":"<p>&nbsp; VOUS detachez ou employez du personnel en France QUE POUVONS\u00a0NOUS FAIRE POUR VOUS ? Nous assurons le r\u00f4le de\u00a0REPRESENTANT FISCAL ACCREDITE\u00a0 des entreprises \u00e9tablies en dehors de l&rsquo;Union Europ\u00e9enne, redevables du pr\u00e9l\u00e8vement \u00e0 la source sur les r\u00e9mun\u00e9rations qu&rsquo;elles versent \u00e0 leurs salari\u00e9s r\u00e9sidant fiscalement en France, ou de la retenue source applicable aux [&hellip;]<\/p>\n","protected":false},"author":2,"featured_media":0,"parent":12,"menu_order":0,"comment_status":"closed","ping_status":"closed","template":"","meta":[],"_links":{"self":[{"href":"https:\/\/www.lrf.fr\/fr\/wp-json\/wp\/v2\/pages\/2410"}],"collection":[{"href":"https:\/\/www.lrf.fr\/fr\/wp-json\/wp\/v2\/pages"}],"about":[{"href":"https:\/\/www.lrf.fr\/fr\/wp-json\/wp\/v2\/types\/page"}],"author":[{"embeddable":true,"href":"https:\/\/www.lrf.fr\/fr\/wp-json\/wp\/v2\/users\/2"}],"replies":[{"embeddable":true,"href":"https:\/\/www.lrf.fr\/fr\/wp-json\/wp\/v2\/comments?post=2410"}],"version-history":[{"count":15,"href":"https:\/\/www.lrf.fr\/fr\/wp-json\/wp\/v2\/pages\/2410\/revisions"}],"predecessor-version":[{"id":2765,"href":"https:\/\/www.lrf.fr\/fr\/wp-json\/wp\/v2\/pages\/2410\/revisions\/2765"}],"up":[{"embeddable":true,"href":"https:\/\/www.lrf.fr\/fr\/wp-json\/wp\/v2\/pages\/12"}],"wp:attachment":[{"href":"https:\/\/www.lrf.fr\/fr\/wp-json\/wp\/v2\/media?parent=2410"}],"curies":[{"name":"wp","href":"https:\/\/api.w.org\/{rel}","templated":true}]}}