


{"id":2407,"date":"2018-11-09T18:29:01","date_gmt":"2018-11-09T17:29:01","guid":{"rendered":"http:\/\/www.lrf.fr\/?page_id=2407"},"modified":"2024-07-04T13:30:38","modified_gmt":"2024-07-04T11:30:38","slug":"detachement-emploi-de-salaries-residant-france","status":"publish","type":"page","link":"https:\/\/www.lrf.fr\/fr\/activites\/detachement-ou-emploi-de-salaries-residant-en-france\/","title":{"rendered":"D\u00e9tachement ou emploi de salari\u00e9s r\u00e9sidant en France"},"content":{"rendered":"<p>                    <\/div>\r\n            \r\n        <section class=\"gravity-section\" style=\"height:autopx;\">\r\n                        <div class=\"gravity-section-content\"><p><img loading=\"lazy\" decoding=\"async\" class=\"aligncenter wp-image-107\" src=\"http:\/\/www.lrf.fr\/wp-content\/uploads\/2016\/08\/Bureau-De-Liaison_Act-1024x369.jpg\" alt=\"Bureau De Liaison_Act\" width=\"1200\" height=\"433\" \/><\/p>\n<p style=\"text-align: left;\">\n<\/div>\n                            \r\n        <\/section><!-- .gravity-section -->\r\n                    <div class=\"container\">\r\n                \r\n    \n<p style=\"text-align: left;\">                    <\/div>\r\n            \r\n        <section class=\"gravity-section\" style=\"padding-top:30px;padding-bottom:30px;\">\r\n                                <div class=\"gravity-section-background\" data-stellar-ratio=\"0.5\" style=\"background-image: url(http:\/\/www.lrf.fr\/wp-content\/uploads\/2016\/08\/livre-lunette.png);background-color: #ffffff;\">\r\n                    <\/div>\r\n            \r\n    <div class=\"gravity-section-content\"><div class=\"container\"><h4 style=\"text-align: left;\"><strong>VOUS DETACHEZ OU EMPLOYEZ DES SALARIES RESIDANT EN FRANCE\u00a0:<\/strong><\/h4>\n<h5 style=\"text-align: left;\"><span style=\"color: #999999;\"><strong>DEVEZ-VOUS COLLECTER ET REVERSER LE PRELEVEMENT OU LA RETENUE A LA SOURCE DE L&rsquo;impot sur le revenu ?<\/strong><\/span><\/h5>\n<hr class=\"\" style=\"width:5%;margin-left:0;\">\n<p style=\"text-align: left;\">Toutes les entreprises qui versent des salaires imposables en France doivent op\u00e9rer chaque mois une retenue sur salaire et la reverser aux services fiscaux selon des modalit\u00e9s \u00e0 d\u00e9terminer en fonction du lieu de r\u00e9sidence fiscale du salari\u00e9 et du lieu de son assujettissement aux cotisations sociales.<\/p>\n<h5 style=\"text-align: left; ; margin-top: 50px;\"><strong><span style=\"color: #999999;\">QU&rsquo;est-CE QUE LE PRELEVEMENT A LA SOURCE ?<\/span><\/strong><\/h5>\n<p style=\"text-align: left;\"><hr class=\"\" style=\"width:5%;margin-left:0;\">\n<p style=\"text-align: left;\">Le pr\u00e9l\u00e8vement \u00e0 la source (PAS) de l&rsquo;imp\u00f4t sur le revenu concerne les r\u00e9sidents fiscaux en France. Il a pour objectif de supprimer le d\u00e9calage d&rsquo;un an entre la perception des revenus et le paiement de l&rsquo;imp\u00f4t sur ces revenus.<\/p>\n<h5 style=\"text-align: left; ; margin-top: 50px;\"><strong><span style=\"color: #999999;\">devez-vous disposer d&rsquo;UN COMPTE BANCAIRE EN ZONE SEPA ?<\/span><\/strong><\/h5>\n<p style=\"text-align: left;\"><hr class=\"\" style=\"width:5%;margin-left:0;\">\n<p style=\"text-align: left;\">Le reversement du PAS s&rsquo;effectue au moyen d&rsquo;un pr\u00e9l\u00e8vement SEPA. Les virements ou autres moyens de paiement ne sont pas accept\u00e9s dans le cadre du pr\u00e9l\u00e8vement \u00e0 la source.<\/p>\n<p style=\"text-align: left;\">Les employeurs \u00e9tablis \u00e0 l&rsquo;\u00e9tranger versant des salaires imposables en France doivent donc obligatoirement disposer d&rsquo;un compte bancaire en zone SEPA.<\/p>\n<h5 style=\"text-align: left; ; margin-top: 50px;\"><strong><span style=\"color: #999999;\">DEVEZ-VOUS DESIGNER UN REPRESENTANT FISCAL ?<\/span><\/strong><\/h5>\n<p style=\"text-align: left;\"><hr class=\"\" style=\"width:5%;margin-left:0;\">\n<p style=\"text-align: left;\">Oui, si vous n&rsquo;\u00eates pas \u00e9tabli :<\/p>\n<ul>\n<li style=\"text-align: left;\">en France ;<\/li>\n<li style=\"text-align: left;\">dans un pays membre de l&rsquo;Union Europ\u00e9enne ;<\/li>\n<li style=\"text-align: left;\">dans un pays de l&rsquo;Espace Economique Europ\u00e9en (EEE) ayant conclu avec la France une convention d&rsquo;assistance administrative en vue de lutter contra la fraude et l&rsquo;\u00e9vasion fiscale, ainsi qu&rsquo;une convention d&rsquo;assistance mutuelle en mati\u00e8re de recouvrement de l&rsquo;imp\u00f4t (Islande et Norv\u00e8ge).<\/li>\n<\/ul>\n<p style=\"text-align: left;\">Le repr\u00e9sentant fiscal s&rsquo;engage \u00e0 accomplir pour votre compte les formalit\u00e9s en mati\u00e8re de pr\u00e9l\u00e8vement \u00e0 la source et le cas \u00e9ch\u00e9ant \u00e0 acquitter les pr\u00e9l\u00e8vements \u00e0 votre place.<\/p>\n<p style=\"text-align: left;\">Attention, vous ne pouvez pas faire appel \u00e0 plusieurs repr\u00e9sentant fiscaux en m\u00eame temps (exemple un pour la TVA et un autre pour le pr\u00e9l\u00e8vement \u00e0 la source). C&rsquo;est donc le m\u00eame repr\u00e9sentant fiscal qui accomplira vos obligations en mati\u00e8re de pr\u00e9l\u00e8vement \u00e0 la source, mais aussi celles relatives aux autres imp\u00f4ts et taxes dont vous \u00eates redevable.<\/p>\n<p style=\"text-align: left;\">Si vous \u00eates \u00e9tabli dans un Etat membre de l&rsquo;Union Europ\u00e9enne, en Islande ou en Norv\u00e8ge, vous pouvez d\u00e9signer un mandataire qui effectuera les formalit\u00e9s \u00e0 votre place sous votre responsabilit\u00e9.<\/p>\n<p style=\"text-align: left;\"><span style=\"line-height: 1.5;\"><\/p>\n<\/div><\/div>\n                            \r\n        <\/section><!-- .gravity-section -->\r\n                    <div class=\"container\">\r\n                \r\n    <\/span><\/p>\n<h4 style=\"text-align: left;\"><\/h4>\n<h4 style=\"text-align: left;\"><\/h4>\n<h4 style=\"text-align: left; margin-top: 50px;\"><span style=\"color: #850911;\"><span style=\"color: #000000;\">QUE POUVONS NOUS\u00a0<span style=\"color: #800000;\">FAIRE POUR VOUS ?<\/span><\/span><\/span><\/h4>\n<hr class=\"\" style=\"width:5%;margin-left:0;\">\n<p><span style=\"color: #800000;\"><strong>ASSURER LE ROLE DE REPRESENTANT FISCAL ACCREDITE <\/strong><span style=\"color: #333333;\">des entreprises \u00e9tablies en dehors de l&rsquo;Union Europ\u00e9enne. Nous agissons \u00e9galement comme mandataire fiscal pour les entreprises \u00e9tablies dans l&rsquo;UE ;<\/span><\/span><\/p>\n<p style=\"text-align: justify;\"><a href=\"\/nos-services\/declaration-prelevement-a-source-de-limpot-revenu\/\" class=\"btn btn-theme btn-small\">En savoir plus<\/a>\n<p><span style=\"color: #800000;\"><strong>VALIDER LA PROCEDURE A SUIVRE<\/strong><\/span>\u00a0en fonction du lieu de la r\u00e9sidence fiscale des salari\u00e9s et du lieu de leur assujettissement \u00e0 la s\u00e9curit\u00e9 sociale en France o\u00f9 dans leur pays d&rsquo;origine ;<\/p>\n<p><span style=\"color: #800000;\"><strong>TRAVAILLER EN COORDINATION AVEC LE CABINET COMPTABLE <\/strong><\/span>\u00a0en charge de l&rsquo;\u00e9tablissement des paies et des d\u00e9clarations sociales nominatives de vos salari\u00e9s d\u00e9tach\u00e9s ou employ\u00e9s en France pour la d\u00e9claration du pr\u00e9l\u00e8vement \u00e0 la source ;<\/p>\n<p><strong><span style=\"color: #800000;\">METTRE A DISPOSITION UN COMPTE BANCAIRE DEDIE EN ZONE SEPA <\/span><\/strong>sur lequel le pr\u00e9l\u00e8vement \u00e0 la source sera pr\u00e9lev\u00e9 par l&rsquo;administration fiscale fran\u00e7aise.<\/p>\n<a href=\"http:\/\/www.lrf.fr\/nos-services\/declaration-prelevement-a-source-de-limpot-revenu\/\" class=\"btn btn-theme btn-small\">En savoir plus<\/a>\n<h4><\/h4>\n<p style=\"text-align: center;\"><strong>N\u2019h\u00e9sitez pas \u00e0 nous contacter pour toute question ou assistance ! \u00a0 \u00a0 \u00a0\u00a0<\/strong><strong>\u00a0<\/strong><\/p>\n<p style=\"text-align: center;\"><a href=\"\/contact\/\" class=\"btn btn-theme btn-small\">Contactez-nous<\/a>\n<p style=\"text-align: center;\"><div style=\"height: 40px\"><\/div>\n                    <\/div>\r\n            \r\n        <section class=\"gravity-section\" style=\"height:autopx;\">\r\n                                <div class=\"gravity-section-background\"  style=\"background-color: #dd9933;\">\r\n                    <\/div>\r\n            \r\n    <div class=\"gravity-section-content\"><div class=\"google-map\" data-lat=\"48.8802626\" data-lng=\"2.2773509\" data-zoom=\"15\" data-title=\"localisation\" data-height=\"300\" data-color=\"\" data-saturation=\"-100\"><\/div>\n<\/div>\n                            \r\n        <\/section><!-- .gravity-section -->\r\n                    <div class=\"container\">\r\n                \r\n    <\/p>","protected":false},"excerpt":{"rendered":"<p>QUE POUVONS NOUS\u00a0FAIRE POUR VOUS ? ASSURER LE ROLE DE REPRESENTANT FISCAL ACCREDITE des entreprises \u00e9tablies en dehors de l&rsquo;Union Europ\u00e9enne. Nous agissons \u00e9galement comme mandataire fiscal pour les entreprises \u00e9tablies dans l&rsquo;UE ; VALIDER LA PROCEDURE A SUIVRE\u00a0en fonction du lieu de la r\u00e9sidence fiscale des salari\u00e9s et du lieu de leur assujettissement \u00e0 [&hellip;]<\/p>\n","protected":false},"author":2,"featured_media":0,"parent":169,"menu_order":0,"comment_status":"closed","ping_status":"closed","template":"","meta":{"footnotes":""},"class_list":["post-2407","page","type-page","status-publish","hentry"],"_links":{"self":[{"href":"https:\/\/www.lrf.fr\/fr\/wp-json\/wp\/v2\/pages\/2407","targetHints":{"allow":["GET"]}}],"collection":[{"href":"https:\/\/www.lrf.fr\/fr\/wp-json\/wp\/v2\/pages"}],"about":[{"href":"https:\/\/www.lrf.fr\/fr\/wp-json\/wp\/v2\/types\/page"}],"author":[{"embeddable":true,"href":"https:\/\/www.lrf.fr\/fr\/wp-json\/wp\/v2\/users\/2"}],"replies":[{"embeddable":true,"href":"https:\/\/www.lrf.fr\/fr\/wp-json\/wp\/v2\/comments?post=2407"}],"version-history":[{"count":17,"href":"https:\/\/www.lrf.fr\/fr\/wp-json\/wp\/v2\/pages\/2407\/revisions"}],"predecessor-version":[{"id":2956,"href":"https:\/\/www.lrf.fr\/fr\/wp-json\/wp\/v2\/pages\/2407\/revisions\/2956"}],"up":[{"embeddable":true,"href":"https:\/\/www.lrf.fr\/fr\/wp-json\/wp\/v2\/pages\/169"}],"wp:attachment":[{"href":"https:\/\/www.lrf.fr\/fr\/wp-json\/wp\/v2\/media?parent=2407"}],"curies":[{"name":"wp","href":"https:\/\/api.w.org\/{rel}","templated":true}]}}