


{"id":2391,"date":"2018-10-07T18:11:13","date_gmt":"2018-10-07T16:11:13","guid":{"rendered":"http:\/\/www.lrf.fr\/?page_id=2391"},"modified":"2019-06-05T10:07:15","modified_gmt":"2019-06-05T08:07:15","slug":"formations","status":"publish","type":"page","link":"https:\/\/www.lrf.fr\/fr\/services\/formations-tva\/","title":{"rendered":"Formations TVA"},"content":{"rendered":"<p><meta name=\"description\" content=\"Nous mettons \u00e0 votre service notre savoir-faire et notre exp\u00e9rience pratique, ainsi que celle de nos partenaires ou experts en TVA de la Tax Representative Alliance (TRA), pour vous proposer des formations.\"\/><\/p>\n                    <\/div>\r\n            \r\n        <section class=\"gravity-section\" style=\"height:autopx;\">\r\n                                <div class=\"gravity-section-background\"  style=\"background-color: #FFFFFF;\">\r\n                    <\/div>\r\n            \r\n    <div class=\"gravity-section-content\"><p><img decoding=\"async\" loading=\"lazy\" class=\"size-medium wp-image-2393 aligncenter\" src=\"http:\/\/www.lrf.fr\/wp-content\/uploads\/2018\/10\/Photo-formation-e1545986278641.jpg\" alt=\"Photo formation\" width=\"1000\" height=\"200\" \/><\/p>\n<\/div>\n                            \r\n        <\/section><!-- .gravity-section -->\r\n                    <div class=\"container\">\r\n                \r\n    \n<p>Dans le cadre de votre activit\u00e9 vous ou vos clients rencontrez des probl\u00e9matiques de TVA concernant les \u00e9changes internationaux de biens et services. Vous souhaitez ma\u00eetriser les facteurs de risques et s\u00e9curiser vos proc\u00e9dures dans un environnement r\u00e9glementaire europ\u00e9en et international en constante \u00e9volution.<\/p>\n<p><strong>Nous mettons \u00e0 votre service notre savoir faire et notre exp\u00e9rience pratique, ainsi que celle de nos partenaires ou des experts TVA de Tax Representative Alliance (TRA), pour dispenser les formations ci-apr\u00e8s.<\/strong><\/p>\n<p>&nbsp;<\/p>\n<h4>NOS <span style=\"color: #800000;\">FORMATIONS<\/span> :<\/h4>\n<ul>\n<li>G\u00e9rer la TVA \u00e0 l&rsquo;international,<\/li>\n<li>Optimiser le droit \u00e0 d\u00e9duction de TVA,<\/li>\n<li>Incidences du futur r\u00e9gime d\u00e9finitif TVA et du guichet unique concernant les \u00e9changes intracommunautaires de biens et services.<\/li>\n<\/ul>\n<p>Ces formations comportent toutes des \u00e9tudes de cas pratiques.<\/p>\n<h4>FORMATION <span style=\"color: #800000;\">SUR MESURE<\/span> <span style=\"color: #993300;\">:<\/span><\/h4>\n<p>Nous effectuons aussi des formations intra-entreprise adapt\u00e9es \u00e0 votre secteur d&rsquo;activit\u00e9 ou \u00e0 celui de vos clients et aux probl\u00e9matiques que vous rencontrez (formations \u00e0 l&rsquo;attention de Cabinets d&rsquo;experts comptable, de transporteurs\/transitaires, dans le secteur des t\u00e9l\u00e9communications&#8230;).<\/p>\n<p>Nos tarifs sont fix\u00e9s sur devis, en fonction du th\u00e8me, du nombre de participants et du lieu de la formation.<\/p>\n<h4><span style=\"color: #800000;\">LIEU<\/span> DES FORMATIONS<span style=\"color: #808080;\">\u00a0<\/span>:<\/h4>\n<p>Nous intervenons principalement sur la r\u00e9gion parisienne, mais \u00e9galement en province.<\/p>\n<h4>CONFERENCES ET FORMATIONS <span style=\"color: #800000;\">MULTI-PAYS\u00a0:<\/span><\/h4>\n<p>Nous pouvons sur demande intervenir en France ou \u00e0 l&rsquo;\u00e9tranger, dans le cadre de conf\u00e9rences ou formations multi-pays, avec certains membres de notre r\u00e9seau TRA.\u00a0<strong>\u00a0<\/strong><a href=\"\/tax-representative-alliance\/\" class=\"btn btn-theme btn-small\">En Savoir Plus<\/a>\n<p>Exemple : conf\u00e9rence\/ateliers avec les membres TRA espagnol, italien, fran\u00e7ais et suisse \u00e0 l&rsquo;attention d&rsquo;organisateurs de congr\u00e9s.<\/p>\n<p style=\"text-align: center; margin-top: 70px;\"><strong>Vous souhaitez en savoir plus<\/strong><\/p>\n<p style=\"text-align: center; margin-bottom: 50px;\"><a href=\"\/contact\/\" class=\"btn btn-theme btn-small\">Contactez-nous<\/a>\n<p style=\"text-align: center;\"><div style=\"height: 40px\"><\/div>\n                    <\/div>\r\n            \r\n        <section class=\"gravity-section\" style=\"height:autopx;\">\r\n                                <div class=\"gravity-section-background\"  style=\"background-color: #dd9933;\">\r\n                    <\/div>\r\n            \r\n    <div class=\"gravity-section-content\"><div class=\"google-map\" data-lat=\"48.8802626\" data-lng=\"2.2773509\" data-zoom=\"15\" data-title=\"localisation\" data-height=\"300\" data-color=\"\" data-saturation=\"-100\"><\/div>\n<\/div>\n                            \r\n        <\/section><!-- .gravity-section -->\r\n                    <div class=\"container\">\r\n                \r\n    <\/p>","protected":false},"excerpt":{"rendered":"<p>Dans le cadre de votre activit\u00e9 vous ou vos clients rencontrez des probl\u00e9matiques de TVA concernant les \u00e9changes internationaux de biens et services. Vous souhaitez ma\u00eetriser les facteurs de risques et s\u00e9curiser vos proc\u00e9dures dans un environnement r\u00e9glementaire europ\u00e9en et international en constante \u00e9volution. Nous mettons \u00e0 votre service notre savoir faire et notre exp\u00e9rience [&hellip;]<\/p>\n","protected":false},"author":2,"featured_media":0,"parent":12,"menu_order":0,"comment_status":"closed","ping_status":"closed","template":"","meta":[],"_links":{"self":[{"href":"https:\/\/www.lrf.fr\/fr\/wp-json\/wp\/v2\/pages\/2391"}],"collection":[{"href":"https:\/\/www.lrf.fr\/fr\/wp-json\/wp\/v2\/pages"}],"about":[{"href":"https:\/\/www.lrf.fr\/fr\/wp-json\/wp\/v2\/types\/page"}],"author":[{"embeddable":true,"href":"https:\/\/www.lrf.fr\/fr\/wp-json\/wp\/v2\/users\/2"}],"replies":[{"embeddable":true,"href":"https:\/\/www.lrf.fr\/fr\/wp-json\/wp\/v2\/comments?post=2391"}],"version-history":[{"count":13,"href":"https:\/\/www.lrf.fr\/fr\/wp-json\/wp\/v2\/pages\/2391\/revisions"}],"predecessor-version":[{"id":2759,"href":"https:\/\/www.lrf.fr\/fr\/wp-json\/wp\/v2\/pages\/2391\/revisions\/2759"}],"up":[{"embeddable":true,"href":"https:\/\/www.lrf.fr\/fr\/wp-json\/wp\/v2\/pages\/12"}],"wp:attachment":[{"href":"https:\/\/www.lrf.fr\/fr\/wp-json\/wp\/v2\/media?parent=2391"}],"curies":[{"name":"wp","href":"https:\/\/api.w.org\/{rel}","templated":true}]}}