


{"id":2348,"date":"2018-09-06T18:33:23","date_gmt":"2018-09-06T16:33:23","guid":{"rendered":"http:\/\/www.lrf.fr\/?page_id=2348"},"modified":"2024-07-04T14:15:49","modified_gmt":"2024-07-04T12:15:49","slug":"audit-des-risques-tva","status":"publish","type":"page","link":"https:\/\/www.lrf.fr\/fr\/services\/audit-des-risques-tva\/","title":{"rendered":"Audit des risques TVA"},"content":{"rendered":"<p>                    <\/div>\r\n            \r\n        <section class=\"gravity-section\" style=\"height:autopx;\">\r\n                                <div class=\"gravity-section-background\"  style=\"background-color: #FFFFFF;\">\r\n                    <\/div>\r\n            \r\n    <div class=\"gravity-section-content\"><p><img loading=\"lazy\" decoding=\"async\" class=\"aligncenter wp-image-122\" src=\"http:\/\/www.lrf.fr\/wp-content\/uploads\/2016\/08\/Conseil-en-matiere-de-TVA_Serv.jpg\" alt=\"Conseil en matiere de TVA_Serv\" width=\"1200\" height=\"433\" srcset=\"https:\/\/www.lrf.fr\/wp-content\/uploads\/2016\/08\/Conseil-en-matiere-de-TVA_Serv.jpg 1029w, https:\/\/www.lrf.fr\/wp-content\/uploads\/2016\/08\/Conseil-en-matiere-de-TVA_Serv-300x108.jpg 300w, https:\/\/www.lrf.fr\/wp-content\/uploads\/2016\/08\/Conseil-en-matiere-de-TVA_Serv-768x277.jpg 768w\" sizes=\"auto, (max-width: 1200px) 100vw, 1200px\" \/><\/p>\n<\/div>\n                            \r\n        <\/section><!-- .gravity-section -->\r\n                    <div class=\"container\">\r\n                \r\n    \n<p>Les directeurs financiers classent habituellement la gestion de leurs obligations d\u00e9claratives et de paiement de la TVA parmi les risques fiscaux les plus importants.<\/p>\n<p>La gestion des formalit\u00e9s de TVA est en effet un d\u00e9fi permanent pour la plupart des entreprises car les risques et enjeux qui y sont li\u00e9s, ainsi que le niveau des sanctions \u00e9ventuelles, peuvent avoir un impact majeur sur la position de la tr\u00e9sorerie et la rentabilit\u00e9 d&rsquo;une entreprise.<\/p>\n<p>Or le respect des formalit\u00e9s s&rsquo;av\u00e8re de plus en plus complexe : les exigences d\u00e9claratives \u00e0 travers le monde sont \u00e9tendues et d\u00e9taill\u00e9es, le rythme des changements l\u00e9gislatifs et de jurisprudence s&rsquo;acc\u00e9l\u00e8re, le niveau d&rsquo;information permettant de d\u00e9terminer le traitement applicable aux op\u00e9rations est g\u00e9n\u00e9ralement tributaire d&rsquo;une bonne communication entre diff\u00e9rentes unit\u00e9s commerciales (par exemple, logistique, finance, informatique, achats et ventes, marketing, R &amp; D&#8230;), le param\u00e9trage des syst\u00e8mes ERP se limite souvent aux fonctionnalit\u00e9s standards qui s&rsquo;av\u00e8rent souvent insuffisantes par rapport \u00e0 la diversit\u00e9 des activit\u00e9s des entreprises et\/ou leurs particularit\u00e9s&#8230;<\/p>\n<p><strong>Dans ce contexte, nous pouvons vous assister pour \u00e9tablir avec vous un diagnostic des risques et identifier les mesures correctrices \u00e0 envisager pour en r\u00e9duire les effets \u00e0 l&rsquo;avenir, voire des possibilit\u00e9s de r\u00e9duire les co\u00fbts fiscaux latents.<\/strong><\/p>\n<p><strong>Enfin, nous pouvons \u00e9galement vous aider \u00e0 cerner les principaux enjeux li\u00e9s \u00e0 la refonte du r\u00e9gime de la TVA en 2019, 2021 et 2022 au regard de vos activit\u00e9s \u00e0 l&rsquo;international.<\/strong><\/p>\n<h4>perimetre de l&rsquo;AUDIT<\/h4>\n<p>Nous intervenons en France et dans les diff\u00e9rents Etats membres o\u00f9 nous pouvons agir en concertation avec nos correspondants de la Tax Representative Alliance (TRA).<\/p>\n<h4>que pouvons<span style=\"color: #993300;\">-nous faire pour vous ?<\/span><\/h4>\n<p>Notre intervention peut porter sur tout ou partie des \u00e9l\u00e9ments suivants (liste non limitative de v\u00e9rifications \u00e0 titre d&rsquo;exemple) :<\/p>\n<ul>\n<li>le traitement des flux de ventes et d&rsquo;achats de biens et services,<\/li>\n<li>le param\u00e9trage de votre syst\u00e8me d&rsquo;information,<\/li>\n<li>les processus de gestion des formalit\u00e9s d\u00e9claratives,<\/li>\n<li>la revue des factures d&rsquo;achats justifiant l&rsquo;exercice du droit \u00e0 d\u00e9duction de la TVA locale,<\/li>\n<li>l&rsquo;autoliquidation de la TVA sur les acquisitions intra-communautaires de biens et achats de services \u00e0 des prestataires \u00e9tablis hors de France,<\/li>\n<li>la bonne r\u00e9daction des documents douaniers d&rsquo;importation et d&rsquo;exportation,<\/li>\n<li>les justificatifs de transport relatifs aux livraisons intra-communautaires de biens,<\/li>\n<li>la revue des mentions \u00e0 indiquer sur les factures selon les types de ventes,<\/li>\n<li>les incoterms,<\/li>\n<li>le contingent d&rsquo;achats en franchise de TVA,<\/li>\n<li>la qualification des activit\u00e9s des succursales,<\/li>\n<li>la revue de contrat de services et de factures inter-compagnies et formalit\u00e9s corr\u00e9latives,<\/li>\n<li>les modalit\u00e9s de gestion de la TVA li\u00e9es aux op\u00e9rations de coop\u00e9ration commerciales, des op\u00e9rations promotionnelles&#8230;<\/li>\n<li>la documentation de la fiabilit\u00e9 de la piste d&rsquo;audit des factures&#8230;<\/li>\n<\/ul>\n<p>Sur la base de ces \u00e9l\u00e9ments, nous seront amen\u00e9s \u00e0 :<\/p>\n<ul>\n<li><span style=\"color: #800000;\"><strong>ETABLIR UN DIAGNOSTIC DES RISQUES ET LES CHIFFRER <\/strong><\/span>en tenant compte des p\u00e9nalit\u00e9s \u00e9ventuelles et int\u00e9r\u00eats de retard,<\/li>\n<li><span style=\"color: #800000;\"><strong>IDENTIFIER LES MESURES CORRECTRICES A ENVISAGER<\/strong><\/span>\u00a0pour en r\u00e9duire les effets \u00e0 l&rsquo;avenir,<\/li>\n<li>analyser les possibilit\u00e9s de<b>\u00a0<span style=\"color: #800000;\">REDUIRE LES COUTS FISCAUX LATENTS,<\/span><\/b><\/li>\n<li>vous conseiller dans la <span style=\"color: #800000;\"><strong>MISE EN PLACE D&rsquo;UNE ORGANISATION ADAPTEE<\/strong><\/span> \u00e0 la complexit\u00e9 de vos op\u00e9rations pour am\u00e9liorer les processus de gestion de la TVA,<\/li>\n<li><span style=\"color: #800000;\"><strong>ASSURER LA FORMATION DU PERSONNEL<\/strong><\/span> en charge de la gestion quotidienne de vos obligations de TVA et Intrastat.<\/li>\n<\/ul>\n<p>Enfin, d&rsquo;une mani\u00e8re prospective, nous pouvons \u00e9galement <span style=\"color: #800000;\"><strong>VOUS AIDER A CERNER LES PRINCIPAUX ENJEUX LIES A LA REFONTE DU REGIME DE LA TVA EN 2019, 2021 ET<\/strong> <strong>2022<\/strong><\/span> au regard de vos activit\u00e9s \u00e0 l&rsquo;international.<\/p>\n<p style=\"text-align: center; margin-top: 70px;\"><strong><span style=\"color: #333333;\">N\u2019h\u00e9site<\/span>z pas \u00e0 nous contacter pour toute assistance !<\/strong><\/p>\n<p style=\"text-align: center; margin-bottom: 50px;\"><a href=\"\/contact\/\" class=\"btn btn-theme btn-small\">Contactez-nous<\/a>\n<p style=\"text-align: center;\"><div style=\"height: 40px\"><\/div>\n                    <\/div>\r\n            \r\n        <section class=\"gravity-section\" style=\"height:autopx;\">\r\n                                <div class=\"gravity-section-background\"  style=\"background-color: #dd9933;\">\r\n                    <\/div>\r\n            \r\n    <div class=\"gravity-section-content\"><div class=\"google-map\" data-lat=\"48.8802626\" data-lng=\"2.2773509\" data-zoom=\"15\" data-title=\"localisation\" data-height=\"300\" data-color=\"\" data-saturation=\"-100\"><\/div>\n<\/div>\n                            \r\n        <\/section><!-- .gravity-section -->\r\n                    <div class=\"container\">\r\n                \r\n    <\/p>","protected":false},"excerpt":{"rendered":"<p>Les directeurs financiers classent habituellement la gestion de leurs obligations d\u00e9claratives et de paiement de la TVA parmi les risques fiscaux les plus importants. La gestion des formalit\u00e9s de TVA est en effet un d\u00e9fi permanent pour la plupart des entreprises car les risques et enjeux qui y sont li\u00e9s, ainsi que le niveau des [&hellip;]<\/p>\n","protected":false},"author":2,"featured_media":0,"parent":12,"menu_order":0,"comment_status":"closed","ping_status":"closed","template":"","meta":{"footnotes":""},"class_list":["post-2348","page","type-page","status-publish","hentry"],"_links":{"self":[{"href":"https:\/\/www.lrf.fr\/fr\/wp-json\/wp\/v2\/pages\/2348","targetHints":{"allow":["GET"]}}],"collection":[{"href":"https:\/\/www.lrf.fr\/fr\/wp-json\/wp\/v2\/pages"}],"about":[{"href":"https:\/\/www.lrf.fr\/fr\/wp-json\/wp\/v2\/types\/page"}],"author":[{"embeddable":true,"href":"https:\/\/www.lrf.fr\/fr\/wp-json\/wp\/v2\/users\/2"}],"replies":[{"embeddable":true,"href":"https:\/\/www.lrf.fr\/fr\/wp-json\/wp\/v2\/comments?post=2348"}],"version-history":[{"count":27,"href":"https:\/\/www.lrf.fr\/fr\/wp-json\/wp\/v2\/pages\/2348\/revisions"}],"predecessor-version":[{"id":2962,"href":"https:\/\/www.lrf.fr\/fr\/wp-json\/wp\/v2\/pages\/2348\/revisions\/2962"}],"up":[{"embeddable":true,"href":"https:\/\/www.lrf.fr\/fr\/wp-json\/wp\/v2\/pages\/12"}],"wp:attachment":[{"href":"https:\/\/www.lrf.fr\/fr\/wp-json\/wp\/v2\/media?parent=2348"}],"curies":[{"name":"wp","href":"https:\/\/api.w.org\/{rel}","templated":true}]}}