


{"id":205,"date":"2016-08-17T11:32:06","date_gmt":"2016-08-17T09:32:06","guid":{"rendered":"http:\/\/www.lrf.fr\/?page_id=205"},"modified":"2019-03-25T11:41:09","modified_gmt":"2019-03-25T10:41:09","slug":"declaration-des-taxes-sur-les-jeux-et-paris-en-ligne","status":"publish","type":"page","link":"https:\/\/www.lrf.fr\/fr\/services\/declaration-des-taxes-sur-les-jeux-et-paris-en-ligne\/","title":{"rendered":"D\u00e9claration des taxes sur les jeux et paris en ligne"},"content":{"rendered":"<p><meta name=\"description\" content=\"Nous assumons le r\u00f4le de REPRESENTANT FISCAL ACCREDITE pour les op\u00e9rateurs n\u2019ayant pas leur domicile ou le si\u00e8ge de leur soci\u00e9t\u00e9 en France.\"><br \/>\n                    <\/div>\r\n            \r\n        <section class=\"gravity-section\" style=\"height:autopx;\">\r\n                                <div class=\"gravity-section-background\"  style=\"background-color: #FFFFFF;\">\r\n                    <\/div>\r\n            \r\n    <div class=\"gravity-section-content\"><p><img decoding=\"async\" loading=\"lazy\" class=\"top-image aligncenter wp-image-123 size-full\" src=\"http:\/\/www.lrf.fr\/wp-content\/uploads\/2016\/08\/Decl-des-taxes-et-des-jeux-en-ligne_Serv.jpg\" alt=\"Decl des taxes et des jeux en ligne_Serv\" width=\"1029\" height=\"371\" srcset=\"https:\/\/www.lrf.fr\/wp-content\/uploads\/2016\/08\/Decl-des-taxes-et-des-jeux-en-ligne_Serv.jpg 1029w, https:\/\/www.lrf.fr\/wp-content\/uploads\/2016\/08\/Decl-des-taxes-et-des-jeux-en-ligne_Serv-300x108.jpg 300w, https:\/\/www.lrf.fr\/wp-content\/uploads\/2016\/08\/Decl-des-taxes-et-des-jeux-en-ligne_Serv-768x277.jpg 768w\" sizes=\"(max-width: 1029px) 100vw, 1029px\" \/><\/p>\n<\/div>\n                            \r\n        <\/section><!-- .gravity-section -->\r\n                    <div class=\"container\">\r\n                \r\n    \n<p>&nbsp;<\/p>\n<h4 style=\"text-align: left;\">Vous \u00eates un op\u00e9rateur de jeux d&rsquo;argent et de hasard en ligne et souhaitez proposer des offres de jeux aux consommateurs fran\u00e7ais ?<\/h4>\n<p>&nbsp;<\/p>\n<p>&nbsp;<\/p>\n<h4>Que pouvons\u00a0<span style=\"color: #800000;\">nous faire pour vous ?<\/span><\/h4>\n<p>Nous assumons<strong>\u00a0<\/strong>le r\u00f4le de <span style=\"color: #800000;\"><strong>REPRESENTANT FISCAL ACCREDITE<\/strong><\/span> pour les op\u00e9rateurs n&rsquo;ayant pas leur domicile ou le si\u00e8ge de leur soci\u00e9t\u00e9 en France.<\/p>\n<p><strong><span style=\"color: #800000;\"><span style=\"color: #850911;\">NOUS VOUS IDENTIFIONS<\/span><\/span><\/strong> aupr\u00e8s des services fiscaux en France.<\/p>\n<p><strong><span style=\"color: #850911;\">NOUS \u00c9TABLISSONS<\/span><\/strong> et d\u00e9poson<span style=\"color: #800000;\"><span style=\"color: #333333;\">s<\/span><\/span><strong><span style=\"color: #800000;\"> VOS DECLARATIONS<\/span> <\/strong>mensuelles de taxes, redevances et pr\u00e9l\u00e8vements.<\/p>\n<p>Nous effectuons le <span style=\"color: #800000;\"><strong>PAIEMENT\u00a0<\/strong><\/span>de ces taxes.<\/p>\n<p>Nous pr\u00e9parons les <strong><span style=\"color: #800000;\">REPONSES AUX DEMANDES D&rsquo;INFORMATIONS DES AUTORITES FISCALES<\/span><\/strong>, nous sommes pr\u00e9sents lors des contr\u00f4les fiscaux, assurons la liaison avec les avocats \u00e0 l&rsquo;occasion de litiges fiscaux, etc&#8230;<\/p>\n<p>Nous assurons u<span style=\"color: #800000;\"><strong>ne VEILLE REGLEMENTAIRE<\/strong><\/span> et analysons les incidences sur vos obligations d\u00e9claratives.<\/p>\n<p><strong><span style=\"color: #850911;\">NOUS VOUS ASSISTONS<\/span><\/strong> pour toute demande de conseil ou service administratif.<\/p>\n<p>&nbsp;<\/p>\n<p style=\"text-align: center;\"><a href=\"\/vos-activites\/jeux-paris-ligne\/\" class=\"btn btn-theme btn-small\">En savoir plus<\/a>\n<p style=\"text-align: center; margin-top: 70px;\"><strong>N\u2019h\u00e9sitez pas \u00e0 nous contacter pour toute assistance ou toute question\u00a0!<\/strong><\/p>\n<p style=\"text-align: center; margin-bottom: 50px;\"><a href=\"\/contact\/\" class=\"btn btn-theme btn-small\">Contactez-nous<\/a>\n<p style=\"text-align: center;\"><div style=\"height: 40px\"><\/div>\n                    <\/div>\r\n            \r\n        <section class=\"gravity-section\" style=\"height:autopx;\">\r\n                                <div class=\"gravity-section-background\"  style=\"background-color: #dd9933;\">\r\n                    <\/div>\r\n            \r\n    <div class=\"gravity-section-content\"><div class=\"google-map\" data-lat=\"48.8802626\" data-lng=\"2.2773509\" data-zoom=\"15\" data-title=\"localisation\" data-height=\"300\" data-color=\"\" data-saturation=\"-100\"><\/div>\n<\/div>\n                            \r\n        <\/section><!-- .gravity-section -->\r\n                    <div class=\"container\">\r\n                \r\n    <\/p>","protected":false},"excerpt":{"rendered":"<p>&nbsp; Vous \u00eates un op\u00e9rateur de jeux d&rsquo;argent et de hasard en ligne et souhaitez proposer des offres de jeux aux consommateurs fran\u00e7ais ? &nbsp; &nbsp; Que pouvons\u00a0nous faire pour vous ? Nous assumons\u00a0le r\u00f4le de REPRESENTANT FISCAL ACCREDITE pour les op\u00e9rateurs n&rsquo;ayant pas leur domicile ou le si\u00e8ge de leur soci\u00e9t\u00e9 en France. NOUS [&hellip;]<\/p>\n","protected":false},"author":1,"featured_media":0,"parent":12,"menu_order":0,"comment_status":"closed","ping_status":"closed","template":"","meta":[],"_links":{"self":[{"href":"https:\/\/www.lrf.fr\/fr\/wp-json\/wp\/v2\/pages\/205"}],"collection":[{"href":"https:\/\/www.lrf.fr\/fr\/wp-json\/wp\/v2\/pages"}],"about":[{"href":"https:\/\/www.lrf.fr\/fr\/wp-json\/wp\/v2\/types\/page"}],"author":[{"embeddable":true,"href":"https:\/\/www.lrf.fr\/fr\/wp-json\/wp\/v2\/users\/1"}],"replies":[{"embeddable":true,"href":"https:\/\/www.lrf.fr\/fr\/wp-json\/wp\/v2\/comments?post=205"}],"version-history":[{"count":58,"href":"https:\/\/www.lrf.fr\/fr\/wp-json\/wp\/v2\/pages\/205\/revisions"}],"predecessor-version":[{"id":2721,"href":"https:\/\/www.lrf.fr\/fr\/wp-json\/wp\/v2\/pages\/205\/revisions\/2721"}],"up":[{"embeddable":true,"href":"https:\/\/www.lrf.fr\/fr\/wp-json\/wp\/v2\/pages\/12"}],"wp:attachment":[{"href":"https:\/\/www.lrf.fr\/fr\/wp-json\/wp\/v2\/media?parent=205"}],"curies":[{"name":"wp","href":"https:\/\/api.w.org\/{rel}","templated":true}]}}