


{"id":16,"date":"2016-08-15T10:43:15","date_gmt":"2016-08-15T08:43:15","guid":{"rendered":"http:\/\/www.lrf.fr\/?page_id=16"},"modified":"2019-07-15T13:53:06","modified_gmt":"2019-07-15T11:53:06","slug":"contact-us","status":"publish","type":"page","link":"https:\/\/www.lrf.fr\/fr\/contact\/","title":{"rendered":"Contact"},"content":{"rendered":"<p>&nbsp;<\/p>\n<div class=\"google-map\" data-lat=\"48.8802626\" data-lng=\"2.2773509\" data-zoom=\"15\" data-title=\"localisation\" data-height=\"300\" data-color=\"\" data-saturation=\"-100\"><\/div>\n<p>&nbsp;<\/p>\n<div class=\"row  \"><div class=\"col-sm-6 col-lg-4 col-md-4 \">\n<h5>Merci de compl\u00e9ter ce formulaire pour recevoir une information compl\u00e8te<\/h5>\n<\/div><div class=\"col-sm-6 col-lg-8 col-md-8 \">Plan d\u2019acc\u00e8s\u00a0:<br \/>\nM\u00e9tro Ligne 1, station Porte Maillot ou Sablons (sortie Place du March\u00e9)<br \/>\nRER C, station Porte Maillot<\/div><\/div><div class=\"row  \">\n<div class=\"col-sm-6 col-lg-4 col-md-4 \"><hr class=\"\" style=\"width:10%;margin-left:0;\"><\/div><div class=\"col-sm-6 col-lg-4 col-md-4 \"><strong><span style=\"color: #800000;\">21 rue du Midi<\/span><\/strong><br \/>\n<strong> <span style=\"color: #800000;\"> 92200 Neuilly sur Seine, FRANCE<\/span><\/strong><\/div><div class=\"col-sm-6 col-lg-4 col-md-4 \">\n<p><strong><span style=\"color: #800000;\">Tel : 00 33 (0)1 46 37 59 79<\/span><\/strong><br \/>\n<strong> <span style=\"color: #800000;\"> E-mail : <a style=\"color: #800000;\" href=\"mailto:c.maure@lrf.fr\">contact@lrf.fr<\/a><\/span><\/strong><\/p>\n<\/div><\/div>\n<hr class=\"\" >\n<p>&nbsp;<\/p>\n<div role=\"form\" class=\"wpcf7\" id=\"wpcf7-f312-o1\" lang=\"fr-FR\" dir=\"ltr\">\n<div class=\"screen-reader-response\"><\/div>\n<form action=\"\/fr\/wp-json\/wp\/v2\/pages\/16#wpcf7-f312-o1\" method=\"post\" class=\"wpcf7-form\" novalidate=\"novalidate\">\n<div style=\"display: none;\">\n<input type=\"hidden\" name=\"_wpcf7\" value=\"312\" \/>\n<input type=\"hidden\" name=\"_wpcf7_version\" value=\"4.7\" \/>\n<input type=\"hidden\" name=\"_wpcf7_locale\" value=\"fr_FR\" \/>\n<input type=\"hidden\" name=\"_wpcf7_unit_tag\" value=\"wpcf7-f312-o1\" \/>\n<input type=\"hidden\" name=\"_wpnonce\" value=\"c8b2698862\" \/>\n<\/div>\n<div class=\"row\">\n<span class=\"col-sm-6 col-lg-4 col-md-4\"><br \/>\n<strong><span style=\"color: #800000;\">Nom de la soci\u00e9t\u00e9<\/span><\/strong><br \/>\n<span class=\"wpcf7-form-control-wrap Nomdelasocit\"><input type=\"text\" name=\"Nomdelasocit\" value=\"\" size=\"40\" class=\"wpcf7-form-control wpcf7-text wpcf7-validates-as-required\" aria-required=\"true\" aria-invalid=\"false\" \/><\/span><\/br><br \/>\n<strong><span style=\"color: #800000;\">Pays<\/span><\/strong><br \/>\n<span class=\"wpcf7-form-control-wrap Pays\"><input type=\"text\" name=\"Pays\" value=\"\" size=\"40\" class=\"wpcf7-form-control wpcf7-text wpcf7-validates-as-required\" aria-required=\"true\" aria-invalid=\"false\" \/><\/span><\/br><br \/>\n<strong><span style=\"color: #800000;\">Nom du contact<\/span><\/strong><br \/>\n<span class=\"wpcf7-form-control-wrap Nomducontact\"><input type=\"text\" name=\"Nomducontact\" value=\"\" size=\"40\" class=\"wpcf7-form-control wpcf7-text wpcf7-validates-as-required\" aria-required=\"true\" aria-invalid=\"false\" \/><\/span><\/br><br \/>\n<strong><span style=\"color: #800000;\">T\u00e9l\u00e9phone<\/span><\/strong><br \/>\n<span class=\"wpcf7-form-control-wrap Telephone\"><input type=\"tel\" name=\"Telephone\" value=\"\" size=\"40\" class=\"wpcf7-form-control wpcf7-text wpcf7-tel wpcf7-validates-as-required wpcf7-validates-as-tel\" aria-required=\"true\" aria-invalid=\"false\" \/><\/span><\/br><br \/>\n<strong><span style=\"color: #800000;\">Email<\/span><\/strong><br \/>\n<span class=\"wpcf7-form-control-wrap contact\"><input type=\"email\" name=\"contact\" value=\"\" size=\"40\" class=\"wpcf7-form-control wpcf7-text wpcf7-email wpcf7-validates-as-required wpcf7-validates-as-email\" aria-required=\"true\" aria-invalid=\"false\" \/><\/span><\/br><br \/>\n<\/span><br \/>\n<span class=\"col-sm-6 col-lg-8 col-md-8\"><br \/>\n<strong><span style=\"color: #800000;\">Pour quels types de services souhaitez vous nous contacter\u00a0?<\/span><\/strong><br \/>\n<span class=\"wpcf7-form-control-wrap typesdeservices\"><span class=\"wpcf7-form-control wpcf7-checkbox wpcf7-validates-as-required wpcf7-exclusive-checkbox\"><span class=\"wpcf7-list-item first\"><span class=\"wpcf7-list-item-label\">Immatriculation \u00e0 la TVA en France<\/span><input type=\"checkbox\" name=\"typesdeservices\" value=\"Immatriculation \u00e0 la TVA en France\" \/><\/span><span class=\"wpcf7-list-item\"><span class=\"wpcf7-list-item-label\">Demandes de remboursements de TVA<\/span><input type=\"checkbox\" name=\"typesdeservices\" value=\"Demandes de remboursements de TVA\" \/><\/span><span class=\"wpcf7-list-item\"><span class=\"wpcf7-list-item-label\">D\u00e9clarations de TVA<\/span><input type=\"checkbox\" name=\"typesdeservices\" value=\"D\u00e9clarations de TVA\" \/><\/span><span class=\"wpcf7-list-item last\"><span class=\"wpcf7-list-item-label\">D\u00e9claration de plus-values Immobili\u00e8res<\/span><input type=\"checkbox\" name=\"typesdeservices\" value=\"D\u00e9claration de plus-values Immobili\u00e8res\" \/><\/span><\/span><\/span><\/br><\/p>\n<p><strong><span style=\"color: #800000;\">Quelle sera votre activit\u00e9\u00a0en France (d\u00e9taillez les flux de vos op\u00e9rations) ?<\/span><\/strong><br \/>\n<span class=\"wpcf7-form-control-wrap QuelleseravotreactivitenFrancedtaillezlesfluxdevosoprations\"><textarea name=\"QuelleseravotreactivitenFrancedtaillezlesfluxdevosoprations\" cols=\"40\" rows=\"10\" class=\"wpcf7-form-control wpcf7-textarea wpcf7-validates-as-required\" aria-required=\"true\" aria-invalid=\"false\"><\/textarea><\/span><\/br><\/p>\n<p><strong><span style=\"color: #800000;\">Estimation de la quantit\u00e9 annuelle de factures d\u2019achats et de ventes \u00e0 d\u00e9clarer en France\u00a0:<\/span><\/strong><br \/>\n<span class=\"wpcf7-form-control-wrap EstimationdelaquantitannuelledefacturesdachatsetdeventesdclarerenFrance\"><textarea name=\"EstimationdelaquantitannuelledefacturesdachatsetdeventesdclarerenFrance:\" cols=\"40\" rows=\"10\" class=\"wpcf7-form-control wpcf7-textarea wpcf7-validates-as-required\" aria-required=\"true\" aria-invalid=\"false\"><\/textarea><\/span><\/br><\/p>\n<p><strong><span style=\"color: #800000;\">Estimation du chiffre d\u2019affaires annuel \u00e0 d\u00e9clarer en France (ventes en France et livraisons de biens exp\u00e9di\u00e9s au d\u00e9part de France)\u00a0:<\/span><\/strong><br \/>\n<span class=\"wpcf7-form-control-wrap EstimationduchiffredaffairesannueldclarerenFranceventesenFranceetlivraisonsdebiensexpdisaudpartdeFrance\"><textarea name=\"EstimationduchiffredaffairesannueldclarerenFranceventesenFranceetlivraisonsdebiensexpdisaudpartdeFrance:\" cols=\"40\" rows=\"10\" class=\"wpcf7-form-control wpcf7-textarea wpcf7-validates-as-required\" aria-required=\"true\" aria-invalid=\"false\"><\/textarea><\/span><\/br><\/p>\n<p><strong><span style=\"color: #800000;\">Autres informations (posez vos questions)\u00a0:<\/span><\/strong><br \/>\n<span class=\"wpcf7-form-control-wrap Autresinformationsposezvosquestions\"><textarea name=\"Autresinformationsposezvosquestions:\" cols=\"40\" rows=\"10\" class=\"wpcf7-form-control wpcf7-textarea wpcf7-validates-as-required\" aria-required=\"true\" aria-invalid=\"false\"><\/textarea><\/span><\/br><\/p>\n<p><input type=\"submit\" value=\"Envoyer\" class=\"wpcf7-form-control wpcf7-submit\" \/><br \/>\n<\/span><\/div>\n<div class=\"wpcf7-response-output wpcf7-display-none\"><\/div><\/form><\/div>\n<div style=\"height: 40px\"><\/div>\n                    <\/div>\r\n            \r\n        <section class=\"gravity-section\" style=\"height:autopx;\">\r\n                                <div class=\"gravity-section-background\"  style=\"background-color: #dd9933;\">\r\n                    <\/div>\r\n            \r\n    <div class=\"gravity-section-content\"><div class=\"google-map\" data-lat=\"48.8802626\" data-lng=\"2.2773509\" data-zoom=\"15\" data-title=\"localisation\" data-height=\"300\" data-color=\"\" data-saturation=\"-100\"><\/div>\n<\/div>\n                            \r\n        <\/section><!-- .gravity-section -->\r\n                    <div class=\"container\">\r\n                \r\n    <\/p>","protected":false},"excerpt":{"rendered":"<p>&nbsp; &nbsp; &nbsp;<\/p>\n","protected":false},"author":1,"featured_media":0,"parent":0,"menu_order":0,"comment_status":"closed","ping_status":"closed","template":"","meta":{"footnotes":""},"class_list":["post-16","page","type-page","status-publish","hentry"],"_links":{"self":[{"href":"https:\/\/www.lrf.fr\/fr\/wp-json\/wp\/v2\/pages\/16","targetHints":{"allow":["GET"]}}],"collection":[{"href":"https:\/\/www.lrf.fr\/fr\/wp-json\/wp\/v2\/pages"}],"about":[{"href":"https:\/\/www.lrf.fr\/fr\/wp-json\/wp\/v2\/types\/page"}],"author":[{"embeddable":true,"href":"https:\/\/www.lrf.fr\/fr\/wp-json\/wp\/v2\/users\/1"}],"replies":[{"embeddable":true,"href":"https:\/\/www.lrf.fr\/fr\/wp-json\/wp\/v2\/comments?post=16"}],"version-history":[{"count":67,"href":"https:\/\/www.lrf.fr\/fr\/wp-json\/wp\/v2\/pages\/16\/revisions"}],"predecessor-version":[{"id":2768,"href":"https:\/\/www.lrf.fr\/fr\/wp-json\/wp\/v2\/pages\/16\/revisions\/2768"}],"wp:attachment":[{"href":"https:\/\/www.lrf.fr\/fr\/wp-json\/wp\/v2\/media?parent=16"}],"curies":[{"name":"wp","href":"https:\/\/api.w.org\/{rel}","templated":true}]}}