


{"id":14,"date":"2016-08-15T10:42:53","date_gmt":"2016-08-15T08:42:53","guid":{"rendered":"http:\/\/www.lrf.fr\/?page_id=14"},"modified":"2024-07-04T13:10:52","modified_gmt":"2024-07-04T11:10:52","slug":"la-representation-fiscale","status":"publish","type":"page","link":"https:\/\/www.lrf.fr\/fr\/la-representation-fiscale\/","title":{"rendered":"La Repr\u00e9sentation Fiscale"},"content":{"rendered":"<p>                    <\/div>\r\n            \r\n        <section class=\"gravity-section\" style=\"height:autopx;\">\r\n                                <div class=\"gravity-section-background\"  style=\"background-color: #FFFFFF;\">\r\n                    <\/div>\r\n            \r\n    <div class=\"gravity-section-content\"><p><img decoding=\"async\" loading=\"lazy\" class=\"alignnone wp-image-1276 size-large\" src=\"http:\/\/www.lrf.fr\/wp-content\/uploads\/2016\/08\/Paris-e1475685022344-1200x447.jpg\" alt=\"paris\" width=\"1170\" height=\"436\" srcset=\"https:\/\/www.lrf.fr\/wp-content\/uploads\/2016\/08\/Paris-e1475685022344-1200x447.jpg 1200w, https:\/\/www.lrf.fr\/wp-content\/uploads\/2016\/08\/Paris-e1475685022344-300x112.jpg 300w, https:\/\/www.lrf.fr\/wp-content\/uploads\/2016\/08\/Paris-e1475685022344-768x286.jpg 768w\" sizes=\"(max-width: 1170px) 100vw, 1170px\" \/><\/p>\n<\/div>\n                            \r\n        <\/section><!-- .gravity-section -->\r\n                    <div class=\"container\">\r\n                \r\n    \n<h4 style=\"text-align: center;\"><\/h4>\n                    <\/div>\r\n            \r\n        <section class=\"gravity-section\" style=\"padding-top:70px;padding-bottom:10px;\">\r\n                                <div class=\"gravity-section-background\" data-stellar-ratio=\"0.5\" style=\"background-image: url(http:\/\/www.lrf.fr\/wp-content\/uploads\/2016\/08\/livre-lunette.png);background-color: #ffffff;\">\r\n                    <\/div>\r\n            \r\n    <div class=\"gravity-section-content\"><div class=\"container\"><p style=\"text-align: left;\">La Soci\u00e9t\u00e9\u00a0La Repr\u00e9sentation Fiscale\u00a0<strong>a \u00e9t\u00e9 cr\u00e9\u00e9e en janvier 1963<\/strong> avec pour objet l\u2019assistance et la repr\u00e9sentation de soci\u00e9t\u00e9s \u00e9trang\u00e8res, essentiellement au regard de la TVA.<\/p>\n<p style=\"text-align: left;\">Depuis plus de 60 ans maintenant, notre soci\u00e9t\u00e9 est rest\u00e9e sp\u00e9cialis\u00e9e en mati\u00e8re de mandat et de repr\u00e9sentation fiscale, tant pour la TVA que pour d\u2019autres taxes indirectes.<\/p>\n<p style=\"text-align: left;\">Forte de cette longue exp\u00e9rience, notre \u00e9quipe \u00a0accompagne les entreprises de tous pays pour les identifier \u00e0 la TVA en France, \u00e9tablir et d\u00e9poser leurs d\u00e9clarations de TVA, obtenir les remboursements de TVA (participation \u00e0 des salons, importations, frais de bureau de liaison\u2026) et leur donner tout conseil en mati\u00e8re de TVA.<\/p>\n<p style=\"text-align: left;\">Nous nous attachons \u00e0 fournir nos \u00a0services suivant les plus hauts standards de qualit\u00e9, soucieux de b\u00e2tir une relation de confiance dans le cadre d\u2019un partenariat de long terme. Nous identifions avec nos clients les dispositions \u00e0 prendre afin de s\u00e9curiser la gestion de leurs formalit\u00e9s d\u00e9claratives et de paiement de la TVA et anticiper les demandes de justification des services fiscaux.<\/p>\n<p style=\"text-align: left;\">Nous pouvons communiquer avec nos clients en anglais, polonais et russe.<\/p>\n<p style=\"padding-bottom: 30px; text-align: left;\">Gr\u00e2ce \u00e0 un <strong>r\u00e9seau de correspondants \u00e9tablis dans 16 Etats membres de l\u2019Union Europ\u00e9enne, <\/strong>en Suisse et au Royaume Uni, nous pouvons fournir les m\u00eames services dans ces pays.\u00a0<a href=\"\/tax-representative-alliance\/\" class=\"btn btn-mediumgrey btn-small\">En Savoir Plus<\/a>\n<p>Nous sommes membre fondateur de l&rsquo;Association des Repr\u00e9sentants Fiscaux Fran\u00e7ais, ARFF, association professionnelle ayant pour mission de proposer \u00e0 ses Membres un forum de discussion et d&rsquo;\u00e9changes sur tout sujet fiscal ou douanier en relation avec l&rsquo;exercice de la mission de repr\u00e9sentant fiscal accr\u00e9dit\u00e9. Constitu\u00e9e d&rsquo;acteurs majeurs de la repr\u00e9sentation fiscale \u00e9tablis en France et reconnus pour leur professionnalisme, leur comp\u00e9tence et leur exp\u00e9rience, l&rsquo;ARFF a aussi pour r\u00f4le de repr\u00e9senter ses Membres aupr\u00e8s des Administrations Fiscales et Douani\u00e8res et ainsi relayer les pr\u00e9occupations concr\u00e8tes de ses Membres, mais aussi contribuer \u00e0 la r\u00e9flexion globale sur la mission de repr\u00e9sentant fiscal.<\/p>\n<\/div><\/div>\n                            \r\n        <\/section><!-- .gravity-section -->\r\n                    <div class=\"container\">\r\n                \r\n    \n<p>&nbsp;<\/p>\n<h4 style=\"text-align: left;\"><span style=\"color: #800000;\">Nos clients<\/span><\/h4>\n<p>&nbsp;<\/p>\n<p style=\"text-align: left;\">Notre client\u00e8le est constitu\u00e9e tout aussi bien de grands groupes internationaux \u00a0que de petites et moyennes entreprises.<\/p>\n<h6 style=\"text-align: left;\"><\/h6>\n<p>&nbsp;<\/p>\n<h6 style=\"text-align: left;\">Nos clients sont essentiellement <span style=\"color: #800000;\">localis\u00e9s dans les pays suivants\u00a0:<\/span><\/h6>\n<p style=\"text-align: left;\">Suisse, Andorre, Hong Kong, Macao, Singapour, Iles vierges, Iles anglo normandes, Etats Unis, Canada, Emirats Arabes Unis, Kowe\u00eft, Russie, Japon, Inde, Malte, Ile de Man, Allemagne, Belgique, Espagne, Irlande, Italie, Luxembourg, Pays Bas, Pologne, Royaume Uni, Br\u00e9sil, Norv\u00e8ge, Nouvelle Z\u00e9lande, France&#8230;<\/p>\n<h6 style=\"text-align: left;\"><\/h6>\n<p>&nbsp;<\/p>\n<h6 style=\"text-align: left;\">Ils interviennent essentiellement dans les <span style=\"color: #800000;\">secteurs d&rsquo;activit\u00e9 suivants\u00a0:<\/span><\/h6>\n<p style=\"text-align: left;\">Agro alimentaire, Artistique, Assurance, Biens de consommation, \u00a0Ev\u00e8nementiel (organisateurs de salons), Fourniture de gaz, Immobilier (chantiers, location de bureaux), Industrie, Industrie Pharmaceutique,\u00a0 Informatique, Jeux en lignes, N\u00e9goce (engrais, m\u00e9taux, p\u00e9trole\u2026), Presse, Textile, Ventes \u00e0 distance aux particuliers, Yachting (location, pi\u00e8ces d\u00e9tach\u00e9es)&#8230;<\/p>\n<h6><\/h6>\n<p>&nbsp;<\/p>\n<h6>QUELQUES <span style=\"color: #800000;\">TEMOIGNAGES :<\/span><\/h6>\n<p><em>\u00ab\u00a0C&rsquo;est toujours un plaisir de donner les coordonn\u00e9es de personnes qui offrent un service performant et professionnel.\u00a0\u00bb<\/em><\/p>\n<p>Nicolas Blazy &#8211; Esport Natura<\/p>\n<p>&nbsp;<\/p>\n<p><em>\u00ab\u00a0Je veux dire \u00e0 titre de t\u00e9moignage, que je suis tr\u00e8s content et ai beaucoup appr\u00e9ci\u00e9 le travail que vous avez effectu\u00e9 dans un tr\u00e8s court d\u00e9lai.\u00a0\u00bb<\/em><\/p>\n<p>Tom Price &#8211; Fiscaliste<\/p>\n<p>&nbsp;<\/p>\n<p><em>\u00ab\u00a0Au cours d&rsquo;une r\u00e9union de travail avec mes commissaires au compte, le Cabinet&#8230;, je me suis permis de parler de vos performances lors du dossier de Mr&#8230; mon client.\u00a0\u00bb<\/em><\/p>\n<p>Hubert d&rsquo;Honincthun &#8211; Cadho<\/p>\n<p>&nbsp;<\/p>\n<p><em>\u00ab\u00a0Vous faites pour nous un tr\u00e8s bon travail et toujours avec de bons conseils !\u00a0\u00bb<\/em><\/p>\n<p>Marcello Bertinetti &#8211; Snake<\/p>\n<p>&nbsp;<\/p>\n<p>\u00ab\u00a0<em>J&rsquo;ai sollicit\u00e9 plusieurs repr\u00e9sentants fiscaux pour une demande urgente, li\u00e9e \u00e0 une situation tr\u00e8s sp\u00e9cifique. Les experts de LA REPRESENTATION FISCALE sont non seulement ceux qui ont \u00e9t\u00e9 les plus r\u00e9actifs mais \u00e9galement ceux qui m&rsquo;ont donn\u00e9 les r\u00e9ponses les plus pr\u00e9cises et d\u00e9taill\u00e9es. La communication est rapide, agr\u00e9able et efficace. Je recommande.\u00a0\u00bb<\/em><\/p>\n<p>Pierre Debot &#8211; PCJJM PTE<\/p>\n<p>&nbsp;<\/p>\n<p>&nbsp;<\/p>\n<p>&nbsp;<\/p>\n<p style=\"text-align: center;\"><strong>N\u2019h\u00e9sitez pas \u00e0 nous contacter pour toute assistance ou toute question\u00a0!<\/strong><\/p>\n<p style=\"text-align: center;\"><a href=\"\/contact\/\" class=\"btn btn-theme btn-small\">Contactez-nous<\/a>\n<h4 style=\"text-align: center;\"><\/h4>\n<p style=\"text-align: center;\"><div style=\"height: 40px\"><\/div>\n                    <\/div>\r\n            \r\n        <section class=\"gravity-section\" style=\"height:autopx;\">\r\n                                <div class=\"gravity-section-background\"  style=\"background-color: #dd9933;\">\r\n                    <\/div>\r\n            \r\n    <div class=\"gravity-section-content\"><div class=\"google-map\" data-lat=\"48.8802626\" data-lng=\"2.2773509\" data-zoom=\"15\" data-title=\"localisation\" data-height=\"300\" data-color=\"\" data-saturation=\"-100\"><\/div>\n<\/div>\n                            \r\n        <\/section><!-- .gravity-section -->\r\n                    <div class=\"container\">\r\n                \r\n    <\/p>","protected":false},"excerpt":{"rendered":"<p>&nbsp; Nos clients &nbsp; Notre client\u00e8le est constitu\u00e9e tout aussi bien de grands groupes internationaux \u00a0que de petites et moyennes entreprises. &nbsp; Nos clients sont essentiellement localis\u00e9s dans les pays suivants\u00a0: Suisse, Andorre, Hong Kong, Macao, Singapour, Iles vierges, Iles anglo normandes, Etats Unis, Canada, Emirats Arabes Unis, Kowe\u00eft, Russie, Japon, Inde, Malte, Ile de [&hellip;]<\/p>\n","protected":false},"author":1,"featured_media":0,"parent":0,"menu_order":0,"comment_status":"closed","ping_status":"closed","template":"","meta":[],"_links":{"self":[{"href":"https:\/\/www.lrf.fr\/fr\/wp-json\/wp\/v2\/pages\/14"}],"collection":[{"href":"https:\/\/www.lrf.fr\/fr\/wp-json\/wp\/v2\/pages"}],"about":[{"href":"https:\/\/www.lrf.fr\/fr\/wp-json\/wp\/v2\/types\/page"}],"author":[{"embeddable":true,"href":"https:\/\/www.lrf.fr\/fr\/wp-json\/wp\/v2\/users\/1"}],"replies":[{"embeddable":true,"href":"https:\/\/www.lrf.fr\/fr\/wp-json\/wp\/v2\/comments?post=14"}],"version-history":[{"count":81,"href":"https:\/\/www.lrf.fr\/fr\/wp-json\/wp\/v2\/pages\/14\/revisions"}],"predecessor-version":[{"id":2952,"href":"https:\/\/www.lrf.fr\/fr\/wp-json\/wp\/v2\/pages\/14\/revisions\/2952"}],"wp:attachment":[{"href":"https:\/\/www.lrf.fr\/fr\/wp-json\/wp\/v2\/media?parent=14"}],"curies":[{"name":"wp","href":"https:\/\/api.w.org\/{rel}","templated":true}]}}