


{"id":1208,"date":"2016-10-05T13:16:31","date_gmt":"2016-10-05T11:16:31","guid":{"rendered":"http:\/\/www.lrf.fr\/?page_id=1208"},"modified":"2026-02-25T16:37:16","modified_gmt":"2026-02-25T15:37:16","slug":"tax-representative-alliance","status":"publish","type":"page","link":"https:\/\/www.lrf.fr\/fr\/tax-representative-alliance\/","title":{"rendered":"Tax Representative Alliance"},"content":{"rendered":"<p>                    <\/div>\r\n            \r\n        <section class=\"gravity-section\" style=\"height:autopx;\">\r\n                                <div class=\"gravity-section-background\"  style=\"background-color: #dd9933;\">\r\n                    <\/div>\r\n            \r\n    <div class=\"gravity-section-content\"><p>&nbsp;<\/p>\n<p><img loading=\"lazy\" decoding=\"async\" class=\"alignnone size-medium wp-image-2977 aligncenter\" src=\"https:\/\/www.lrf.fr\/wp-content\/uploads\/2024\/07\/63_-300x300.jpg\" alt=\"\" width=\"300\" height=\"300\" srcset=\"https:\/\/www.lrf.fr\/wp-content\/uploads\/2024\/07\/63_-300x300.jpg 300w, https:\/\/www.lrf.fr\/wp-content\/uploads\/2024\/07\/63_-1024x1024.jpg 1024w, https:\/\/www.lrf.fr\/wp-content\/uploads\/2024\/07\/63_-150x150.jpg 150w, https:\/\/www.lrf.fr\/wp-content\/uploads\/2024\/07\/63_-768x768.jpg 768w, https:\/\/www.lrf.fr\/wp-content\/uploads\/2024\/07\/63_-1536x1536.jpg 1536w, https:\/\/www.lrf.fr\/wp-content\/uploads\/2024\/07\/63_-2048x2048.jpg 2048w, https:\/\/www.lrf.fr\/wp-content\/uploads\/2024\/07\/63_-55x55.jpg 55w, https:\/\/www.lrf.fr\/wp-content\/uploads\/2024\/07\/63_-165x165.jpg 165w, https:\/\/www.lrf.fr\/wp-content\/uploads\/2024\/07\/63_-263x263.jpg 263w, https:\/\/www.lrf.fr\/wp-content\/uploads\/2024\/07\/63_-360x360.jpg 360w, https:\/\/www.lrf.fr\/wp-content\/uploads\/2024\/07\/63_-720x720.jpg 720w, https:\/\/www.lrf.fr\/wp-content\/uploads\/2024\/07\/63_-1110x1110.jpg 1110w\" sizes=\"auto, (max-width: 300px) 100vw, 300px\" \/><\/p>\n<p>&nbsp;<\/p>\n<\/div>\n                            \r\n        <\/section><!-- .gravity-section -->\r\n                    <div class=\"container\">\r\n                \r\n    \n<p style=\"text-align: left;\">                    <\/div>\r\n            \r\n        <section class=\"gravity-section\" style=\"padding-top:50px;padding-bottom:20px;\">\r\n                                <div class=\"gravity-section-background\" data-stellar-ratio=\"0.5\" style=\"background-image: url(http:\/\/www.lrf.fr\/wp-content\/uploads\/2016\/08\/livre-lunette.png);background-color: #ffffff;\">\r\n                    <\/div>\r\n            \r\n    <div class=\"gravity-section-content\"><div class=\"container\"><p style=\"text-align: left;\">La Repr\u00e9sentation Fiscale est \u00e0 l\u2019origine de la cr\u00e9ation de Tax Representative Alliance (TRA), une association de sp\u00e9cialistes de la TVA qui compte actuellement 18 membres dans les Pays suivants: Allemagne, Angleterre, Autriche, Belgique, Bulgarie, Chypre, Espagne, France, Gr\u00e8ce, Hongrie, Italie, Luxembourg, Malte, Pays Bas, Pologne, R\u00e9publique Tch\u00e8que, Roumanie, Suisse.<\/p>\n<p style=\"text-align: left;\">Selon le cas, les membres de TRA sont comptables, avocats ou conseillers fiscaux et agissent en tant que repr\u00e9sentant fiscal dans leur pays pour le compte de soci\u00e9t\u00e9s \u00e9trang\u00e8res.<\/p>\n<p style=\"text-align: left;\">\n<\/div><\/div>\n                            \r\n        <\/section><!-- .gravity-section -->\r\n                    <div class=\"container\">\r\n                \r\n    \n<h6 style=\"text-align: left;\"><\/h6>\n<h6 style=\"text-align: left;\"><\/h6>\n<h6 style=\"text-align: left;\"><span style=\"color: #800000;\">Les objectifs<\/span> des membres correspondant de TRA sont les suivants :<\/h6>\n<ul>\n<li style=\"text-align: left;\">connaissances et comp\u00e9tence de haut niveau en mati\u00e8re de TVA notamment dans le domaine des op\u00e9rations internationales, veille r\u00e9glementaire et information des membres de TRA sur les principales actualit\u00e9s fiscales ;<\/li>\n<li style=\"text-align: left;\">immatriculation \u00e0 la TVA des clients dans un ou plusieurs pays ;<\/li>\n<li style=\"text-align: left;\">\u00e9tablissement de leurs d\u00e9clarations de TVA, paiements de TVA ou demandes de remboursement, d\u00e9clarations r\u00e9capitulatives des livraisons intracommunautaires, d\u00e9clarations Intrastat, etc dans un ou plusieurs pays ;<\/li>\n<li style=\"text-align: left;\">prise en charge des probl\u00e9matiques TVA et douani\u00e8res relatives aux op\u00e9rations europ\u00e9ennes et internationales de leurs clients ;<\/li>\n<li style=\"text-align: left;\">conseils permettant de faciliter leurs op\u00e9rations europ\u00e9ennes et internationales, dans le respect des l\u00e9gislations en vigueur ;<\/li>\n<li style=\"text-align: left;\">recoupements des donn\u00e9es et calculs de coh\u00e9rence, envoi de compte-rendus ;<\/li>\n<li style=\"text-align: left;\">rapidit\u00e9 d&rsquo;ex\u00e9cution ;<\/li>\n<li style=\"text-align: left;\">proposition de tarifs attractifs.<\/li>\n<\/ul>\n<p>L&rsquo;alliance nous permet de proposer des services de repr\u00e9sentation fiscale et des conseils transfrontaliers. <strong>Nous pouvons notamment coordonner l&rsquo;immatriculation \u00e0 la TVA et l&rsquo;\u00e9tablissement des d\u00e9clarations mensuelles ou trimestrielles d&rsquo;une soci\u00e9t\u00e9 dans plusieurs pays europ\u00e9ens. L&rsquo;avantage pour le client est de n&rsquo;avoir qu&rsquo;un seul point de contact qui se charge de superviser l&rsquo;ensemble des formalit\u00e9s.<\/strong><\/p>\n<p>D&rsquo;importants groupes c\u00f4t\u00e9s en bourse, des compagnies a\u00e9riennes, des industries situ\u00e9s dans le monde entier sont clients des membres de l&rsquo;alliance, ainsi que des moyennes et petites entreprises, telles que des vendeurs sur le site Amazon.<\/p>\n<p><img decoding=\"async\" class=\"size-full wp-image-68 aligncenter\" src=\"https:\/\/www.lrf.fr\/wp-content\/uploads\/2026\/02\/Logo-TRA.png\" alt=\"TRA logo\" width=\"350\" height=\"auto\" \/><\/p>\n<p style=\"text-align: center;\"><a href=\"http:\/\/www.tra.org\" class=\"btn btn-theme btn-small\">Acc\u00e9der au site TRA<\/a>\n<p><\/p>","protected":false},"excerpt":{"rendered":"<p>Les objectifs des membres correspondant de TRA sont les suivants : connaissances et comp\u00e9tence de haut niveau en mati\u00e8re de TVA notamment dans le domaine des op\u00e9rations internationales, veille r\u00e9glementaire et information des membres de TRA sur les principales actualit\u00e9s fiscales ; immatriculation \u00e0 la TVA des clients dans un ou plusieurs pays ; \u00e9tablissement [&hellip;]<\/p>\n","protected":false},"author":2,"featured_media":0,"parent":0,"menu_order":0,"comment_status":"closed","ping_status":"closed","template":"","meta":{"footnotes":""},"class_list":["post-1208","page","type-page","status-publish","hentry"],"_links":{"self":[{"href":"https:\/\/www.lrf.fr\/fr\/wp-json\/wp\/v2\/pages\/1208","targetHints":{"allow":["GET"]}}],"collection":[{"href":"https:\/\/www.lrf.fr\/fr\/wp-json\/wp\/v2\/pages"}],"about":[{"href":"https:\/\/www.lrf.fr\/fr\/wp-json\/wp\/v2\/types\/page"}],"author":[{"embeddable":true,"href":"https:\/\/www.lrf.fr\/fr\/wp-json\/wp\/v2\/users\/2"}],"replies":[{"embeddable":true,"href":"https:\/\/www.lrf.fr\/fr\/wp-json\/wp\/v2\/comments?post=1208"}],"version-history":[{"count":66,"href":"https:\/\/www.lrf.fr\/fr\/wp-json\/wp\/v2\/pages\/1208\/revisions"}],"predecessor-version":[{"id":3002,"href":"https:\/\/www.lrf.fr\/fr\/wp-json\/wp\/v2\/pages\/1208\/revisions\/3002"}],"wp:attachment":[{"href":"https:\/\/www.lrf.fr\/fr\/wp-json\/wp\/v2\/media?parent=1208"}],"curies":[{"name":"wp","href":"https:\/\/api.w.org\/{rel}","templated":true}]}}