


{"id":12,"date":"2016-08-15T10:42:35","date_gmt":"2016-08-15T08:42:35","guid":{"rendered":"http:\/\/www.lrf.fr\/?page_id=12"},"modified":"2019-08-06T11:22:55","modified_gmt":"2019-08-06T09:22:55","slug":"our-services","status":"publish","type":"page","link":"https:\/\/www.lrf.fr\/fr\/services\/","title":{"rendered":"Services"},"content":{"rendered":"<p>&nbsp;<\/p>\n<table class=\"wp-list-table widefat fixed unite_table_items\">\n<tbody>\n<tr>\n<td>\n\t\t\t<!-- START ServiceSlider REVOLUTION SLIDER 6.6.20 --><p class=\"rs-p-wp-fix\"><\/p>\n\t\t\t<rs-module-wrap id=\"rev_slider_3_1_wrapper\" data-source=\"gallery\" style=\"visibility:hidden;background:#E9E9E9;padding:0;margin:0px auto;margin-top:0;margin-bottom:0;\">\n\t\t\t\t<rs-module id=\"rev_slider_3_1\" style=\"\" data-version=\"6.6.20\">\n\t\t\t\t\t<rs-slides style=\"overflow: hidden; position: absolute;\">\n\t\t\t\t\t\t<rs-slide style=\"position: absolute;\" data-key=\"rs-18\" data-title=\"Slide\" data-anim=\"d:10;ms:1000;f:edges;\" data-in=\"prst:rndany;mo:35;moo:none;o:0;x:ran(-20|20);y:ran(-20|20);r:ran(-40|40);sx:2;sy:2;e:sine.in;row:25;\" data-out=\"a:false;\">\n\t\t\t\t\t\t\t<img src=\"\/\/www.lrf.fr\/wp-content\/plugins\/revslider\/public\/assets\/assets\/dummy.png\" alt=\"\" title=\"Services\" class=\"rev-slidebg tp-rs-img rs-lazyload\" data-lazyload=\"\/\/www.lrf.fr\/wp-content\/uploads\/2016\/08\/IMP_Demander-immatriculation-TVA.jpg\" data-bg=\"p:center top;\" data-no-retina>\n<!--\n\t\t\t\t\t\t\t--><rs-layer\n\t\t\t\t\t\t\t\tid=\"slider-3-slide-18-layer-1\" \n\t\t\t\t\t\t\t\tdata-type=\"image\"\n\t\t\t\t\t\t\t\tdata-rsp_ch=\"on\"\n\t\t\t\t\t\t\t\tdata-xy=\"x:-143px;y:-90px;\"\n\t\t\t\t\t\t\t\tdata-dim=\"w:1363.1536388140162;h:491;\"\n\t\t\t\t\t\t\t\tdata-frame_1=\"st:500;\"\n\t\t\t\t\t\t\t\tdata-frame_999=\"st:w;auto:true;\"\n\t\t\t\t\t\t\t\tstyle=\"z-index:5;\"\n\t\t\t\t\t\t\t><img src=\"\/\/www.lrf.fr\/wp-content\/plugins\/revslider\/public\/assets\/assets\/dummy.png\" alt=\"Demander immatriculation TVA\" class=\"tp-rs-img rs-lazyload\" width=\"1029\" height=\"371\" data-lazyload=\"\/\/www.lrf.fr\/wp-content\/uploads\/2016\/08\/IMP_Demander-immatriculation-TVA.jpg\" data-no-retina> \n\t\t\t\t\t\t\t<\/rs-layer><!--\n-->\t\t\t\t\t\t<\/rs-slide>\n\t\t\t\t\t\t<rs-slide style=\"position: absolute;\" data-key=\"rs-19\" data-title=\"Slide\" data-filter=\"e:late;s:50;\" data-in=\"prst:rndany;o:0;e:power1.in;\">\n\t\t\t\t\t\t\t<img src=\"\/\/www.lrf.fr\/wp-content\/plugins\/revslider\/public\/assets\/assets\/dummy.png\" alt=\"Slide\" title=\"Services\" class=\"rev-slidebg tp-rs-img rs-lazyload\" data-lazyload=\"\/\/www.lrf.fr\/wp-content\/plugins\/revslider\/public\/assets\/assets\/transparent.png\" data-bg=\"p:center top;\" data-no-retina>\n<!--\n\t\t\t\t\t\t\t--><rs-layer\n\t\t\t\t\t\t\t\tid=\"slider-3-slide-19-layer-1\" \n\t\t\t\t\t\t\t\tdata-type=\"image\"\n\t\t\t\t\t\t\t\tdata-rsp_ch=\"on\"\n\t\t\t\t\t\t\t\tdata-xy=\"x:-176px;y:-74px;\"\n\t\t\t\t\t\t\t\tdata-dim=\"w:1311.9056603773586;h:473;\"\n\t\t\t\t\t\t\t\tdata-frame_1=\"st:500;\"\n\t\t\t\t\t\t\t\tdata-frame_999=\"st:w;auto:true;\"\n\t\t\t\t\t\t\t\tstyle=\"z-index:5;\"\n\t\t\t\t\t\t\t><img src=\"\/\/www.lrf.fr\/wp-content\/plugins\/revslider\/public\/assets\/assets\/dummy.png\" alt=\"De\u0301claration TVA\" class=\"tp-rs-img rs-lazyload\" width=\"1029\" height=\"371\" data-lazyload=\"\/\/www.lrf.fr\/wp-content\/uploads\/2016\/08\/De\u0301claration-TVA.jpg\" data-no-retina> \n\t\t\t\t\t\t\t<\/rs-layer><!--\n-->\t\t\t\t\t\t<\/rs-slide>\n\t\t\t\t\t\t<rs-slide style=\"position: absolute;\" data-key=\"rs-20\" data-title=\"Slide\" data-anim=\"d:20;ms:910;\" data-in=\"prst:rndany;o:0;x:ran(-200|200);sx:2;sy:2;e:power3.Out;row:100;col:10;\">\n\t\t\t\t\t\t\t<img src=\"\/\/www.lrf.fr\/wp-content\/plugins\/revslider\/public\/assets\/assets\/dummy.png\" alt=\"Slide\" title=\"Services\" class=\"rev-slidebg tp-rs-img rs-lazyload\" data-lazyload=\"\/\/www.lrf.fr\/wp-content\/plugins\/revslider\/public\/assets\/assets\/transparent.png\" data-bg=\"p:center top;\" data-no-retina>\n<!--\n\t\t\t\t\t\t\t--><rs-layer\n\t\t\t\t\t\t\t\tid=\"slider-3-slide-20-layer-1\" \n\t\t\t\t\t\t\t\tdata-type=\"image\"\n\t\t\t\t\t\t\t\tdata-rsp_ch=\"on\"\n\t\t\t\t\t\t\t\tdata-xy=\"x:-147px;y:-143px;\"\n\t\t\t\t\t\t\t\tdata-dim=\"w:1370.1509433962265;h:494;\"\n\t\t\t\t\t\t\t\tdata-frame_1=\"st:500;\"\n\t\t\t\t\t\t\t\tdata-frame_999=\"st:w;auto:true;\"\n\t\t\t\t\t\t\t\tstyle=\"z-index:5;\"\n\t\t\t\t\t\t\t><img src=\"\/\/www.lrf.fr\/wp-content\/plugins\/revslider\/public\/assets\/assets\/dummy.png\" alt=\"Demande de remboursement\" class=\"tp-rs-img rs-lazyload\" width=\"1029\" height=\"371\" data-lazyload=\"\/\/www.lrf.fr\/wp-content\/uploads\/2016\/08\/Demande-de-remboursement.jpg\" data-no-retina> \n\t\t\t\t\t\t\t<\/rs-layer><!--\n-->\t\t\t\t\t\t<\/rs-slide>\n\t\t\t\t\t\t<rs-slide style=\"position: absolute;\" data-key=\"rs-21\" data-title=\"Slide\" data-anim=\"o:outin;\" data-in=\"prst:rndany;o:0;sx:0.85;sy:0.85;\" data-out=\"x:-100%;\">\n\t\t\t\t\t\t\t<img src=\"\/\/www.lrf.fr\/wp-content\/plugins\/revslider\/public\/assets\/assets\/dummy.png\" alt=\"Slide\" title=\"Services\" class=\"rev-slidebg tp-rs-img rs-lazyload\" data-lazyload=\"\/\/www.lrf.fr\/wp-content\/plugins\/revslider\/public\/assets\/assets\/transparent.png\" data-bg=\"p:center top;\" data-no-retina>\n<!--\n\t\t\t\t\t\t\t--><rs-layer\n\t\t\t\t\t\t\t\tid=\"slider-3-slide-21-layer-1\" \n\t\t\t\t\t\t\t\tdata-type=\"image\"\n\t\t\t\t\t\t\t\tdata-rsp_ch=\"on\"\n\t\t\t\t\t\t\t\tdata-xy=\"x:-104px;y:-79px;\"\n\t\t\t\t\t\t\t\tdata-dim=\"w:1237.0188679245284;h:446;\"\n\t\t\t\t\t\t\t\tdata-frame_1=\"st:500;\"\n\t\t\t\t\t\t\t\tdata-frame_999=\"st:w;auto:true;\"\n\t\t\t\t\t\t\t\tstyle=\"z-index:5;\"\n\t\t\t\t\t\t\t><img src=\"\/\/www.lrf.fr\/wp-content\/plugins\/revslider\/public\/assets\/assets\/dummy.png\" alt=\"Conseil en matiere de TVA\" class=\"tp-rs-img rs-lazyload\" width=\"1029\" height=\"371\" data-lazyload=\"\/\/www.lrf.fr\/wp-content\/uploads\/2016\/08\/Conseil-en-matiere-de-TVA_Serv.jpg\" data-no-retina> \n\t\t\t\t\t\t\t<\/rs-layer><!--\n-->\t\t\t\t\t\t<\/rs-slide>\n\t\t\t\t\t\t<rs-slide style=\"position: absolute;\" data-key=\"rs-22\" data-title=\"Slide\" data-anim=\"ms:2000;\" data-in=\"prst:rndany;o:0;\" data-out=\"a:false;\" data-d3=\"f:fly;d:vertical;z:400;e:power2.out;su:true;\">\n\t\t\t\t\t\t\t<img src=\"\/\/www.lrf.fr\/wp-content\/plugins\/revslider\/public\/assets\/assets\/dummy.png\" alt=\"Slide\" title=\"Services\" class=\"rev-slidebg tp-rs-img rs-lazyload\" data-lazyload=\"\/\/www.lrf.fr\/wp-content\/plugins\/revslider\/public\/assets\/assets\/transparent.png\" data-bg=\"p:center top;\" data-no-retina>\n<!--\n\t\t\t\t\t\t\t--><rs-layer\n\t\t\t\t\t\t\t\tid=\"slider-3-slide-22-layer-1\" \n\t\t\t\t\t\t\t\tdata-type=\"image\"\n\t\t\t\t\t\t\t\tdata-rsp_ch=\"on\"\n\t\t\t\t\t\t\t\tdata-xy=\"x:-127px;y:-135px;\"\n\t\t\t\t\t\t\t\tdata-dim=\"w:1336.867924528302;h:482;\"\n\t\t\t\t\t\t\t\tdata-frame_1=\"st:500;\"\n\t\t\t\t\t\t\t\tdata-frame_999=\"st:w;auto:true;\"\n\t\t\t\t\t\t\t\tstyle=\"z-index:5;\"\n\t\t\t\t\t\t\t><img src=\"\/\/www.lrf.fr\/wp-content\/plugins\/revslider\/public\/assets\/assets\/dummy.png\" alt=\"Reclamation et contentieux admin en matiere de TVA\" class=\"tp-rs-img rs-lazyload\" width=\"1029\" height=\"371\" data-lazyload=\"\/\/www.lrf.fr\/wp-content\/uploads\/2016\/08\/Reclamation-et-contentieux-admin-en-matiere-de-TVA_Serv.jpg\" data-no-retina> \n\t\t\t\t\t\t\t<\/rs-layer><!--\n-->\t\t\t\t\t\t<\/rs-slide>\n\t\t\t\t\t\t<rs-slide style=\"position: absolute;\" data-key=\"rs-23\" data-title=\"Slide\" data-anim=\"p:light;\" data-in=\"prst:rndany;o:0;\" data-out=\"o:0;\">\n\t\t\t\t\t\t\t<img src=\"\/\/www.lrf.fr\/wp-content\/plugins\/revslider\/public\/assets\/assets\/dummy.png\" alt=\"Slide\" title=\"Services\" class=\"rev-slidebg tp-rs-img rs-lazyload\" data-lazyload=\"\/\/www.lrf.fr\/wp-content\/plugins\/revslider\/public\/assets\/assets\/transparent.png\" data-bg=\"p:center top;\" data-no-retina>\n<!--\n\t\t\t\t\t\t\t--><rs-layer\n\t\t\t\t\t\t\t\tid=\"slider-3-slide-23-layer-1\" \n\t\t\t\t\t\t\t\tdata-type=\"image\"\n\t\t\t\t\t\t\t\tdata-rsp_ch=\"on\"\n\t\t\t\t\t\t\t\tdata-xy=\"x:-138px;y:-70px;\"\n\t\t\t\t\t\t\t\tdata-dim=\"w:1292.4905660377358;h:466;\"\n\t\t\t\t\t\t\t\tdata-frame_1=\"st:500;\"\n\t\t\t\t\t\t\t\tdata-frame_999=\"st:w;auto:true;\"\n\t\t\t\t\t\t\t\tstyle=\"z-index:5;\"\n\t\t\t\t\t\t\t><img src=\"\/\/www.lrf.fr\/wp-content\/plugins\/revslider\/public\/assets\/assets\/dummy.png\" alt=\"Declaration non resident bien immobiliaire\" class=\"tp-rs-img rs-lazyload\" width=\"1029\" height=\"371\" data-lazyload=\"\/\/www.lrf.fr\/wp-content\/uploads\/2016\/08\/Decl-non-resident-bien-immo_Serv.jpg\" data-no-retina> \n\t\t\t\t\t\t\t<\/rs-layer><!--\n-->\t\t\t\t\t\t<\/rs-slide>\n\t\t\t\t\t\t<rs-slide style=\"position: absolute;\" data-key=\"rs-24\" data-title=\"Slide\" data-anim=\"o:outin;\" data-in=\"prst:rndany;o:0;sx:0.85;sy:0.85;\" data-out=\"x:(100%);\">\n\t\t\t\t\t\t\t<img src=\"\/\/www.lrf.fr\/wp-content\/plugins\/revslider\/public\/assets\/assets\/dummy.png\" alt=\"Slide\" title=\"Services\" class=\"rev-slidebg tp-rs-img rs-lazyload\" data-lazyload=\"\/\/www.lrf.fr\/wp-content\/plugins\/revslider\/public\/assets\/assets\/transparent.png\" data-bg=\"p:center top;\" data-no-retina>\n<!--\n\t\t\t\t\t\t\t--><rs-layer\n\t\t\t\t\t\t\t\tid=\"slider-3-slide-24-layer-1\" \n\t\t\t\t\t\t\t\tdata-type=\"image\"\n\t\t\t\t\t\t\t\tdata-rsp_ch=\"on\"\n\t\t\t\t\t\t\t\tdata-xy=\"x:-138px;y:-70px;\"\n\t\t\t\t\t\t\t\tdata-dim=\"w:1334.0943396226414;h:481;\"\n\t\t\t\t\t\t\t\tdata-frame_1=\"st:500;\"\n\t\t\t\t\t\t\t\tdata-frame_999=\"st:w;auto:true;\"\n\t\t\t\t\t\t\t\tstyle=\"z-index:5;\"\n\t\t\t\t\t\t\t><img src=\"\/\/www.lrf.fr\/wp-content\/plugins\/revslider\/public\/assets\/assets\/dummy.png\" alt=\"Declaration des taxes et des jeux en ligne\" class=\"tp-rs-img rs-lazyload\" width=\"1029\" height=\"371\" data-lazyload=\"\/\/www.lrf.fr\/wp-content\/uploads\/2016\/08\/Decl-des-taxes-et-des-jeux-en-ligne_Serv.jpg\" data-no-retina> \n\t\t\t\t\t\t\t<\/rs-layer><!--\n-->\t\t\t\t\t\t<\/rs-slide>\n\t\t\t\t\t\t<rs-slide style=\"position: absolute;\" data-key=\"rs-25\" data-title=\"Slide\" data-filter=\"e:late;b:6;\" data-in=\"prst:rndany;o:0;sx:1.05;sy:1.05;e:power1.in;\">\n\t\t\t\t\t\t\t<img src=\"\/\/www.lrf.fr\/wp-content\/plugins\/revslider\/public\/assets\/assets\/dummy.png\" alt=\"Slide\" title=\"Services\" class=\"rev-slidebg tp-rs-img rs-lazyload\" data-lazyload=\"\/\/www.lrf.fr\/wp-content\/plugins\/revslider\/public\/assets\/assets\/transparent.png\" data-bg=\"p:center top;\" data-no-retina>\n<!--\n\t\t\t\t\t\t\t--><rs-layer\n\t\t\t\t\t\t\t\tid=\"slider-3-slide-25-layer-1\" \n\t\t\t\t\t\t\t\tdata-type=\"image\"\n\t\t\t\t\t\t\t\tdata-rsp_ch=\"on\"\n\t\t\t\t\t\t\t\tdata-xy=\"x:-240px;y:-21px;\"\n\t\t\t\t\t\t\t\tdata-dim=\"w:1412;h:433;\"\n\t\t\t\t\t\t\t\tdata-frame_1=\"st:500;\"\n\t\t\t\t\t\t\t\tdata-frame_999=\"st:w;auto:true;\"\n\t\t\t\t\t\t\t\tstyle=\"z-index:5;\"\n\t\t\t\t\t\t\t><img src=\"\/\/www.lrf.fr\/wp-content\/plugins\/revslider\/public\/assets\/assets\/dummy.png\" alt=\"\" class=\"tp-rs-img rs-lazyload\" width=\"2500\" height=\"766\" data-lazyload=\"\/\/www.lrf.fr\/wp-content\/uploads\/2016\/12\/pipeline-opti.jpg\" data-no-retina> \n\t\t\t\t\t\t\t<\/rs-layer><!--\n-->\t\t\t\t\t\t<\/rs-slide>\n\t\t\t\t\t\t<rs-slide style=\"position: absolute;\" data-key=\"rs-26\" data-title=\"Slide\" data-in=\"prst:rndany;o:0;y:(100%);\">\n\t\t\t\t\t\t\t<img src=\"\/\/www.lrf.fr\/wp-content\/plugins\/revslider\/public\/assets\/assets\/dummy.png\" alt=\"Slide\" title=\"Services\" class=\"rev-slidebg tp-rs-img rs-lazyload\" data-lazyload=\"\/\/www.lrf.fr\/wp-content\/plugins\/revslider\/public\/assets\/assets\/transparent.png\" data-bg=\"p:center top;\" data-no-retina>\n<!--\n\t\t\t\t\t\t\t--><rs-layer\n\t\t\t\t\t\t\t\tid=\"slider-3-slide-26-layer-1\" \n\t\t\t\t\t\t\t\tdata-type=\"image\"\n\t\t\t\t\t\t\t\tdata-rsp_ch=\"on\"\n\t\t\t\t\t\t\t\tdata-xy=\"x:-124px;y:-130px;\"\n\t\t\t\t\t\t\t\tdata-dim=\"w:1281.3962264150944;h:462;\"\n\t\t\t\t\t\t\t\tdata-frame_1=\"st:500;\"\n\t\t\t\t\t\t\t\tdata-frame_999=\"st:w;auto:true;\"\n\t\t\t\t\t\t\t\tstyle=\"z-index:5;\"\n\t\t\t\t\t\t\t><img src=\"\/\/www.lrf.fr\/wp-content\/plugins\/revslider\/public\/assets\/assets\/dummy.png\" alt=\"Taxes sur les conventions d'ass\" class=\"tp-rs-img rs-lazyload\" width=\"1029\" height=\"371\" data-lazyload=\"\/\/www.lrf.fr\/wp-content\/uploads\/2016\/08\/Taxes-sur-les-conventions-dass.jpg\" data-no-retina> \n\t\t\t\t\t\t\t<\/rs-layer><!--\n-->\t\t\t\t\t\t<\/rs-slide>\n\t\t\t\t\t\t<rs-slide style=\"position: absolute;\" data-key=\"rs-27\" data-title=\"Slide\" data-anim=\"o:outin;\" data-in=\"prst:rndany;o:0;sx:0.85;sy:0.85;\" data-out=\"y:100%;\">\n\t\t\t\t\t\t\t<img src=\"\/\/www.lrf.fr\/wp-content\/plugins\/revslider\/public\/assets\/assets\/dummy.png\" alt=\"Slide\" title=\"Services\" class=\"rev-slidebg tp-rs-img rs-lazyload\" data-lazyload=\"\/\/www.lrf.fr\/wp-content\/plugins\/revslider\/public\/assets\/assets\/transparent.png\" data-bg=\"p:center top;\" data-no-retina>\n<!--\n\t\t\t\t\t\t\t--><rs-layer\n\t\t\t\t\t\t\t\tid=\"slider-3-slide-27-layer-1\" \n\t\t\t\t\t\t\t\tdata-type=\"image\"\n\t\t\t\t\t\t\t\tdata-rsp_ch=\"on\"\n\t\t\t\t\t\t\t\tdata-xy=\"x:-262px;y:-74px;\"\n\t\t\t\t\t\t\t\tdata-dim=\"w:1406.2075471698113;h:507;\"\n\t\t\t\t\t\t\t\tdata-frame_1=\"st:500;\"\n\t\t\t\t\t\t\t\tdata-frame_999=\"st:w;auto:true;\"\n\t\t\t\t\t\t\t\tstyle=\"z-index:5;\"\n\t\t\t\t\t\t\t><img src=\"\/\/www.lrf.fr\/wp-content\/plugins\/revslider\/public\/assets\/assets\/dummy.png\" alt=\"Demande numero EORI\" class=\"tp-rs-img rs-lazyload\" width=\"1029\" height=\"371\" data-lazyload=\"\/\/www.lrf.fr\/wp-content\/uploads\/2016\/08\/Demande-numero-EORI_Serv.jpg\" data-no-retina> \n\t\t\t\t\t\t\t<\/rs-layer><!--\n-->\t\t\t\t\t\t<\/rs-slide>\n\t\t\t\t\t\t<rs-slide style=\"position: absolute;\" data-key=\"rs-28\" data-title=\"Slide\" data-anim=\"f:slidebased;\" data-in=\"prst:rndany;y:(-100%);col:5;\">\n\t\t\t\t\t\t\t<img src=\"\/\/www.lrf.fr\/wp-content\/plugins\/revslider\/public\/assets\/assets\/dummy.png\" alt=\"Slide\" title=\"Services\" class=\"rev-slidebg tp-rs-img rs-lazyload\" data-lazyload=\"\/\/www.lrf.fr\/wp-content\/plugins\/revslider\/public\/assets\/assets\/transparent.png\" data-bg=\"p:center top;\" data-no-retina>\n<!--\n\t\t\t\t\t\t\t--><rs-layer\n\t\t\t\t\t\t\t\tid=\"slider-3-slide-28-layer-1\" \n\t\t\t\t\t\t\t\tdata-type=\"image\"\n\t\t\t\t\t\t\t\tdata-rsp_ch=\"on\"\n\t\t\t\t\t\t\t\tdata-xy=\"x:-308px;y:-151px;\"\n\t\t\t\t\t\t\t\tdata-dim=\"w:1640.8378378378377;h:590;\"\n\t\t\t\t\t\t\t\tdata-frame_1=\"st:500;\"\n\t\t\t\t\t\t\t\tdata-frame_999=\"st:w;auto:true;\"\n\t\t\t\t\t\t\t\tstyle=\"z-index:5;\"\n\t\t\t\t\t\t\t><img src=\"\/\/www.lrf.fr\/wp-content\/plugins\/revslider\/public\/assets\/assets\/dummy.png\" alt=\"De\u0301claration d'echange de bien\" class=\"tp-rs-img rs-lazyload\" width=\"1029\" height=\"371\" data-lazyload=\"\/\/www.lrf.fr\/wp-content\/uploads\/2016\/08\/De\u0301claration-dechange-de-bien.jpg\" data-no-retina> \n\t\t\t\t\t\t\t<\/rs-layer><!--\n-->\t\t\t\t\t\t<\/rs-slide>\n\t\t\t\t\t\t<rs-slide style=\"position: absolute;\" data-key=\"rs-29\" data-title=\"Slide\" data-in=\"prst:rndany;x:100%;\" data-out=\"sx:0.85;sy:0.85;\">\n\t\t\t\t\t\t\t<img src=\"\/\/www.lrf.fr\/wp-content\/plugins\/revslider\/public\/assets\/assets\/dummy.png\" alt=\"Slide\" title=\"Services\" class=\"rev-slidebg tp-rs-img rs-lazyload\" data-lazyload=\"\/\/www.lrf.fr\/wp-content\/plugins\/revslider\/public\/assets\/assets\/transparent.png\" data-bg=\"p:center top;\" data-no-retina>\n<!--\n\t\t\t\t\t\t\t--><rs-layer\n\t\t\t\t\t\t\t\tid=\"slider-3-slide-29-layer-1\" \n\t\t\t\t\t\t\t\tdata-type=\"image\"\n\t\t\t\t\t\t\t\tdata-rsp_ch=\"on\"\n\t\t\t\t\t\t\t\tdata-xy=\"x:-240px;y:-101px;\"\n\t\t\t\t\t\t\t\tdata-dim=\"w:1443.66576819407;h:520;\"\n\t\t\t\t\t\t\t\tdata-frame_1=\"st:500;\"\n\t\t\t\t\t\t\t\tdata-frame_999=\"st:w;auto:true;\"\n\t\t\t\t\t\t\t\tstyle=\"z-index:5;\"\n\t\t\t\t\t\t\t><img src=\"\/\/www.lrf.fr\/wp-content\/plugins\/revslider\/public\/assets\/assets\/dummy.png\" alt=\"Representation Fiscale\" class=\"tp-rs-img rs-lazyload\" width=\"1029\" height=\"371\" data-lazyload=\"\/\/www.lrf.fr\/wp-content\/uploads\/2016\/08\/Representation_Fiscale_Serv.jpg\" data-no-retina> \n\t\t\t\t\t\t\t<\/rs-layer><!--\n-->\t\t\t\t\t\t<\/rs-slide>\n\t\t\t\t\t<\/rs-slides>\n\t\t\t\t<\/rs-module>\n\t\t\t\t<script>\n\t\t\t\t\tsetREVStartSize({c: 'rev_slider_3_1',rl:[1240,1024,778,480],el:[],gw:[960],gh:[350],type:'standard',justify:'',layout:'fullwidth',mh:\"350\"});if (window.RS_MODULES!==undefined && window.RS_MODULES.modules!==undefined && window.RS_MODULES.modules[\"revslider31\"]!==undefined) {window.RS_MODULES.modules[\"revslider31\"].once = false;window.revapi3 = undefined;if (window.RS_MODULES.checkMinimal!==undefined) window.RS_MODULES.checkMinimal()}\n\t\t\t\t<\/script>\n\t\t\t<\/rs-module-wrap>\n\t\t\t<!-- END REVOLUTION SLIDER -->\n<\/td>\n<\/tr>\n<\/tbody>\n<\/table>\n<p>&nbsp;<\/p>\n<h2 class=\"fancy\" style=\"text-align: center;\"><span style=\"color: #333333;\">TVA<\/span><\/h2>\n<p>&nbsp;<\/p>\n<div class=\"row  \"><div class=\"col-sm-6 col-lg-3 col-md-3 \">\n<h6 style=\"text-align: center;\"><a href=\"\/nos-services\/demande-dimmatriculation-a-tva-france\/\"><img decoding=\"async\" loading=\"lazy\" class=\"aligncenter size-full wp-image-522\" src=\"http:\/\/www.lrf.fr\/wp-content\/uploads\/2016\/08\/Demande_Imma_TVA.png\" alt=\"Demande_Imma_TVA\" width=\"43\" height=\"43\" \/><\/a><span style=\"color: #333333;\"><a style=\"color: #333333;\" href=\"\/nos-services\/demande-dimmatriculation-a-tva-france\/\">DEMANDE D&rsquo;IMMATRICULATION \u00c0 LA TVA EN FRANCE<\/a><\/span><\/h6>\n<\/div>\n<div class=\"col-sm-6 col-lg-3 col-md-3 \">\n<h6 style=\"text-align: center;\"><a href=\"\/nos-services\/declarations-de-tva\/\"><img decoding=\"async\" loading=\"lazy\" class=\"aligncenter size-full wp-image-521\" src=\"http:\/\/www.lrf.fr\/wp-content\/uploads\/2016\/08\/Declaration_TVA.png\" alt=\"Declaration_TVA\" width=\"43\" height=\"43\" \/><\/a><span style=\"color: #333333;\"><a style=\"color: #333333;\" href=\"\/nos-services\/declarations-de-tva\/\">D\u00c9CLARATIONS DE TVA<\/a><\/span><\/h6>\n<\/div>\n<div class=\"col-sm-6 col-lg-3 col-md-3 \">\n<h6 style=\"text-align: center;\"><a href=\"\/nos-services\/demandes-de-remboursement-de-tva\/\"><img decoding=\"async\" loading=\"lazy\" class=\"aligncenter size-full wp-image-524\" src=\"http:\/\/www.lrf.fr\/wp-content\/uploads\/2016\/08\/Demande_Remb_TVA.png\" alt=\"Demande_Remb_TVA\" width=\"43\" height=\"43\" \/><\/a><span style=\"color: #333333;\"><a style=\"color: #333333;\" href=\"\/nos-services\/demandes-de-remboursement-de-tva\/\">DEMANDES DE REMBOURSEMENT DE LA TVA<\/a><\/span><\/h6>\n<\/div>\n<div class=\"col-sm-6 col-lg-3 col-md-3 \">\n<h6 style=\"text-align: center;\"><a href=\"\/nos-services\/audit-des-risques-tva\/\"><img decoding=\"async\" loading=\"lazy\" class=\"aligncenter size-full wp-image-524\" src=\"http:\/\/www.lrf.fr\/wp-content\/uploads\/2016\/08\/Demande_Remb_TVA.png\" alt=\"Demande_Remb_TVA\" width=\"43\" height=\"43\" \/><\/a><span style=\"color: #333333;\"><a style=\"color: #333333;\" href=\"\/nos-services\/demandes-de-remboursement-de-tva\/\">AUDIT DES RISQUES TVA<\/a><\/span><\/h6>\n<\/div>\n<\/div>\n<p>&nbsp;<\/p>\n<div class=\"row  \"><div class=\"col-sm-6 col-lg-4 col-md-4 \">\n<h6 style=\"text-align: center;\"><a href=\"\/nos-services\/conseils-matiere-de-tva\/\"><img decoding=\"async\" loading=\"lazy\" class=\"aligncenter size-full wp-image-516\" src=\"http:\/\/www.lrf.fr\/wp-content\/uploads\/2016\/08\/Conseil_Mat_TVA.png\" alt=\"Conseil_Mat_TVA\" width=\"43\" height=\"43\" \/><\/a><span style=\"color: #333333;\"><a style=\"line-height: 1.5; color: #333333;\" href=\"\/nos-services\/conseils-matiere-de-tva\/\">CONSEIL EN MATI\u00c8RE DE TVA<\/a><\/span><\/h6>\n<\/div>\n<div class=\"col-sm-6 col-lg-4 col-md-4 \">\n<h6 style=\"text-align: center;\"><a href=\"\/nos-services\/reclamation-contentieux-administratif-matiere-de-tva\/\"><img decoding=\"async\" loading=\"lazy\" class=\"aligncenter size-full wp-image-517\" src=\"http:\/\/www.lrf.fr\/wp-content\/uploads\/2016\/08\/Contentieux_Administratif.png\" alt=\"Contentieux_Administratif\" width=\"43\" height=\"43\" \/><\/a><span style=\"color: #333333;\"><a style=\"line-height: 1.5; color: #333333;\" href=\"\/nos-services\/reclamation-contentieux-administratif-matiere-de-tva\/\">R\u00c9CLAMATION ET CONTENTIEUX\u00a0ADMINISTRATIF EN MATI\u00c8RE DE TVA<\/a><\/span><\/h6>\n<\/div>\n<div class=\"col-sm-6 col-lg-4 col-md-4 \">\n<h6 style=\"text-align: center;\"><a href=\"\/nos-services\/formations\/\"><img decoding=\"async\" loading=\"lazy\" class=\"aligncenter size-full wp-image-517\" src=\"http:\/\/www.lrf.fr\/wp-content\/uploads\/2016\/08\/Declaration_TVA.png\" alt=\"Contentieux_Administratif\" width=\"43\" height=\"43\" \/><\/a><span style=\"color: #333333;\"><a style=\"line-height: 1.5; color: #333333;\" href=\"\/nos-services\/reclamation-contentieux-administratif-matiere-de-tva\/\">FORMATIONS TVA<\/a><\/span><\/h6>\n<\/div>\n<p>&nbsp;<\/p>\n<p>&nbsp;<\/p>\n<\/div>\n<h2 class=\"fancy\" style=\"text-align: center;\"><span style=\"color: #333333;\">AUTRES TAXES INDIRECTES<\/span><\/h2>\n<p>&nbsp;<\/p>\n<div class=\"row  \"><div class=\"col-sm-6 col-lg-6 col-md-6 \">\n<h6 style=\"text-align: center;\"><span style=\"line-height: 1.5;\"><a href=\"\/nos-services\/declarations-de-plus-values-non-residents-cession-de-biens-immobiliers-participations-importantes\/\"><img decoding=\"async\" loading=\"lazy\" class=\"aligncenter size-full wp-image-519\" src=\"http:\/\/www.lrf.fr\/wp-content\/uploads\/2016\/08\/Declar_PlusValues.png\" alt=\"Declar_PlusValues\" width=\"43\" height=\"43\" \/><\/a><span style=\"color: #333333;\"><a style=\"color: #333333;\" href=\"\/nos-services\/declarations-de-plus-values-non-residents-cession-de-biens-immobiliers-participations-importantes\/\">D\u00c9CLARATIONS DE PLUS-VALUES DES NON-R\u00c9SIDENTS SUR&#8230;<\/a><\/span><\/span><\/h6>\n<\/div>\n<div class=\"col-sm-6 col-lg-6 col-md-6 \">\n<h6 style=\"text-align: center;\"><a href=\"\/nos-services\/declaration-des-taxes-sur-les-jeux-et-paris-en-ligne\/\"><img decoding=\"async\" loading=\"lazy\" class=\"aligncenter size-full wp-image-520\" src=\"http:\/\/www.lrf.fr\/wp-content\/uploads\/2016\/08\/Declaration_Taxe_Jeux.png\" alt=\"Declaration_Taxe_Jeux\" width=\"43\" height=\"43\" \/><\/a><span style=\"color: #333333;\"><a style=\"color: #333333;\" href=\"\/nos-services\/declaration-des-taxes-sur-les-jeux-et-paris-en-ligne\/\">D\u00c9CLARATION DES TAXES SUR LES JEUX ET PARIS EN LIGNE<\/a><\/span><\/h6>\n<h6 style=\"text-align: center;\"><\/h6>\n<\/div>\n<div class=\"row  \"><\/div>\n<div class=\"col-sm-6 col-lg-6 col-md-6 \">\n<h6 style=\"text-align: center;\"><a href=\"\/nos-services\/declarations-taxes-fourniture-de-produits-energetiques\/\"><img decoding=\"async\" loading=\"lazy\" class=\"aligncenter size-full wp-image-525\" src=\"http:\/\/www.lrf.fr\/wp-content\/uploads\/2016\/08\/Fourniture_Energetique.png\" alt=\"Fourniture_Energetique\" width=\"43\" height=\"43\" \/><\/a><span style=\"color: #333333;\"><a style=\"color: #333333;\" href=\"\/nos-services\/declarations-taxes-fourniture-de-produits-energetiques\/\">D\u00c9CLARATIONS DES TAXES SUR LA FOURNITURE DE PRODUITS \u00c9NERG\u00c9TIQUES<\/a><\/span><\/h6>\n<\/div>\n<div class=\"col-sm-6 col-lg-6 col-md-6 \">\n<h6 style=\"text-align: center;\"><a href=\"\/nos-services\/declaration-prelevement-a-source-de-limpot-revenu\/\"><img decoding=\"async\" loading=\"lazy\" class=\"aligncenter size-full wp-image-525\" src=\"http:\/\/www.lrf.fr\/wp-content\/uploads\/2016\/08\/Declaration_TVA.png\" alt=\"Fourniture_Energetique\" width=\"43\" height=\"43\" \/><\/a><span style=\"color: #333333;\"><a style=\"color: #333333;\" href=\"\/nos-services\/declarations-taxes-fourniture-de-produits-energetiques\/\">D\u00c9CLARATION DU PR\u00c9L\u00c8VEMENT \u00c0 LA SOURCE DE L\u2019IMP\u00d4T SUR LE REVENU<\/a><\/span><\/h6>\n<\/div>\n<\/div>\n<p>&nbsp;<\/p>\n<p>&nbsp;<\/p>\n<h2 class=\"fancy\" style=\"text-align: center;\"><span style=\"color: #333333;\">DOUANES<\/span><\/h2>\n<p>&nbsp;<\/p>\n<div class=\"row  \"><div class=\"col-sm-12 col-lg-12 col-md-12 \">\n<p>&nbsp;<\/p>\n<h6 style=\"text-align: center;\"><a href=\"\/nos-services\/declarations-d-echanges-de-biens-deb-services\/\"><img decoding=\"async\" loading=\"lazy\" class=\"aligncenter size-full wp-image-518\" src=\"http:\/\/www.lrf.fr\/wp-content\/uploads\/2016\/08\/Decla_Echange_Bien.png\" alt=\"Decla_Echange_Bien\" width=\"43\" height=\"43\" \/><\/a><span style=\"color: #333333;\"><a style=\"color: #333333;\" href=\"\/nos-services\/declarations-d-echanges-de-biens-deb-services\/\">D\u00c9CLARATION D&rsquo;\u00c9CHANGES DE BIENS (DEB) ET SERVICES (DES)<\/a><\/span><\/h6>\n<\/div><\/div>\n<p>&nbsp;<\/p>\n<h2 class=\"fancy\" style=\"text-align: center;\"><span style=\"color: #333333;\">REPR\u00c9SENTATION FISCALE<\/span><\/h2>\n<p>&nbsp;<\/p>\n<div class=\"row  \"><div class=\"col-sm-12 col-lg-12 col-md-12 \">\n<h6 style=\"text-align: center;\"><a href=\"\/nos-services\/representation-fiscale\/\"><img decoding=\"async\" loading=\"lazy\" class=\"aligncenter size-full wp-image-526\" src=\"http:\/\/www.lrf.fr\/wp-content\/uploads\/2016\/08\/Representation_Fiscale.png\" alt=\"Representation_Fiscale\" width=\"43\" height=\"43\" \/><\/a><span style=\"color: #333333;\"><a style=\"line-height: 1.5; color: #333333;\" href=\"\/nos-services\/representation-fiscale\/\">REPR\u00c9SENTATION FISCALE<\/a><\/span><\/h6>\n<\/div><\/div>\n<p style=\"text-align: center;\"><div style=\"height: 40px\"><\/div>\n                    <\/div>\r\n            \r\n        <section class=\"gravity-section\" style=\"height:autopx;\">\r\n                                <div class=\"gravity-section-background\"  style=\"background-color: #dd9933;\">\r\n                    <\/div>\r\n            \r\n    <div class=\"gravity-section-content\"><div class=\"google-map\" data-lat=\"48.8802626\" data-lng=\"2.2773509\" data-zoom=\"15\" data-title=\"localisation\" data-height=\"300\" data-color=\"\" data-saturation=\"-100\"><\/div>\n<\/div>\n                            \r\n        <\/section><!-- .gravity-section -->\r\n                    <div class=\"container\">\r\n                \r\n    <\/p>","protected":false},"excerpt":{"rendered":"<p>&nbsp; &nbsp; TVA &nbsp; &nbsp; AUTRES TAXES INDIRECTES &nbsp; &nbsp; &nbsp; DOUANES &nbsp; &nbsp; REPR\u00c9SENTATION FISCALE &nbsp;<\/p>\n","protected":false},"author":1,"featured_media":0,"parent":0,"menu_order":0,"comment_status":"closed","ping_status":"closed","template":"","meta":[],"_links":{"self":[{"href":"https:\/\/www.lrf.fr\/fr\/wp-json\/wp\/v2\/pages\/12"}],"collection":[{"href":"https:\/\/www.lrf.fr\/fr\/wp-json\/wp\/v2\/pages"}],"about":[{"href":"https:\/\/www.lrf.fr\/fr\/wp-json\/wp\/v2\/types\/page"}],"author":[{"embeddable":true,"href":"https:\/\/www.lrf.fr\/fr\/wp-json\/wp\/v2\/users\/1"}],"replies":[{"embeddable":true,"href":"https:\/\/www.lrf.fr\/fr\/wp-json\/wp\/v2\/comments?post=12"}],"version-history":[{"count":73,"href":"https:\/\/www.lrf.fr\/fr\/wp-json\/wp\/v2\/pages\/12\/revisions"}],"predecessor-version":[{"id":2776,"href":"https:\/\/www.lrf.fr\/fr\/wp-json\/wp\/v2\/pages\/12\/revisions\/2776"}],"wp:attachment":[{"href":"https:\/\/www.lrf.fr\/fr\/wp-json\/wp\/v2\/media?parent=12"}],"curies":[{"name":"wp","href":"https:\/\/api.w.org\/{rel}","templated":true}]}}