


{"id":10,"date":"2016-08-15T10:42:19","date_gmt":"2016-08-15T08:42:19","guid":{"rendered":"http:\/\/www.lrf.fr\/?page_id=10"},"modified":"2019-06-05T09:40:16","modified_gmt":"2019-06-05T07:40:16","slug":"expedition-de-biens","status":"publish","type":"page","link":"https:\/\/www.lrf.fr\/fr\/activites\/ventes-expeditions-de-biens-au-depart-de-france\/","title":{"rendered":"Ventes \/ Exp\u00e9ditions de biens au d\u00e9part de France"},"content":{"rendered":"<p><meta name=\"description\" content=\"Ventes\/exp\u00e9ditions de biens au d\u00e9part de france. Vous exp\u00e9diez depuis la france des biens vers d\u2019autres pays de l\u2019union europ\u00e9enne ou hors de l\u2019union europ\u00e9enne (exportations)\"><br \/>\n                    <\/div>\r\n            \r\n        <section class=\"gravity-section\" style=\"height:autopx;\">\r\n                        <div class=\"gravity-section-content\"><p><img decoding=\"async\" loading=\"lazy\" class=\"aligncenter wp-image-1097\" src=\"http:\/\/www.lrf.fr\/wp-content\/uploads\/2016\/08\/Exp-de-biens-depart-france_Act-1.jpg\" width=\"1171\" height=\"422\" srcset=\"https:\/\/www.lrf.fr\/wp-content\/uploads\/2016\/08\/Exp-de-biens-depart-france_Act-1.jpg 1029w, https:\/\/www.lrf.fr\/wp-content\/uploads\/2016\/08\/Exp-de-biens-depart-france_Act-1-300x108.jpg 300w, https:\/\/www.lrf.fr\/wp-content\/uploads\/2016\/08\/Exp-de-biens-depart-france_Act-1-768x277.jpg 768w\" sizes=\"(max-width: 1171px) 100vw, 1171px\" \/><\/p>\n<\/div>\n                            \r\n        <\/section><!-- .gravity-section -->\r\n                    <div class=\"container\">\r\n                \r\n    \n                    <\/div>\r\n            \r\n        <section class=\"gravity-section\" style=\"padding-top:70px;padding-bottom:20px;\">\r\n                                <div class=\"gravity-section-background\" data-stellar-ratio=\"0.5\" style=\"background-image: url(http:\/\/www.lrf.fr\/wp-content\/uploads\/2016\/08\/livre-lunette.png);background-color: #ffffff;\">\r\n                    <\/div>\r\n            \r\n    <div class=\"gravity-section-content\"><div class=\"container\"><h4 style=\"text-align: left;\"><strong>Vous exp\u00e9diez depuis la France des biens vers d\u2019autres pays de l\u2019Union Europ\u00e9enne ou hors de l\u2019Union Europ\u00e9enne (exportations)<\/strong><\/h4>\n<h5><\/h5>\n<p>&nbsp;<\/p>\n<h5><span style=\"color: #999999;\"><strong>DEVEZ-VOUS ETRE IMMATRICULE A LA TVA EN FRANCE ? devez vous facturer la tva a vos clients ?<\/strong><\/span><\/h5>\n<hr class=\"\" style=\"width:15%;margin-left:0;\">\n<p style=\"text-align: left;\">Si votre entreprise fait entrer en France ou ach\u00e8te en France des marchandises qu&rsquo;elle stocke ou fait transformer en France, puis qu&rsquo;elle exp\u00e9die ensuite ou vend hors de France, elle doit \u00eatre immatricul\u00e9e \u00e0 la TVA en France, que ses clients soient des particuliers (B to C) ou des entreprises (B to B).<\/p>\n<p style=\"text-align: left;\">M\u00eame si les exportations sont exon\u00e9r\u00e9es de TVA, ainsi que les ventes <span style=\"text-decoration: underline;\">\u00e0 des entreprises<\/span> situ\u00e9es dans d\u2019autres pays de l\u2019Union Europ\u00e9enne (livraisons intra-communautaires), elles doivent \u00eatre d\u00e9clar\u00e9es sur une d\u00e9claration de TVA fran\u00e7aise.<\/p>\n<p style=\"text-align: left;\">Dans le cas de livraisons intra-communautaires, des D\u00e9clarations d\u2019Echanges de Biens doivent en outre \u00eatre \u00e9tablies.<\/p>\n<p style=\"text-align: left;\">Si votre entreprise est \u00e9tablie dans un pays hors de l\u2019Union Europ\u00e9enne n\u2019ayant pas conclu avec la France de convention d\u2019assistance administrative, elle doit en outre d\u00e9signer un repr\u00e9sentant fiscal en France.<\/p>\n<\/div><\/div>\n                            \r\n        <\/section><!-- .gravity-section -->\r\n                    <div class=\"container\">\r\n                \r\n    \n<h4><\/h4>\n<h4><\/h4>\n<h4>QUE POUVONS-NOUS <span style=\"color: #850911;\">FAIRE POUR VOUS ?<\/span><\/h4>\n<hr class=\"\" style=\"width:5%;margin-left:0;\">\n<div class=\"row  \"><div class=\"col-sm-6 col-lg-6 col-md-6 \">\n<p><strong><span style=\"color: #800000;\">EVALUER VOS OBLIGATIONS<\/span><\/strong>\u00a0en mati\u00e8re de TVA r\u00e9sultant des op\u00e9rations que vous r\u00e9alisez en France.<\/p>\n<p><strong><span style=\"color: #800000;\">DEMANDER UN NUMERO EORI<\/span><\/strong>\u00a0en cas d\u2019importations en provenance d\u2019un pays tiers.<\/p>\n<a href=\"\/nos-services\/demande-dun-numero-eori\/\" class=\"btn btn-theme btn-small\">En savoir plus<\/a>\n<p>&nbsp;<\/p>\n<p><strong><span style=\"color: #800000;\">DEMANDER UN NUMERO DE TVA <\/span><\/strong>en France,<\/p>\n<a href=\"\/nos-services\/demande-dimmatriculation-a-tva-france\/\" class=\"btn btn-theme btn-small\">En savoir plus<\/a>\n<p>&nbsp;<\/p>\n<p><strong><span style=\"color: #800000;\">FOURNIR UN MODELE<\/span><\/strong>\u00a0de questionnaire pour la collecte des informations pertinentes aux fins des d\u00e9clarations de TVA p\u00e9riodiques.<\/p>\n<p><span style=\"color: #800000;\"><strong>EXAMINER LES FACTURES<\/strong><\/span>\u00a0de vente et factures d&rsquo;achat \u00e0 l&rsquo;appui des op\u00e9rations.<\/p>\n<p><span style=\"color: #800000;\"><strong>CONTR\u00d4LER\u00a0LA COHERENCE<\/strong><\/span>\u00a0entre les achats et les ventes.<\/p>\n<p><span style=\"color: #800000;\"><strong>COMMUNIQUER LES ERREURS<\/strong><\/span>\u00a0identifi\u00e9es, et conseiller sur la fa\u00e7on de rem\u00e9dier aux probl\u00e8mes potentiels.<\/p>\n<p><span style=\"color: #800000;\"><strong>ASSURER LA LIAISON<\/strong><\/span>\u00a0avec les fournisseurs et les transitaires pour suivre les actions de correction.<\/p>\n<p><strong><span style=\"color: #800000;\">ETABLIR LES DECLARATIONS DE TVA<\/span><\/strong><\/p>\n<a href=\"\/nos-services\/declarations-de-tva\/\" class=\"btn btn-theme btn-small\">En savoir plus<\/a>\n<p>&nbsp;<\/p>\n<p><strong><span style=\"color: #800000;\">SUIVRE TOUT PAIEMENT<\/span><\/strong>\u00a0de la TVA due ou \u00e0 recevoir par vous.<\/p>\n<\/div>\n<div class=\"col-sm-6 col-lg-6 col-md-6 \">\n<p>Pr\u00e9parer et d\u00e9poser les <span style=\"color: #993300;\"><strong>DEMANDES DE REMBOURSEMENT DE LA TVA<\/strong><\/span> sur les d\u00e9penses professionnelles de biens et services.<\/p>\n<a href=\"\/nos-services\/demandes-de-remboursement-de-tva\/\" class=\"btn btn-theme btn-small\">En savoir plus<\/a>\n<p><em>\u00a0<\/em><\/p>\n<p><span style=\"color: #333333;\">Agir<\/span><strong>\u00a0<\/strong>comme <strong><span style=\"color: #800000;\">REPRESENTANT FISCAL<\/span> <\/strong>pour les soci\u00e9t\u00e9s \u00e9tablies dans un pays hors de l\u2019Union Europ\u00e9enne n\u2019ayant pas conclu avec la France de convention d\u2019assistance administrative.<\/p>\n<a href=\"\/nos-services\/representation-fiscale\/\" class=\"btn btn-theme btn-small\">En savoir plus<\/a>\n<p>&nbsp;<\/p>\n<p>Demander un <span style=\"color: #800000;\"><strong>CONTINGENT D&rsquo;ACHAT EN FRANCHISE DE TVA,<\/strong><\/span> r\u00e9partir le contingent entre les diff\u00e9rents fournisseurs, suivre le contingent, demander de nouveaux contingents au cours de l&rsquo;ann\u00e9e si n\u00e9cessaire.<\/p>\n<p>Etablir<strong>\u00a0<\/strong>vos <span style=\"color: #800000;\"><strong>DECLARATIONS D&rsquo;ECHANGES DE BIENS<\/strong> <\/span>(\u00ab\u00a0DEB\u00a0\u00bb).<\/p>\n<a href=\"\/nos-services\/declarations-d-echanges-de-biens-deb-services\/\" class=\"btn btn-theme btn-small\">En savoir plus<\/a>\n<p>&nbsp;<\/p>\n<p>Aide<strong>\u00a0<\/strong>\u00e0 la r\u00e9daction des<span style=\"color: #800000;\"><strong> REPONSES AUX DEMANDES D&rsquo;INFORMATIONS DES AUTORITES FISCALES,<\/strong><\/span> pr\u00e9sence lors des contr\u00f4les fiscaux, liaison avec les avocats \u00e0 l&rsquo;occasion de litiges fiscaux, etc.<\/p>\n<p><strong><span style=\"color: #800000;\">R\u00c9UNION ANNUELLE<\/span><\/strong>\u00a0sur le suivi du dossier.<\/p>\n<p><strong><span style=\"color: #800000;\">VEILLE REGLEMENTAIRE<\/span><\/strong>\u00a0et examen des incidences sur vos obligations d\u00e9claratives.<\/p>\n<p><strong><span style=\"color: #800000;\">CONSEIL<\/span>\u00a0<\/strong>ou service administratif (r\u00e9daction des factures, taux de TVA applicable, etc).<\/p>\n<p>&nbsp;<\/p>\n<\/div><\/div>\n<p>&nbsp;<\/p>\n<p style=\"text-align: center;\"><strong>N\u2019h\u00e9sitez pas \u00e0 nous contacter pour toute assistance ou toute question\u00a0!<\/strong><\/p>\n<p style=\"text-align: center;\"><a href=\"\/contact\/\" class=\"btn btn-theme btn-small\">Contactez-nous<\/a>\n<p style=\"text-align: center;\"><div style=\"height: 40px\"><\/div>\n                    <\/div>\r\n            \r\n        <section class=\"gravity-section\" style=\"height:autopx;\">\r\n                                <div class=\"gravity-section-background\"  style=\"background-color: #dd9933;\">\r\n                    <\/div>\r\n            \r\n    <div class=\"gravity-section-content\"><div class=\"google-map\" data-lat=\"48.8802626\" data-lng=\"2.2773509\" data-zoom=\"15\" data-title=\"localisation\" data-height=\"300\" data-color=\"\" data-saturation=\"-100\"><\/div>\n<\/div>\n                            \r\n        <\/section><!-- .gravity-section -->\r\n                    <div class=\"container\">\r\n                \r\n    <\/p>","protected":false},"excerpt":{"rendered":"<p>QUE POUVONS-NOUS FAIRE POUR VOUS ? &nbsp; N\u2019h\u00e9sitez pas \u00e0 nous contacter pour toute assistance ou toute question\u00a0!<\/p>\n","protected":false},"author":1,"featured_media":0,"parent":169,"menu_order":0,"comment_status":"closed","ping_status":"closed","template":"","meta":[],"_links":{"self":[{"href":"https:\/\/www.lrf.fr\/fr\/wp-json\/wp\/v2\/pages\/10"}],"collection":[{"href":"https:\/\/www.lrf.fr\/fr\/wp-json\/wp\/v2\/pages"}],"about":[{"href":"https:\/\/www.lrf.fr\/fr\/wp-json\/wp\/v2\/types\/page"}],"author":[{"embeddable":true,"href":"https:\/\/www.lrf.fr\/fr\/wp-json\/wp\/v2\/users\/1"}],"replies":[{"embeddable":true,"href":"https:\/\/www.lrf.fr\/fr\/wp-json\/wp\/v2\/comments?post=10"}],"version-history":[{"count":97,"href":"https:\/\/www.lrf.fr\/fr\/wp-json\/wp\/v2\/pages\/10\/revisions"}],"predecessor-version":[{"id":2747,"href":"https:\/\/www.lrf.fr\/fr\/wp-json\/wp\/v2\/pages\/10\/revisions\/2747"}],"up":[{"embeddable":true,"href":"https:\/\/www.lrf.fr\/fr\/wp-json\/wp\/v2\/pages\/169"}],"wp:attachment":[{"href":"https:\/\/www.lrf.fr\/fr\/wp-json\/wp\/v2\/media?parent=10"}],"curies":[{"name":"wp","href":"https:\/\/api.w.org\/{rel}","templated":true}]}}