


{"id":27,"date":"2016-08-15T11:08:33","date_gmt":"2016-08-15T09:08:33","guid":{"rendered":"http:\/\/www.lrf.fr\/?page_id=27"},"modified":"2019-06-05T10:17:10","modified_gmt":"2019-06-05T08:17:10","slug":"legal-notice","status":"publish","type":"page","link":"https:\/\/www.lrf.fr\/en\/legal-notice\/","title":{"rendered":"Legal notice"},"content":{"rendered":"<p><\/p>\n<p style=\"text-align: center;\"><div style=\"height: 40px\"><\/div>\n<h4>LEGAL notice, personal data\u00a0and conditions for using the SITE<\/h4>\n<h5><\/h5>\n<h5><strong><span style=\"color: #800000;\">LEGAL notice :<\/span><\/strong><\/h5>\n<p><strong>Website publisher :<\/strong><\/p>\n<p>La Repr\u00e9sentation Fiscale<br \/>\n21, rue du Midi<br \/>\n92200 Neuilly sur Seine<br \/>\nPhone : + 33 (0)1 46 37 59 79<br \/>\nRCS Nanterre 632 009 122<\/p>\n<p><strong>Publication director :<\/strong> Corinne Maure<\/p>\n<p><strong>Web host<\/strong>: OVH<\/p>\n<p><strong>Iconography :<\/strong>\u00a0shutterstock.com<\/p>\n<h5><\/h5>\n<h5><strong><span style=\"color: #800000;\">PERSONal data :<\/span><\/strong><\/h5>\n<p>The\u00a0contact data provided via the contact form put at disposal on this website are automated and declared to CNIL under the Nr\u00a0&#8230;. in order to handle the relationship with the client\/potential client. Handling the data may be used for performing \u00a0operations relating to contracts, orders, invoices, accounting, the management the clients\/ potential clients accounts. This data are used for internal purposes and will be never provided to any third person. Connexion data received by using cookies, if any, are only handled anonymously \u00a0for the purpose of web analytics and\/or for an easy access to the site. <a>(Click here to refuse the cookies of web analytics)<\/a>. According to the French law\u00a078-17 dated on January, 6 \u00a01978 (modified by the law dated on\u00a0August 6 2004) related to the data processing, the files\u00a0and the liberties, you have an access right for modifying, correcting and deleting your data. This right may be used by sending us an email to c.maure@lrf.fr, or a mail to La Repr\u00e9sentation Fiscale &#8211; 21, rue du Midi \u2013 92200 Neuilly-sur-Seine.<\/p>\n<h5><\/h5>\n<h5><strong><span style=\"color: #800000;\">CONDITIONS for using the SITE :<\/span><\/strong><\/h5>\n<p>The information published on this website is not an opinion or an answer related to the questions or to the context met by the user. This latter is the sole person responsible when using the information containing on this site. This information may be updated or changed without any notice, La Repr\u00e9sentation Fiscale refuse any responsabilty in case of any delay, mistake or omission for this information. More generally,Plus g\u00e9n\u00e9ralement, La Repr\u00e9sentation Fiscale refuse any responsabilty for\u00a0direct or indirect damages of all types \u00a0r\u00e9sulting from the access to the site, for using its content or publication of its content via the site. Any \u00a0partial or full reproduction of graphic elements \u00a0and site content is completely forbidden without any prior agreement from La Repr\u00e9sentation Fiscale since the author would be exposed to legal actions.<\/p>\n<p>&nbsp;<\/p>\n                    <\/div>\r\n            \r\n        <section class=\"gravity-section\" style=\"height:autopx;\">\r\n                                <div class=\"gravity-section-background\"  style=\"background-color: #dd9933;\">\r\n                    <\/div>\r\n            \r\n    <div class=\"gravity-section-content\"><div class=\"google-map\" data-lat=\"48.8802626\" data-lng=\"2.2773509\" data-zoom=\"15\" data-title=\"localisation\" data-height=\"300\" data-color=\"\" data-saturation=\"-100\"><\/div>\n<\/div>\n                            \r\n        <\/section><!-- .gravity-section -->\r\n                    <div class=\"container\">\r\n                \r\n    <\/p>","protected":false},"excerpt":{"rendered":"<p>LEGAL notice, personal data\u00a0and conditions for using the SITE LEGAL notice : Website publisher : La Repr\u00e9sentation Fiscale 21, rue du Midi 92200 Neuilly sur Seine Phone : + 33 (0)1 46 37 59 79 RCS Nanterre 632 009 122 Publication director : Corinne Maure Web host: OVH Iconography :\u00a0shutterstock.com PERSONal data : The\u00a0contact data [&hellip;]<\/p>\n","protected":false},"author":1,"featured_media":0,"parent":0,"menu_order":0,"comment_status":"closed","ping_status":"closed","template":"","meta":{"footnotes":""},"class_list":["post-27","page","type-page","status-publish","hentry"],"_links":{"self":[{"href":"https:\/\/www.lrf.fr\/en\/wp-json\/wp\/v2\/pages\/27","targetHints":{"allow":["GET"]}}],"collection":[{"href":"https:\/\/www.lrf.fr\/en\/wp-json\/wp\/v2\/pages"}],"about":[{"href":"https:\/\/www.lrf.fr\/en\/wp-json\/wp\/v2\/types\/page"}],"author":[{"embeddable":true,"href":"https:\/\/www.lrf.fr\/en\/wp-json\/wp\/v2\/users\/1"}],"replies":[{"embeddable":true,"href":"https:\/\/www.lrf.fr\/en\/wp-json\/wp\/v2\/comments?post=27"}],"version-history":[{"count":11,"href":"https:\/\/www.lrf.fr\/en\/wp-json\/wp\/v2\/pages\/27\/revisions"}],"predecessor-version":[{"id":2057,"href":"https:\/\/www.lrf.fr\/en\/wp-json\/wp\/v2\/pages\/27\/revisions\/2057"}],"wp:attachment":[{"href":"https:\/\/www.lrf.fr\/en\/wp-json\/wp\/v2\/media?parent=27"}],"curies":[{"name":"wp","href":"https:\/\/api.w.org\/{rel}","templated":true}]}}