


{"id":2410,"date":"2018-11-09T18:28:39","date_gmt":"2018-11-09T17:28:39","guid":{"rendered":"http:\/\/www.lrf.fr\/?page_id=2410"},"modified":"2019-07-09T10:56:13","modified_gmt":"2019-07-09T08:56:13","slug":"declaration-prelevement-a-source-de-limpot-revenu","status":"publish","type":"page","link":"https:\/\/www.lrf.fr\/en\/our-services\/payment-of-the-witholding-income-tax\/","title":{"rendered":"Payment of the witholding income tax"},"content":{"rendered":"<p>&nbsp;<\/p>\n<p style=\"text-align: left;\">                    <\/div>\r\n            \r\n        <section class=\"gravity-section\" style=\"height:autopx;\">\r\n                                <div class=\"gravity-section-background\"  style=\"background-color: #FFFFFF;\">\r\n                    <\/div>\r\n            \r\n    <div class=\"gravity-section-content\"><p style=\"text-align: left;\"><img loading=\"lazy\" decoding=\"async\" class=\"size-medium wp-image-2422 aligncenter\" src=\"http:\/\/www.lrf.fr\/wp-content\/uploads\/2018\/11\/pr\u00e9l\u00e8vement-\u00e0-la-source.jpg\" alt=\"pr\u00e9l\u00e8vement \u00e0 la source\" width=\"660\" height=\"281\" srcset=\"https:\/\/www.lrf.fr\/wp-content\/uploads\/2018\/11\/pr\u00e9l\u00e8vement-\u00e0-la-source.jpg 660w, https:\/\/www.lrf.fr\/wp-content\/uploads\/2018\/11\/pr\u00e9l\u00e8vement-\u00e0-la-source-300x128.jpg 300w\" sizes=\"auto, (max-width: 660px) 100vw, 660px\" \/><\/p>\n<p style=\"text-align: left;\">\n<\/div>\n                            \r\n        <\/section><!-- .gravity-section -->\r\n                    <div class=\"container\">\r\n                \r\n    \n<h4 style=\"text-align: left;\"><\/h4>\n<h4 style=\"text-align: left;\">YOU POST OR EMPLOY STAFF IN FRANCE<\/h4>\n<h4 style=\"margin-top: 50px;\">WHAT CAN WE <span style=\"color: #800000;\">DO FOR YOU ?<\/span><\/h4>\n<p><span style=\"color: #800000;\"><span style=\"color: #333333;\">We ensure the role of<\/span><\/span><span style=\"color: #800000;\"><strong>\u00a0CERTIFIED TAX REPRESENTATIVE<\/strong>\u00a0\u00a0<\/span>of companies established outside the European Union (EU) who are liable for the payment of the withholding income tax to their employeees who are fiscal resident in France, or non resident. We also act as a tax agent for companies established in the EU ;<\/p>\n<p><strong><span style=\"color: #800000;\">WE VALIDATE THE PROCEDURE TO BE FOLLOWED<\/span><span style=\"color: #800000;\">\u00a0<\/span><\/strong>according to the place of the tax residence of the employees and the place of their subjection to social security in France or in their country of origin, ;<\/p>\n<p>In the scope of the withholding tax payment,<span style=\"color: #800000;\"><strong>\u00a0WE WORK IN COORDINATION WITH THE ACCOUNTING FIRM<\/strong><\/span>\u00a0responsible for the preparation of payrolls, social declarations registration of your employees which are posted or employed in France ;<\/p>\n<p><span style=\"color: #333333;\">We\u00a0<\/span><strong><span style=\"color: #800000;\">OFFER A DEDICATED SEPA BANK ACCOUNT\u00a0<\/span><\/strong>on which the levy tax will be withheld by the French tax adminitration. We will create a space &#8220;Professional&#8221; on the administration&#8217;s website in order to register the bank account ;<\/p>\n<a href=\"\/your-activities\/posting-employment-of-employees-resident-in-france\/\" class=\"btn btn-theme btn-small\">Learn More<\/a>\n<p>&nbsp;<\/p>\n<p style=\"text-align: center;\"><strong>Do not hesitate to contact us for assistance !<\/strong><\/p>\n<p style=\"text-align: center; margin-bottom: 50px;\"><a href=\"http:\/\/www.lrf.fr\/en\/contact-us\/\" class=\"btn btn-theme btn-small\">Contact-us<\/a>\n<p style=\"text-align: center;\"><div style=\"height: 40px\"><\/div>\n                    <\/div>\r\n            \r\n        <section class=\"gravity-section\" style=\"height:autopx;\">\r\n                                <div class=\"gravity-section-background\"  style=\"background-color: #dd9933;\">\r\n                    <\/div>\r\n            \r\n    <div class=\"gravity-section-content\"><div class=\"google-map\" data-lat=\"48.8802626\" data-lng=\"2.2773509\" data-zoom=\"15\" data-title=\"localisation\" data-height=\"300\" data-color=\"\" data-saturation=\"-100\"><\/div>\n<\/div>\n                            \r\n        <\/section><!-- .gravity-section -->\r\n                    <div class=\"container\">\r\n                \r\n    <\/p>","protected":false},"excerpt":{"rendered":"<p>&nbsp; YOU POST OR EMPLOY STAFF IN FRANCE WHAT CAN WE DO FOR YOU ? We ensure the role of\u00a0CERTIFIED TAX REPRESENTATIVE\u00a0\u00a0of companies established outside the European Union (EU) who are liable for the payment of the withholding income tax to their employeees who are fiscal resident in France, or non resident. We also act [&hellip;]<\/p>\n","protected":false},"author":2,"featured_media":0,"parent":12,"menu_order":0,"comment_status":"closed","ping_status":"closed","template":"","meta":{"footnotes":""},"class_list":["post-2410","page","type-page","status-publish","hentry"],"_links":{"self":[{"href":"https:\/\/www.lrf.fr\/en\/wp-json\/wp\/v2\/pages\/2410","targetHints":{"allow":["GET"]}}],"collection":[{"href":"https:\/\/www.lrf.fr\/en\/wp-json\/wp\/v2\/pages"}],"about":[{"href":"https:\/\/www.lrf.fr\/en\/wp-json\/wp\/v2\/types\/page"}],"author":[{"embeddable":true,"href":"https:\/\/www.lrf.fr\/en\/wp-json\/wp\/v2\/users\/2"}],"replies":[{"embeddable":true,"href":"https:\/\/www.lrf.fr\/en\/wp-json\/wp\/v2\/comments?post=2410"}],"version-history":[{"count":15,"href":"https:\/\/www.lrf.fr\/en\/wp-json\/wp\/v2\/pages\/2410\/revisions"}],"predecessor-version":[{"id":2765,"href":"https:\/\/www.lrf.fr\/en\/wp-json\/wp\/v2\/pages\/2410\/revisions\/2765"}],"up":[{"embeddable":true,"href":"https:\/\/www.lrf.fr\/en\/wp-json\/wp\/v2\/pages\/12"}],"wp:attachment":[{"href":"https:\/\/www.lrf.fr\/en\/wp-json\/wp\/v2\/media?parent=2410"}],"curies":[{"name":"wp","href":"https:\/\/api.w.org\/{rel}","templated":true}]}}